{"id":62651,"date":"2026-04-13T10:27:07","date_gmt":"2026-04-13T13:27:07","guid":{"rendered":"https:\/\/proad.ufpr.br\/ru\/?page_id=62651"},"modified":"2026-04-13T11:55:25","modified_gmt":"2026-04-13T14:55:25","slug":"ru-mirassol-2026","status":"publish","type":"page","link":"https:\/\/proad.ufpr.br\/ru\/ru-mirassol-2026\/","title":{"rendered":"RU Mirassol 2026"},"content":{"rendered":"\n<p>Quantitativo de refei\u00e7\u00f5es servidas<\/p>\n\n\n\n<figure class=\"wp-block-table\"><table class=\"has-fixed-layout\"><tbody><tr><td colspan=\"5\">Quantitativos Mirassol 2026<\/td><\/tr><tr><td><\/td><td>Caf\u00e9<\/td><td>Almo\u00e7o<\/td><td>Jantar<\/td><td>Total<\/td><\/tr><tr><td>Janeiro<\/td><td>96<\/td><td>597<\/td><td>469<\/td><td>1162<\/td><\/tr><tr><td>Fevereiro<\/td><td>147<\/td><td>774<\/td><td>524<\/td><td>1445<\/td><\/tr><tr><td>Mar\u00e7o<\/td><td>282<\/td><td>1640<\/td><td>1163<\/td><td>3085<\/td><\/tr><tr><td>Abril<\/td><td><\/td><td><\/td><td><\/td><td>0<\/td><\/tr><tr><td>Maio<\/td><td><\/td><td><\/td><td><\/td><td>0<\/td><\/tr><tr><td>Junho<\/td><td><\/td><td><\/td><td><\/td><td>0<\/td><\/tr><tr><td>Julho<\/td><td><\/td><td><\/td><td><\/td><td>0<\/td><\/tr><tr><td>Agosto<\/td><td><\/td><td><\/td><td><\/td><td>0<\/td><\/tr><tr><td>Setembro<\/td><td><\/td><td><\/td><td><\/td><td>0<\/td><\/tr><tr><td>Outubro<\/td><td><\/td><td><\/td><td><\/td><td>0<\/td><\/tr><tr><td>Novembro<\/td><td><\/td><td><\/td><td><\/td><td>0<\/td><\/tr><tr><td>Dezembro<\/td><td><\/td><td><\/td><td><\/td><td>0<\/td><\/tr><tr><td>TOTAL<\/td><td>525<\/td><td>3011<\/td><td>2156<\/td><td>5692<\/td><\/tr><\/tbody><\/table><\/figure>\n","protected":false},"excerpt":{"rendered":"<p>Quantitativo de refei\u00e7\u00f5es servidas Quantitativos Mirassol 2026 Caf\u00e9 Almo\u00e7o Jantar Total Janeiro 96 597 469 1162 Fevereiro 147 774 524 1445 Mar\u00e7o 282 1640 1163 3085 Abril 0 Maio 0 Junho 0 Julho 0 Agosto 0 Setembro 0 Outubro 0 Novembro 0 Dezembro 0 TOTAL 525 3011 2156 5692<\/p>\n","protected":false},"author":1881,"featured_media":0,"parent":0,"menu_order":0,"comment_status":"closed","ping_status":"closed","template":"","meta":{"ngg_post_thumbnail":0,"footnotes":""},"class_list":["post-62651","page","type-page","status-publish","hentry"],"_links":{"self":[{"href":"https:\/\/proad.ufpr.br\/ru\/wp-json\/wp\/v2\/pages\/62651","targetHints":{"allow":["GET"]}}],"collection":[{"href":"https:\/\/proad.ufpr.br\/ru\/wp-json\/wp\/v2\/pages"}],"about":[{"href":"https:\/\/proad.ufpr.br\/ru\/wp-json\/wp\/v2\/types\/page"}],"author":[{"embeddable":true,"href":"https:\/\/proad.ufpr.br\/ru\/wp-json\/wp\/v2\/users\/1881"}],"replies":[{"embeddable":true,"href":"https:\/\/proad.ufpr.br\/ru\/wp-json\/wp\/v2\/comments?post=62651"}],"version-history":[{"count":3,"href":"https:\/\/proad.ufpr.br\/ru\/wp-json\/wp\/v2\/pages\/62651\/revisions"}],"predecessor-version":[{"id":62689,"href":"https:\/\/proad.ufpr.br\/ru\/wp-json\/wp\/v2\/pages\/62651\/revisions\/62689"}],"wp:attachment":[{"href":"https:\/\/proad.ufpr.br\/ru\/wp-json\/wp\/v2\/media?parent=62651"}],"curies":[{"name":"wp","href":"https:\/\/api.w.org\/{rel}","templated":true}]}}