{"id":62647,"date":"2026-04-13T10:26:49","date_gmt":"2026-04-13T13:26:49","guid":{"rendered":"https:\/\/proad.ufpr.br\/ru\/?page_id=62647"},"modified":"2026-04-13T11:53:19","modified_gmt":"2026-04-13T14:53:19","slug":"ru-cem-2026","status":"publish","type":"page","link":"https:\/\/proad.ufpr.br\/ru\/ru-cem-2026\/","title":{"rendered":"RU CEM 2026"},"content":{"rendered":"\n<p>Quantitativo de refei\u00e7\u00f5es servidas<\/p>\n\n\n\n<p><\/p>\n\n\n\n<figure class=\"wp-block-table\"><table class=\"has-fixed-layout\"><tbody><tr><td colspan=\"5\">Quantitativos CEM 2026<\/td><\/tr><tr><td><\/td><td>Caf\u00e9<\/td><td>Almo\u00e7o<\/td><td>Jantar<\/td><td>Total<\/td><\/tr><tr><td>Janeiro<\/td><td>224<\/td><td>911<\/td><td>551<\/td><td>1686<\/td><\/tr><tr><td>Fevereiro<\/td><td>274<\/td><td>1129<\/td><td>578<\/td><td>1981<\/td><\/tr><tr><td>Mar\u00e7o<\/td><td>933<\/td><td>3323<\/td><td>1531<\/td><td>5787<\/td><\/tr><tr><td>Abril<\/td><td><\/td><td><\/td><td><\/td><td>0<\/td><\/tr><tr><td>Maio<\/td><td><\/td><td><\/td><td><\/td><td>0<\/td><\/tr><tr><td>Junho<\/td><td><\/td><td><\/td><td><\/td><td>0<\/td><\/tr><tr><td>Julho<\/td><td><\/td><td><\/td><td><\/td><td>0<\/td><\/tr><tr><td>Agosto<\/td><td><\/td><td><\/td><td><\/td><td>0<\/td><\/tr><tr><td>Setembro<\/td><td><\/td><td><\/td><td><\/td><td>0<\/td><\/tr><tr><td>Outubro<\/td><td><\/td><td><\/td><td><\/td><td>0<\/td><\/tr><tr><td>Novembro<\/td><td><\/td><td><\/td><td><\/td><td>0<\/td><\/tr><tr><td>Dezembro<\/td><td><\/td><td><\/td><td><\/td><td>0<\/td><\/tr><tr><td>TOTAL<\/td><td>1431<\/td><td>5363<\/td><td>2660<\/td><td>9454<\/td><\/tr><\/tbody><\/table><\/figure>\n","protected":false},"excerpt":{"rendered":"<p>Quantitativo de refei\u00e7\u00f5es servidas Quantitativos CEM 2026 Caf\u00e9 Almo\u00e7o Jantar Total Janeiro 224 911 551 1686 Fevereiro 274 1129 578 1981 Mar\u00e7o 933 3323 1531 5787 Abril 0 Maio 0 Junho 0 Julho 0 Agosto 0 Setembro 0 Outubro 0 Novembro 0 Dezembro 0 TOTAL 1431 5363 2660 9454<\/p>\n","protected":false},"author":1881,"featured_media":0,"parent":0,"menu_order":0,"comment_status":"closed","ping_status":"closed","template":"","meta":{"ngg_post_thumbnail":0,"footnotes":""},"class_list":["post-62647","page","type-page","status-publish","hentry"],"_links":{"self":[{"href":"https:\/\/proad.ufpr.br\/ru\/wp-json\/wp\/v2\/pages\/62647","targetHints":{"allow":["GET"]}}],"collection":[{"href":"https:\/\/proad.ufpr.br\/ru\/wp-json\/wp\/v2\/pages"}],"about":[{"href":"https:\/\/proad.ufpr.br\/ru\/wp-json\/wp\/v2\/types\/page"}],"author":[{"embeddable":true,"href":"https:\/\/proad.ufpr.br\/ru\/wp-json\/wp\/v2\/users\/1881"}],"replies":[{"embeddable":true,"href":"https:\/\/proad.ufpr.br\/ru\/wp-json\/wp\/v2\/comments?post=62647"}],"version-history":[{"count":2,"href":"https:\/\/proad.ufpr.br\/ru\/wp-json\/wp\/v2\/pages\/62647\/revisions"}],"predecessor-version":[{"id":62682,"href":"https:\/\/proad.ufpr.br\/ru\/wp-json\/wp\/v2\/pages\/62647\/revisions\/62682"}],"wp:attachment":[{"href":"https:\/\/proad.ufpr.br\/ru\/wp-json\/wp\/v2\/media?parent=62647"}],"curies":[{"name":"wp","href":"https:\/\/api.w.org\/{rel}","templated":true}]}}