{"id":62644,"date":"2026-04-13T10:26:34","date_gmt":"2026-04-13T13:26:34","guid":{"rendered":"https:\/\/proad.ufpr.br\/ru\/?page_id=62644"},"modified":"2026-04-13T11:51:43","modified_gmt":"2026-04-13T14:51:43","slug":"ru-matinhos-2026","status":"publish","type":"page","link":"https:\/\/proad.ufpr.br\/ru\/ru-matinhos-2026\/","title":{"rendered":"RU Matinhos 2026"},"content":{"rendered":"\n<p>Quantitativo de refei\u00e7\u00f5es servidas<\/p>\n\n\n\n<p><\/p>\n\n\n\n<figure class=\"wp-block-table\"><table class=\"has-fixed-layout\"><tbody><tr><td colspan=\"5\">Quantitativos Matinhos 2026<\/td><\/tr><tr><td><\/td><td>Caf\u00e9<\/td><td>Almo\u00e7o<\/td><td>Jantar<\/td><td>Total<\/td><\/tr><tr><td>Janeiro<\/td><td>385<\/td><td>1938<\/td><td>881<\/td><td>3204<\/td><\/tr><tr><td>Fevereiro<\/td><td>368<\/td><td>1912<\/td><td>821<\/td><td>3101<\/td><\/tr><tr><td>Mar\u00e7o<\/td><td>1953<\/td><td>5678<\/td><td>5043<\/td><td>12674<\/td><\/tr><tr><td>Abril<\/td><td><\/td><td><\/td><td><\/td><td>0<\/td><\/tr><tr><td>Maio<\/td><td><\/td><td><\/td><td><\/td><td>0<\/td><\/tr><tr><td>Junho<\/td><td><\/td><td><\/td><td><\/td><td>0<\/td><\/tr><tr><td>Julho<\/td><td><\/td><td><\/td><td><\/td><td>0<\/td><\/tr><tr><td>Agosto<\/td><td><\/td><td><\/td><td><\/td><td>0<\/td><\/tr><tr><td>Setembro<\/td><td><\/td><td><\/td><td><\/td><td>0<\/td><\/tr><tr><td>Outubro<\/td><td><\/td><td><\/td><td><\/td><td>0<\/td><\/tr><tr><td>Novembro<\/td><td><\/td><td><\/td><td><\/td><td>0<\/td><\/tr><tr><td>Dezembro<\/td><td><\/td><td><\/td><td><\/td><td>0<\/td><\/tr><tr><td>TOTAL<\/td><td>2706<\/td><td>9528<\/td><td>6745<\/td><td>18979<\/td><\/tr><\/tbody><\/table><\/figure>\n","protected":false},"excerpt":{"rendered":"<p>Quantitativo de refei\u00e7\u00f5es servidas Quantitativos Matinhos 2026 Caf\u00e9 Almo\u00e7o Jantar Total Janeiro 385 1938 881 3204 Fevereiro 368 1912 821 3101 Mar\u00e7o 1953 5678 5043 12674 Abril 0 Maio 0 Junho 0 Julho 0 Agosto 0 Setembro 0 Outubro 0 Novembro 0 Dezembro 0 TOTAL 2706 9528 6745 18979<\/p>\n","protected":false},"author":1881,"featured_media":0,"parent":0,"menu_order":0,"comment_status":"closed","ping_status":"closed","template":"","meta":{"ngg_post_thumbnail":0,"footnotes":""},"class_list":["post-62644","page","type-page","status-publish","hentry"],"_links":{"self":[{"href":"https:\/\/proad.ufpr.br\/ru\/wp-json\/wp\/v2\/pages\/62644","targetHints":{"allow":["GET"]}}],"collection":[{"href":"https:\/\/proad.ufpr.br\/ru\/wp-json\/wp\/v2\/pages"}],"about":[{"href":"https:\/\/proad.ufpr.br\/ru\/wp-json\/wp\/v2\/types\/page"}],"author":[{"embeddable":true,"href":"https:\/\/proad.ufpr.br\/ru\/wp-json\/wp\/v2\/users\/1881"}],"replies":[{"embeddable":true,"href":"https:\/\/proad.ufpr.br\/ru\/wp-json\/wp\/v2\/comments?post=62644"}],"version-history":[{"count":2,"href":"https:\/\/proad.ufpr.br\/ru\/wp-json\/wp\/v2\/pages\/62644\/revisions"}],"predecessor-version":[{"id":62679,"href":"https:\/\/proad.ufpr.br\/ru\/wp-json\/wp\/v2\/pages\/62644\/revisions\/62679"}],"wp:attachment":[{"href":"https:\/\/proad.ufpr.br\/ru\/wp-json\/wp\/v2\/media?parent=62644"}],"curies":[{"name":"wp","href":"https:\/\/api.w.org\/{rel}","templated":true}]}}