{"id":62639,"date":"2026-04-13T10:26:20","date_gmt":"2026-04-13T13:26:20","guid":{"rendered":"https:\/\/proad.ufpr.br\/ru\/?page_id=62639"},"modified":"2026-04-13T11:49:05","modified_gmt":"2026-04-13T14:49:05","slug":"ru-jandaia-2026","status":"publish","type":"page","link":"https:\/\/proad.ufpr.br\/ru\/ru-jandaia-2026\/","title":{"rendered":"RU Jandaia 2026"},"content":{"rendered":"\n<p>Quantitativo de refei\u00e7\u00f5es servidas<\/p>\n\n\n\n<figure class=\"wp-block-table\"><table class=\"has-fixed-layout\"><tbody><tr><td colspan=\"5\">Quantitativos Jandaia 2026<\/td><\/tr><tr><td><\/td><td>Caf\u00e9<\/td><td>Almo\u00e7o<\/td><td>Jantar<\/td><td>Total<\/td><\/tr><tr><td>Janeiro<\/td><td>75<\/td><td>384<\/td><td>227<\/td><td>686<\/td><\/tr><tr><td>Fevereiro<\/td><td>272<\/td><td>1006<\/td><td>569<\/td><td>1847<\/td><\/tr><tr><td>Mar\u00e7o<\/td><td>810<\/td><td>3236<\/td><td>1867<\/td><td>5913<\/td><\/tr><tr><td>Abril<\/td><td><\/td><td><\/td><td><\/td><td>0<\/td><\/tr><tr><td>Maio<\/td><td><\/td><td><\/td><td><\/td><td>0<\/td><\/tr><tr><td>Junho<\/td><td><\/td><td><\/td><td><\/td><td>0<\/td><\/tr><tr><td>Julho<\/td><td><\/td><td><\/td><td><\/td><td>0<\/td><\/tr><tr><td>Agosto<\/td><td><\/td><td><\/td><td><\/td><td>0<\/td><\/tr><tr><td>Setembro<\/td><td><\/td><td><\/td><td><\/td><td>0<\/td><\/tr><tr><td>Outubro<\/td><td><\/td><td><\/td><td><\/td><td>0<\/td><\/tr><tr><td>Novembro<\/td><td><\/td><td><\/td><td><\/td><td>0<\/td><\/tr><tr><td>Dezembro<\/td><td><\/td><td><\/td><td><\/td><td>0<\/td><\/tr><tr><td>TOTAL<\/td><td>1157<\/td><td>4626<\/td><td>2663<\/td><td>8446<\/td><\/tr><\/tbody><\/table><\/figure>\n","protected":false},"excerpt":{"rendered":"<p>Quantitativo de refei\u00e7\u00f5es servidas Quantitativos Jandaia 2026 Caf\u00e9 Almo\u00e7o Jantar Total Janeiro 75 384 227 686 Fevereiro 272 1006 569 1847 Mar\u00e7o 810 3236 1867 5913 Abril 0 Maio 0 Junho 0 Julho 0 Agosto 0 Setembro 0 Outubro 0 Novembro 0 Dezembro 0 TOTAL 1157 4626 2663 8446<\/p>\n","protected":false},"author":1881,"featured_media":0,"parent":0,"menu_order":0,"comment_status":"closed","ping_status":"closed","template":"","meta":{"ngg_post_thumbnail":0,"footnotes":""},"class_list":["post-62639","page","type-page","status-publish","hentry"],"_links":{"self":[{"href":"https:\/\/proad.ufpr.br\/ru\/wp-json\/wp\/v2\/pages\/62639","targetHints":{"allow":["GET"]}}],"collection":[{"href":"https:\/\/proad.ufpr.br\/ru\/wp-json\/wp\/v2\/pages"}],"about":[{"href":"https:\/\/proad.ufpr.br\/ru\/wp-json\/wp\/v2\/types\/page"}],"author":[{"embeddable":true,"href":"https:\/\/proad.ufpr.br\/ru\/wp-json\/wp\/v2\/users\/1881"}],"replies":[{"embeddable":true,"href":"https:\/\/proad.ufpr.br\/ru\/wp-json\/wp\/v2\/comments?post=62639"}],"version-history":[{"count":3,"href":"https:\/\/proad.ufpr.br\/ru\/wp-json\/wp\/v2\/pages\/62639\/revisions"}],"predecessor-version":[{"id":62676,"href":"https:\/\/proad.ufpr.br\/ru\/wp-json\/wp\/v2\/pages\/62639\/revisions\/62676"}],"wp:attachment":[{"href":"https:\/\/proad.ufpr.br\/ru\/wp-json\/wp\/v2\/media?parent=62639"}],"curies":[{"name":"wp","href":"https:\/\/api.w.org\/{rel}","templated":true}]}}