{"id":62621,"date":"2026-04-13T10:23:10","date_gmt":"2026-04-13T13:23:10","guid":{"rendered":"https:\/\/proad.ufpr.br\/ru\/?page_id=62621"},"modified":"2026-04-13T10:36:48","modified_gmt":"2026-04-13T13:36:48","slug":"curitiba-2026","status":"publish","type":"page","link":"https:\/\/proad.ufpr.br\/ru\/curitiba-2026\/","title":{"rendered":"Curitiba 2026"},"content":{"rendered":"\n<p>Quantitativo de refei\u00e7\u00f5es Servidas &#8211; RU&#8217;s de Curitiba<\/p>\n\n\n\n<figure class=\"wp-block-table\"><table class=\"has-fixed-layout\"><tbody><tr><td colspan=\"5\"><strong>Quantitativos Agr\u00e1rias 2026<\/strong><\/td><\/tr><tr><td><\/td><td>Caf\u00e9<\/td><td>Almo\u00e7o<\/td><td>Jantar<\/td><td>Total<\/td><\/tr><tr><td>Janeiro<\/td><td>0<\/td><td>509<\/td><td>46<\/td><td>555<\/td><\/tr><tr><td>Fevereiro<\/td><td>1114<\/td><td>5643<\/td><td>1311<\/td><td>8068<\/td><\/tr><tr><td>Mar\u00e7o<\/td><td>3846<\/td><td>15916<\/td><td>3743<\/td><td>23505<\/td><\/tr><tr><td>Abril<\/td><td><\/td><td><\/td><td><\/td><td>0<\/td><\/tr><tr><td>Maio<\/td><td><\/td><td><\/td><td><\/td><td>0<\/td><\/tr><tr><td>Junho<\/td><td><\/td><td><\/td><td><\/td><td>0<\/td><\/tr><tr><td>Julho<\/td><td><\/td><td><\/td><td><\/td><td>0<\/td><\/tr><tr><td>Agosto<\/td><td><\/td><td><\/td><td><\/td><td>0<\/td><\/tr><tr><td>Setembro<\/td><td><\/td><td><\/td><td><\/td><td>0<\/td><\/tr><tr><td>Outubro<\/td><td><\/td><td><\/td><td><\/td><td>0<\/td><\/tr><tr><td>Novembro<\/td><td><\/td><td><\/td><td><\/td><td>0<\/td><\/tr><tr><td>Dezembro<\/td><td><\/td><td><\/td><td><\/td><td>0<\/td><\/tr><tr><td>TOTAL<\/td><td>4960<\/td><td>22068<\/td><td>5100<\/td><td>32128<\/td><\/tr><\/tbody><\/table><\/figure>\n\n\n\n<p><\/p>\n\n\n\n<figure class=\"wp-block-table\"><table class=\"has-fixed-layout\"><tbody><tr><td colspan=\"5\"><strong>Quantitativos Bot\u00e2nico 2026<\/strong><\/td><\/tr><tr><td><\/td><td>Caf\u00e9<\/td><td>Almo\u00e7o<\/td><td>Jantar<\/td><td>Total<\/td><\/tr><tr><td>Janeiro<\/td><td>0<\/td><td>0<\/td><td>0<\/td><td>0<\/td><\/tr><tr><td>Fevereiro<\/td><td>1580<\/td><td>8051<\/td><td>3300<\/td><td>12931<\/td><\/tr><tr><td>Mar\u00e7o<\/td><td>7344<\/td><td>35887<\/td><td>15756<\/td><td>58987<\/td><\/tr><tr><td>Abril<\/td><td><\/td><td><\/td><td><\/td><td>0<\/td><\/tr><tr><td>Maio<\/td><td><\/td><td><\/td><td><\/td><td>0<\/td><\/tr><tr><td>Junho<\/td><td><\/td><td><\/td><td><\/td><td>0<\/td><\/tr><tr><td>Julho<\/td><td><\/td><td><\/td><td><\/td><td>0<\/td><\/tr><tr><td>Agosto<\/td><td><\/td><td><\/td><td><\/td><td>0<\/td><\/tr><tr><td>Setembro<\/td><td><\/td><td><\/td><td><\/td><td>0<\/td><\/tr><tr><td>Outubro<\/td><td><\/td><td><\/td><td><\/td><td>0<\/td><\/tr><tr><td>Novembro<\/td><td><\/td><td><\/td><td><\/td><td>0<\/td><\/tr><tr><td>Dezembro<\/td><td><\/td><td><\/td><td><\/td><td>0<\/td><\/tr><tr><td>TOTAL<\/td><td>8924<\/td><td>43938<\/td><td>19056<\/td><td>71918<\/td><\/tr><\/tbody><\/table><\/figure>\n\n\n\n<figure class=\"wp-block-table\"><table class=\"has-fixed-layout\"><tbody><tr><td colspan=\"5\"><strong>Quantitativos Central 2026<\/strong><\/td><\/tr><tr><td><\/td><td>Caf\u00e9<\/td><td>Almo\u00e7o<\/td><td>Jantar<\/td><td>Total<\/td><\/tr><tr><td>Janeiro<\/td><td>1598<\/td><td>12692<\/td><td>6339<\/td><td>20629<\/td><\/tr><tr><td>Fevereiro<\/td><td>4136<\/td><td>23226<\/td><td>11648<\/td><td>39010<\/td><\/tr><tr><td>Mar\u00e7o<\/td><td>9188<\/td><td>41184<\/td><td>22061<\/td><td>72433<\/td><\/tr><tr><td>Abril<\/td><td><\/td><td><\/td><td><\/td><td>0<\/td><\/tr><tr><td>Maio<\/td><td><\/td><td><\/td><td><\/td><td>0<\/td><\/tr><tr><td>Junho<\/td><td><\/td><td><\/td><td><\/td><td>0<\/td><\/tr><tr><td>Julho<\/td><td><\/td><td><\/td><td><\/td><td>0<\/td><\/tr><tr><td>Agosto<\/td><td><\/td><td><\/td><td><\/td><td>0<\/td><\/tr><tr><td>Setembro<\/td><td><\/td><td><\/td><td><\/td><td>0<\/td><\/tr><tr><td>Outubro<\/td><td><\/td><td><\/td><td><\/td><td>0<\/td><\/tr><tr><td>Novembro<\/td><td><\/td><td><\/td><td><\/td><td>0<\/td><\/tr><tr><td>Dezembro<\/td><td><\/td><td><\/td><td><\/td><td>0<\/td><\/tr><tr><td>TOTAL<\/td><td>14922<\/td><td>77102<\/td><td>40048<\/td><td>132072<\/td><\/tr><\/tbody><\/table><\/figure>\n\n\n\n<figure class=\"wp-block-table\"><table class=\"has-fixed-layout\"><tbody><tr><td colspan=\"5\"><strong>Quantitativos Polit\u00e9cnico 2026<\/strong><\/td><\/tr><tr><td><\/td><td>Caf\u00e9<\/td><td>Almo\u00e7o<\/td><td>Jantar<\/td><td>Total<\/td><\/tr><tr><td>Janeiro<\/td><td>2275<\/td><td>14220<\/td><td>6666<\/td><td>23161<\/td><\/tr><tr><td>Fevereiro<\/td><td>5147<\/td><td>29327<\/td><td>11340<\/td><td>45814<\/td><\/tr><tr><td>Mar\u00e7o<\/td><td>15190<\/td><td>76710<\/td><td>31599<\/td><td>123499<\/td><\/tr><tr><td>Abril<\/td><td><\/td><td><\/td><td><\/td><td>0<\/td><\/tr><tr><td>Maio<\/td><td><\/td><td><\/td><td><\/td><td>0<\/td><\/tr><tr><td>Junho<\/td><td><\/td><td><\/td><td><\/td><td>0<\/td><\/tr><tr><td>Julho<\/td><td><\/td><td><\/td><td><\/td><td>0<\/td><\/tr><tr><td>Agosto<\/td><td><\/td><td><\/td><td><\/td><td>0<\/td><\/tr><tr><td>Setembro<\/td><td><\/td><td><\/td><td><\/td><td>0<\/td><\/tr><tr><td>Outubro<\/td><td><\/td><td><\/td><td><\/td><td>0<\/td><\/tr><tr><td>Novembro<\/td><td><\/td><td><\/td><td><\/td><td>0<\/td><\/tr><tr><td>Dezembro<\/td><td><\/td><td><\/td><td><\/td><td>0<\/td><\/tr><tr><td>TOTAL<\/td><td>22612<\/td><td>120257<\/td><td>49605<\/td><td>192474<\/td><\/tr><\/tbody><\/table><\/figure>\n\n\n\n<figure class=\"wp-block-table\"><table class=\"has-fixed-layout\"><tbody><tr><td colspan=\"5\"><strong>Quantitativo TOTAL CURITIBA\u00a0 2026<\/strong><\/td><\/tr><tr><td><\/td><td>Caf\u00e9<\/td><td>Almo\u00e7o<\/td><td>Jantar<\/td><td>Total<\/td><\/tr><tr><td>Janeiro<\/td><td>3873<\/td><td>27421<\/td><td>13051<\/td><td>44345<\/td><\/tr><tr><td>Fevereiro<\/td><td>11977<\/td><td>66247<\/td><td>27599<\/td><td>105823<\/td><\/tr><tr><td>Mar\u00e7o<\/td><td>35568<\/td><td>169697<\/td><td>73159<\/td><td>278424<\/td><\/tr><tr><td>Abril<\/td><td><\/td><td><\/td><td><\/td><td>0<\/td><\/tr><tr><td>Maio<\/td><td><\/td><td><\/td><td><\/td><td>0<\/td><\/tr><tr><td>Junho<\/td><td><\/td><td><\/td><td><\/td><td>0<\/td><\/tr><tr><td>Julho<\/td><td><\/td><td><\/td><td><\/td><td>0<\/td><\/tr><tr><td>Agosto<\/td><td><\/td><td><\/td><td><\/td><td>0<\/td><\/tr><tr><td>Setembro<\/td><td><\/td><td><\/td><td><\/td><td>0<\/td><\/tr><tr><td>Outubro<\/td><td><\/td><td><\/td><td><\/td><td>0<\/td><\/tr><tr><td>Novembro<\/td><td><\/td><td><\/td><td><\/td><td>0<\/td><\/tr><tr><td>Dezembro<\/td><td><\/td><td><\/td><td><\/td><td>0<\/td><\/tr><tr><td>TOTAL<\/td><td>51418<\/td><td>263365<\/td><td>113809<\/td><td>428592<\/td><\/tr><\/tbody><\/table><\/figure>\n\n\n\n<p><\/p>\n","protected":false},"excerpt":{"rendered":"<p>Quantitativo de refei\u00e7\u00f5es Servidas &#8211; RU&#8217;s de Curitiba Quantitativos Agr\u00e1rias 2026 Caf\u00e9 Almo\u00e7o Jantar Total Janeiro 0 509 46 555 Fevereiro 1114 5643 1311 8068 Mar\u00e7o 3846 15916 3743 23505 Abril 0 Maio 0 Junho 0 Julho 0 Agosto 0 Setembro 0 Outubro 0 Novembro 0 Dezembro 0 TOTAL 4960 22068 5100 32128 Quantitativos Bot\u00e2nico [&hellip;]<\/p>\n","protected":false},"author":1881,"featured_media":0,"parent":0,"menu_order":0,"comment_status":"closed","ping_status":"closed","template":"","meta":{"ngg_post_thumbnail":0,"footnotes":""},"class_list":["post-62621","page","type-page","status-publish","hentry"],"_links":{"self":[{"href":"https:\/\/proad.ufpr.br\/ru\/wp-json\/wp\/v2\/pages\/62621","targetHints":{"allow":["GET"]}}],"collection":[{"href":"https:\/\/proad.ufpr.br\/ru\/wp-json\/wp\/v2\/pages"}],"about":[{"href":"https:\/\/proad.ufpr.br\/ru\/wp-json\/wp\/v2\/types\/page"}],"author":[{"embeddable":true,"href":"https:\/\/proad.ufpr.br\/ru\/wp-json\/wp\/v2\/users\/1881"}],"replies":[{"embeddable":true,"href":"https:\/\/proad.ufpr.br\/ru\/wp-json\/wp\/v2\/comments?post=62621"}],"version-history":[{"count":3,"href":"https:\/\/proad.ufpr.br\/ru\/wp-json\/wp\/v2\/pages\/62621\/revisions"}],"predecessor-version":[{"id":62658,"href":"https:\/\/proad.ufpr.br\/ru\/wp-json\/wp\/v2\/pages\/62621\/revisions\/62658"}],"wp:attachment":[{"href":"https:\/\/proad.ufpr.br\/ru\/wp-json\/wp\/v2\/media?parent=62621"}],"curies":[{"name":"wp","href":"https:\/\/api.w.org\/{rel}","templated":true}]}}