{"id":61994,"date":"2025-08-13T15:19:56","date_gmt":"2025-08-13T18:19:56","guid":{"rendered":"https:\/\/proad.ufpr.br\/ru\/?page_id=61994"},"modified":"2025-08-13T15:21:21","modified_gmt":"2025-08-13T18:21:21","slug":"acoes-desenvolvidas-pelos-restaurantes-universitarios","status":"publish","type":"page","link":"https:\/\/proad.ufpr.br\/ru\/acoes-desenvolvidas-pelos-restaurantes-universitarios\/","title":{"rendered":"A\u00e7\u00f5es desenvolvidas pelos Restaurantes Universit\u00e1rios"},"content":{"rendered":"\n<div data-wp-interactive=\"core\/file\" class=\"wp-block-file\"><object data-wp-bind--hidden=\"!state.hasPdfPreview\" hidden class=\"wp-block-file__embed\" data=\"https:\/\/proad.ufpr.br\/ru\/files\/2025\/08\/Acoes-RUs-.pdf\" type=\"application\/pdf\" style=\"width:100%;height:600px\" aria-label=\"Incorporado de A\u00e7\u00f5es RUs.\"><\/object><a id=\"wp-block-file--media-907099fa-7e4d-4016-b2b9-c216bbf84893\" href=\"https:\/\/proad.ufpr.br\/ru\/files\/2025\/08\/Acoes-RUs-.pdf\">A\u00e7\u00f5es RUs<\/a><a href=\"https:\/\/proad.ufpr.br\/ru\/files\/2025\/08\/Acoes-RUs-.pdf\" class=\"wp-block-file__button wp-element-button\" download aria-describedby=\"wp-block-file--media-907099fa-7e4d-4016-b2b9-c216bbf84893\">Baixar<\/a><\/div>\n","protected":false},"excerpt":{"rendered":"","protected":false},"author":1881,"featured_media":0,"parent":0,"menu_order":0,"comment_status":"closed","ping_status":"closed","template":"","meta":{"ngg_post_thumbnail":0,"footnotes":""},"class_list":["post-61994","page","type-page","status-publish","hentry"],"_links":{"self":[{"href":"https:\/\/proad.ufpr.br\/ru\/wp-json\/wp\/v2\/pages\/61994","targetHints":{"allow":["GET"]}}],"collection":[{"href":"https:\/\/proad.ufpr.br\/ru\/wp-json\/wp\/v2\/pages"}],"about":[{"href":"https:\/\/proad.ufpr.br\/ru\/wp-json\/wp\/v2\/types\/page"}],"author":[{"embeddable":true,"href":"https:\/\/proad.ufpr.br\/ru\/wp-json\/wp\/v2\/users\/1881"}],"replies":[{"embeddable":true,"href":"https:\/\/proad.ufpr.br\/ru\/wp-json\/wp\/v2\/comments?post=61994"}],"version-history":[{"count":2,"href":"https:\/\/proad.ufpr.br\/ru\/wp-json\/wp\/v2\/pages\/61994\/revisions"}],"predecessor-version":[{"id":62004,"href":"https:\/\/proad.ufpr.br\/ru\/wp-json\/wp\/v2\/pages\/61994\/revisions\/62004"}],"wp:attachment":[{"href":"https:\/\/proad.ufpr.br\/ru\/wp-json\/wp\/v2\/media?parent=61994"}],"curies":[{"name":"wp","href":"https:\/\/api.w.org\/{rel}","templated":true}]}}