{"id":54014,"date":"2024-10-18T10:45:06","date_gmt":"2024-10-18T13:45:06","guid":{"rendered":"https:\/\/proad.ufpr.br\/ru\/?page_id=54014"},"modified":"2024-10-18T14:46:25","modified_gmt":"2024-10-18T17:46:25","slug":"sustentabilidade","status":"publish","type":"page","link":"https:\/\/proad.ufpr.br\/ru\/sustentabilidade\/","title":{"rendered":"Sustentabilidade nos RU&#8217;s"},"content":{"rendered":"\n<p>A produ\u00e7\u00e3o di\u00e1ria de alimentos nos RU&#8217;s da UFPR \u00e9 de aproximadamente 9 toneladas por dia. No ano de 2022 foram produzidas aproximadamente 2.280 toneladas de alimentos, e em 2023 aproximadamente 2.530 toneladas, com uma m\u00e9dia de 10% de desperd\u00edcio.<\/p>\n\n\n\n<p> Periodicamente, s\u00e3o realizadas campanhas de conscientiza\u00e7\u00e3o para que esse desperd\u00edcio seja reduzido.<\/p>\n\n\n\n<figure class=\"wp-block-image size-large\"><a href=\"https:\/\/proad.ufpr.br\/ru\/files\/2024\/10\/teste.jpg\"><img loading=\"lazy\" decoding=\"async\" width=\"768\" height=\"1024\" src=\"https:\/\/proad.ufpr.br\/ru\/files\/2024\/10\/teste-768x1024.jpg\" alt=\"\" class=\"wp-image-54057\" srcset=\"https:\/\/proad.ufpr.br\/ru\/files\/2024\/10\/teste-768x1024.jpg 768w, https:\/\/proad.ufpr.br\/ru\/files\/2024\/10\/teste-225x300.jpg 225w, https:\/\/proad.ufpr.br\/ru\/files\/2024\/10\/teste-1152x1536.jpg 1152w, https:\/\/proad.ufpr.br\/ru\/files\/2024\/10\/teste-1536x2048.jpg 1536w, https:\/\/proad.ufpr.br\/ru\/files\/2024\/10\/teste.jpg 1920w\" sizes=\"auto, (max-width: 768px) 100vw, 768px\" \/><\/a><\/figure>\n","protected":false},"excerpt":{"rendered":"<p>A produ\u00e7\u00e3o di\u00e1ria de alimentos nos RU&#8217;s da UFPR \u00e9 de aproximadamente 9 toneladas por dia. No ano de 2022 foram produzidas aproximadamente 2.280 toneladas de alimentos, e em 2023 aproximadamente 2.530 toneladas, com uma m\u00e9dia de 10% de desperd\u00edcio. Periodicamente, s\u00e3o realizadas campanhas de conscientiza\u00e7\u00e3o para que esse desperd\u00edcio seja reduzido.<\/p>\n","protected":false},"author":1881,"featured_media":0,"parent":0,"menu_order":0,"comment_status":"closed","ping_status":"closed","template":"","meta":{"ngg_post_thumbnail":0,"footnotes":""},"class_list":["post-54014","page","type-page","status-publish","hentry"],"_links":{"self":[{"href":"https:\/\/proad.ufpr.br\/ru\/wp-json\/wp\/v2\/pages\/54014","targetHints":{"allow":["GET"]}}],"collection":[{"href":"https:\/\/proad.ufpr.br\/ru\/wp-json\/wp\/v2\/pages"}],"about":[{"href":"https:\/\/proad.ufpr.br\/ru\/wp-json\/wp\/v2\/types\/page"}],"author":[{"embeddable":true,"href":"https:\/\/proad.ufpr.br\/ru\/wp-json\/wp\/v2\/users\/1881"}],"replies":[{"embeddable":true,"href":"https:\/\/proad.ufpr.br\/ru\/wp-json\/wp\/v2\/comments?post=54014"}],"version-history":[{"count":10,"href":"https:\/\/proad.ufpr.br\/ru\/wp-json\/wp\/v2\/pages\/54014\/revisions"}],"predecessor-version":[{"id":54086,"href":"https:\/\/proad.ufpr.br\/ru\/wp-json\/wp\/v2\/pages\/54014\/revisions\/54086"}],"wp:attachment":[{"href":"https:\/\/proad.ufpr.br\/ru\/wp-json\/wp\/v2\/media?parent=54014"}],"curies":[{"name":"wp","href":"https:\/\/api.w.org\/{rel}","templated":true}]}}