{"id":53272,"date":"2024-10-08T16:40:07","date_gmt":"2024-10-08T19:40:07","guid":{"rendered":"https:\/\/proad.ufpr.br\/ru\/?page_id=53272"},"modified":"2025-08-15T10:42:13","modified_gmt":"2025-08-15T13:42:13","slug":"processos-de-trabalho-documentos-e-manuais","status":"publish","type":"page","link":"https:\/\/proad.ufpr.br\/ru\/processos-de-trabalho-documentos-e-manuais\/","title":{"rendered":"Documentos e manuais"},"content":{"rendered":"\n<p><strong>DOCUMENTOS<\/strong><\/p>\n\n\n\n<ul class=\"wp-block-list\">\n<li><strong>Acesso aos Restaurantes Universit\u00e1rios:<\/strong><\/li>\n<\/ul>\n\n\n\n<p><a href=\"https:\/\/proad.ufpr.br\/ru\/files\/2024\/10\/Lista-RU-Padrao-sem-sistema-1-1.pdf\">Modelo: Lista f\u00edsica (sem sistema)<\/a><\/p>\n\n\n\n<p><\/p>\n\n\n\n<ul class=\"wp-block-list\">\n<li><strong>Avalia\u00e7\u00e3o dos Restaurantes Universit\u00e1rios:<\/strong><\/li>\n<\/ul>\n\n\n\n<p><a href=\"https:\/\/proad.ufpr.br\/ru\/files\/2024\/10\/ANEXO-G-Modelo-Formulario-de-Pesquisa-de-Satisfacao.pdf\">Modelo: Formul\u00e1rio Pesquisa de Satisfa\u00e7\u00e3o<\/a><\/p>\n\n\n\n<p><a href=\"https:\/\/proad.ufpr.br\/ru\/files\/2024\/10\/Relatorio-pesquisa.pdf\">Modelo: Relat\u00f3rio Pesquisa de Satisfa\u00e7\u00e3o<\/a><\/p>\n\n\n\n<p><\/p>\n\n\n\n<ul class=\"wp-block-list\">\n<li><strong>Cadastro tempor\u00e1rio de usu\u00e1rio dos Restaurantes Universit\u00e1rios:<\/strong><\/li>\n<\/ul>\n\n\n\n<p><a href=\"https:\/\/proad.ufpr.br\/ru\/files\/2024\/11\/Formulario-Cadastro.xlsx\">Formul\u00e1rio: Cadastro de participantes Eventos<\/a><\/p>\n\n\n\n<ul class=\"wp-block-list\">\n<li><strong>Faturamento de servi\u00e7o de refei\u00e7\u00e3o:<\/strong><\/li>\n<\/ul>\n\n\n\n<p><a href=\"https:\/\/proad.ufpr.br\/ru\/files\/2025\/08\/ANEXO-IV-MODELO.docx\">Anexo IV &#8211; Simples Nacional<\/a><\/p>\n\n\n\n<p><a href=\"https:\/\/proad.ufpr.br\/ru\/files\/2024\/10\/Declaracao-de-valores-a-receber-setembro-24.docx\">Declara\u00e7\u00e3o de Valores a Receber<\/a><\/p>\n\n\n\n<p><a href=\"https:\/\/proad.ufpr.br\/ru\/files\/2024\/10\/declaracao-de-valores-Setembro-c_IMR-1.docx\">Declara\u00e7\u00e3o de Valores a Receber &#8211; com IMR<\/a><\/p>\n\n\n\n<p><\/p>\n\n\n\n<ul class=\"wp-block-list\">\n<li><strong>Fiscaliza\u00e7\u00e3o de servi\u00e7o de nutri\u00e7\u00e3o:<\/strong><\/li>\n<\/ul>\n\n\n\n<p><a href=\"https:\/\/proad.ufpr.br\/ru\/files\/2024\/10\/ANEXO-H-IMR.pdf\">Modelo: Instrumento de Medi\u00e7\u00e3o de Resultados &#8211; IMR<\/a><\/p>\n\n\n\n<p><a href=\"https:\/\/proad.ufpr.br\/ru\/files\/2024\/10\/ANEXO-I-Lista-de-Verificacao-em-Boas-Praticas.pdf\">Modelo: Lista de Verifica\u00e7\u00e3o de Boas Pr\u00e1ticas<\/a><\/p>\n\n\n\n<p><a href=\"https:\/\/proad.ufpr.br\/ru\/files\/2024\/10\/ANEXO-J-Memoria-de-Calculo-da-Lista-de-Verificacao-de-Boas-Praticas.pdf\">Modelo: Mem\u00f3ria de c\u00e1lculo &#8220;Lista de verifica\u00e7\u00e3o em Boas Pr\u00e1ticas&#8221;<\/a><\/p>\n\n\n\n<p><\/p>\n\n\n\n<p><\/p>\n\n\n\n<p><strong>MANUAIS<\/strong><\/p>\n\n\n\n<ul class=\"wp-block-list\">\n<li><strong>Acesso aos Restaurantes Universit\u00e1rios:<\/strong><\/li>\n<\/ul>\n\n\n\n<p><a href=\"https:\/\/proad.ufpr.br\/ru\/files\/2025\/04\/Manual-de-Acesso-RU-.pdf\">Manual de Acesso aos RU&#8217;s<\/a><\/p>\n\n\n\n<ul class=\"wp-block-list\">\n<li><strong>Cobran\u00e7a de despesas de \u00e1gua e energia dos Restaurantes Universit\u00e1rios:<\/strong><\/li>\n<\/ul>\n\n\n\n<p><a href=\"https:\/\/proad.ufpr.br\/ru\/files\/2024\/10\/Manual-Energia-e-Agua-RUs.pdf\">Manual C\u00e1lculo Energia e \u00c1gua<\/a><\/p>\n\n\n\n<ul class=\"wp-block-list\">\n<li><strong>Faturamento de servi\u00e7o de refei\u00e7\u00e3o:<\/strong><\/li>\n<\/ul>\n\n\n\n<p><a href=\"https:\/\/proad.ufpr.br\/ru\/files\/2024\/10\/Manual-Faturamento-2024.pdf\">Manual de faturamento de refei\u00e7\u00f5es<\/a> (atualizando)<\/p>\n\n\n\n<ul class=\"wp-block-list\">\n<li><strong>Fiscaliza\u00e7\u00e3o de servi\u00e7o de nutri\u00e7\u00e3o:<\/strong><\/li>\n<\/ul>\n\n\n\n<p><a href=\"https:\/\/proad.ufpr.br\/ru\/files\/2024\/10\/Processos-RU-Fiscalizacao-de-Servico-de-Nutricao-3.pdf\">Manual Operacional de Fiscaliza\u00e7\u00e3o<\/a><\/p>\n\n\n\n<p><\/p>\n","protected":false},"excerpt":{"rendered":"<p>DOCUMENTOS Modelo: Lista f\u00edsica (sem sistema) Modelo: Formul\u00e1rio Pesquisa de Satisfa\u00e7\u00e3o Modelo: Relat\u00f3rio Pesquisa de Satisfa\u00e7\u00e3o Formul\u00e1rio: Cadastro de participantes Eventos Anexo IV &#8211; Simples Nacional Declara\u00e7\u00e3o de Valores a Receber Declara\u00e7\u00e3o de Valores a Receber &#8211; com IMR Modelo: Instrumento de Medi\u00e7\u00e3o de Resultados &#8211; IMR Modelo: Lista de Verifica\u00e7\u00e3o de Boas Pr\u00e1ticas Modelo: [&hellip;]<\/p>\n","protected":false},"author":1881,"featured_media":0,"parent":0,"menu_order":0,"comment_status":"closed","ping_status":"closed","template":"","meta":{"ngg_post_thumbnail":0,"footnotes":""},"class_list":["post-53272","page","type-page","status-publish","hentry"],"_links":{"self":[{"href":"https:\/\/proad.ufpr.br\/ru\/wp-json\/wp\/v2\/pages\/53272","targetHints":{"allow":["GET"]}}],"collection":[{"href":"https:\/\/proad.ufpr.br\/ru\/wp-json\/wp\/v2\/pages"}],"about":[{"href":"https:\/\/proad.ufpr.br\/ru\/wp-json\/wp\/v2\/types\/page"}],"author":[{"embeddable":true,"href":"https:\/\/proad.ufpr.br\/ru\/wp-json\/wp\/v2\/users\/1881"}],"replies":[{"embeddable":true,"href":"https:\/\/proad.ufpr.br\/ru\/wp-json\/wp\/v2\/comments?post=53272"}],"version-history":[{"count":23,"href":"https:\/\/proad.ufpr.br\/ru\/wp-json\/wp\/v2\/pages\/53272\/revisions"}],"predecessor-version":[{"id":62018,"href":"https:\/\/proad.ufpr.br\/ru\/wp-json\/wp\/v2\/pages\/53272\/revisions\/62018"}],"wp:attachment":[{"href":"https:\/\/proad.ufpr.br\/ru\/wp-json\/wp\/v2\/media?parent=53272"}],"curies":[{"name":"wp","href":"https:\/\/api.w.org\/{rel}","templated":true}]}}