{"id":53126,"date":"2024-10-07T17:18:04","date_gmt":"2024-10-07T20:18:04","guid":{"rendered":"https:\/\/proad.ufpr.br\/ru\/?page_id=53126"},"modified":"2025-06-27T13:58:03","modified_gmt":"2025-06-27T16:58:03","slug":"acordaos","status":"publish","type":"page","link":"https:\/\/proad.ufpr.br\/ru\/acordaos\/","title":{"rendered":"Ac\u00f3rd\u00e3os\/ Notas e Pareceres"},"content":{"rendered":"\n<p>AC\u00d3RD\u00c3OS<\/p>\n\n\n\n<p><a href=\"https:\/\/proad.ufpr.br\/ru\/files\/2024\/02\/Acordao-1464-de-2019-Plenario.pdf\">Acordao-1464-de-2019-Plenario<\/a><\/p>\n\n\n\n<p><a href=\"https:\/\/proad.ufpr.br\/ru\/files\/2025\/01\/Oficio_Circular_SEI-MEC_-_1650418.pdf\">Of\u00edcio Circular 01\/2019MEC<\/a><\/p>\n\n\n\n<p>NOTAS:<\/p>\n\n\n\n<p><a href=\"https:\/\/proad.ufpr.br\/ru\/files\/2025\/06\/NOTA_n._00042_2024_PROC_PFUFPR_PGF_AGU.pdf\">Nota n 00042\/2024<\/a> &#8211; CONSULTA E ORIENTA\u00c7\u00c3O DE ATUA\u00c7\u00c3O &#8211; OUTROS ASSUNTOS<\/p>\n\n\n\n<p><a href=\"https:\/\/proad.ufpr.br\/ru\/files\/2025\/05\/NOTA-n-00024-1.pdf\">Nota n 00024\/2025<\/a><\/p>\n\n\n\n<p>PARECERES<\/p>\n\n\n\n<p><a href=\"https:\/\/proad.ufpr.br\/ru\/files\/2025\/06\/PARECER_n._00197_2024_PROC_PFUFPR_PGF_AGU_e_anexo.pdf\">Parecer 00197\/2024<\/a> &#8211; SERVIDORES E EMPREGADOS TERCEIRIZADOS DA UFPR. RECEBIMENTO DE<br>ALIMENTA\u00c7\u00c3O SUBSIDIADA<\/p>\n\n\n\n<p><\/p>\n","protected":false},"excerpt":{"rendered":"<p>AC\u00d3RD\u00c3OS Acordao-1464-de-2019-Plenario Of\u00edcio Circular 01\/2019MEC NOTAS: Nota n 00042\/2024 &#8211; CONSULTA E ORIENTA\u00c7\u00c3O DE ATUA\u00c7\u00c3O &#8211; OUTROS ASSUNTOS Nota n 00024\/2025 PARECERES Parecer 00197\/2024 &#8211; SERVIDORES E EMPREGADOS TERCEIRIZADOS DA UFPR. RECEBIMENTO DEALIMENTA\u00c7\u00c3O SUBSIDIADA<\/p>\n","protected":false},"author":1881,"featured_media":0,"parent":0,"menu_order":0,"comment_status":"closed","ping_status":"closed","template":"","meta":{"ngg_post_thumbnail":0,"footnotes":""},"class_list":["post-53126","page","type-page","status-publish","hentry"],"_links":{"self":[{"href":"https:\/\/proad.ufpr.br\/ru\/wp-json\/wp\/v2\/pages\/53126","targetHints":{"allow":["GET"]}}],"collection":[{"href":"https:\/\/proad.ufpr.br\/ru\/wp-json\/wp\/v2\/pages"}],"about":[{"href":"https:\/\/proad.ufpr.br\/ru\/wp-json\/wp\/v2\/types\/page"}],"author":[{"embeddable":true,"href":"https:\/\/proad.ufpr.br\/ru\/wp-json\/wp\/v2\/users\/1881"}],"replies":[{"embeddable":true,"href":"https:\/\/proad.ufpr.br\/ru\/wp-json\/wp\/v2\/comments?post=53126"}],"version-history":[{"count":8,"href":"https:\/\/proad.ufpr.br\/ru\/wp-json\/wp\/v2\/pages\/53126\/revisions"}],"predecessor-version":[{"id":61907,"href":"https:\/\/proad.ufpr.br\/ru\/wp-json\/wp\/v2\/pages\/53126\/revisions\/61907"}],"wp:attachment":[{"href":"https:\/\/proad.ufpr.br\/ru\/wp-json\/wp\/v2\/media?parent=53126"}],"curies":[{"name":"wp","href":"https:\/\/api.w.org\/{rel}","templated":true}]}}