{"id":47173,"date":"2024-05-28T10:46:07","date_gmt":"2024-05-28T13:46:07","guid":{"rendered":"https:\/\/proad.ufpr.br\/ru\/?page_id=47173"},"modified":"2026-01-14T13:28:56","modified_gmt":"2026-01-14T16:28:56","slug":"dicas-de-nutricao","status":"publish","type":"page","link":"https:\/\/proad.ufpr.br\/ru\/dicas-de-nutricao\/","title":{"rendered":"Dicas de Nutri\u00e7\u00e3o"},"content":{"rendered":"\n<p>Aqui voc\u00ea encontra E-books elaborados pela Equipe de Nutri\u00e7\u00e3o da UFPR.<\/p>\n\n\n\n<p>Mais dicas de nutri\u00e7\u00e3o voc\u00ea pode encontrar no nosso Instagram.<\/p>\n\n\n\n<p> <img loading=\"lazy\" decoding=\"async\" width=\"1200\" height=\"1199\" class=\"wp-image-47178\" style=\"width: 30px\" src=\"https:\/\/proad.ufpr.br\/ru\/files\/2024\/05\/image.png\" alt=\"\" srcset=\"https:\/\/proad.ufpr.br\/ru\/files\/2024\/05\/image.png 1200w, https:\/\/proad.ufpr.br\/ru\/files\/2024\/05\/image-300x300.png 300w, https:\/\/proad.ufpr.br\/ru\/files\/2024\/05\/image-1024x1024.png 1024w, https:\/\/proad.ufpr.br\/ru\/files\/2024\/05\/image-150x150.png 150w, https:\/\/proad.ufpr.br\/ru\/files\/2024\/05\/image-768x767.png 768w\" sizes=\"auto, (max-width: 1200px) 100vw, 1200px\" \/> <a href=\"https:\/\/www.instagram.com\/ruufpr\/\">@ruufpr<\/a><\/p>\n\n\n\n<p><a href=\"https:\/\/acervodigital.ufpr.br\/handle\/1884\/83488\">E-book &#8220;Conversando sobre Alimenta\u00e7\u00e3o 2023&#8221;<\/a><\/p>\n\n\n\n<p><a href=\"https:\/\/proad.ufpr.br\/ru\/files\/2022\/07\/RU-Sustentavel.pdf\">Cartilha &#8220;Ru Sustent\u00e1vel&#8221;<\/a><\/p>\n\n\n\n<p><a href=\"https:\/\/proad.ufpr.br\/ru\/files\/2026\/01\/E-book-Alimentacao-saudavel-nas-ferias-2026.pdf\">Cartilha &#8220;Alimenta\u00e7\u00e3o saud\u00e1vel nas f\u00e9rias&#8221;<\/a><\/p>\n","protected":false},"excerpt":{"rendered":"<p>Aqui voc\u00ea encontra E-books elaborados pela Equipe de Nutri\u00e7\u00e3o da UFPR. Mais dicas de nutri\u00e7\u00e3o voc\u00ea pode encontrar no nosso Instagram. @ruufpr E-book &#8220;Conversando sobre Alimenta\u00e7\u00e3o 2023&#8221; Cartilha &#8220;Ru Sustent\u00e1vel&#8221; Cartilha &#8220;Alimenta\u00e7\u00e3o saud\u00e1vel nas f\u00e9rias&#8221;<\/p>\n","protected":false},"author":1848,"featured_media":0,"parent":0,"menu_order":0,"comment_status":"closed","ping_status":"closed","template":"","meta":{"ngg_post_thumbnail":0,"footnotes":""},"class_list":["post-47173","page","type-page","status-publish","hentry"],"_links":{"self":[{"href":"https:\/\/proad.ufpr.br\/ru\/wp-json\/wp\/v2\/pages\/47173","targetHints":{"allow":["GET"]}}],"collection":[{"href":"https:\/\/proad.ufpr.br\/ru\/wp-json\/wp\/v2\/pages"}],"about":[{"href":"https:\/\/proad.ufpr.br\/ru\/wp-json\/wp\/v2\/types\/page"}],"author":[{"embeddable":true,"href":"https:\/\/proad.ufpr.br\/ru\/wp-json\/wp\/v2\/users\/1848"}],"replies":[{"embeddable":true,"href":"https:\/\/proad.ufpr.br\/ru\/wp-json\/wp\/v2\/comments?post=47173"}],"version-history":[{"count":5,"href":"https:\/\/proad.ufpr.br\/ru\/wp-json\/wp\/v2\/pages\/47173\/revisions"}],"predecessor-version":[{"id":62329,"href":"https:\/\/proad.ufpr.br\/ru\/wp-json\/wp\/v2\/pages\/47173\/revisions\/62329"}],"wp:attachment":[{"href":"https:\/\/proad.ufpr.br\/ru\/wp-json\/wp\/v2\/media?parent=47173"}],"curies":[{"name":"wp","href":"https:\/\/api.w.org\/{rel}","templated":true}]}}