{"id":37,"date":"2011-02-23T13:07:09","date_gmt":"2011-02-23T13:07:09","guid":{"rendered":"https:\/\/proad.ufpr.br\/ru\/"},"modified":"2026-03-12T16:23:37","modified_gmt":"2026-03-12T19:23:37","slug":"unidades","status":"publish","type":"page","link":"https:\/\/proad.ufpr.br\/ru\/unidades\/","title":{"rendered":"Unidades do RU"},"content":{"rendered":"\n<figure class=\"wp-block-image size-full\"><a href=\"https:\/\/proad.ufpr.br\/ru\/files\/2024\/10\/logomarca_RU_colorida_horizontal-1024x254-1.jpg\"><img loading=\"lazy\" decoding=\"async\" width=\"1024\" height=\"254\" src=\"https:\/\/proad.ufpr.br\/ru\/files\/2024\/10\/logomarca_RU_colorida_horizontal-1024x254-1.jpg\" alt=\"\" class=\"wp-image-53254\" srcset=\"https:\/\/proad.ufpr.br\/ru\/files\/2024\/10\/logomarca_RU_colorida_horizontal-1024x254-1.jpg 1024w, https:\/\/proad.ufpr.br\/ru\/files\/2024\/10\/logomarca_RU_colorida_horizontal-1024x254-1-300x74.jpg 300w, https:\/\/proad.ufpr.br\/ru\/files\/2024\/10\/logomarca_RU_colorida_horizontal-1024x254-1-768x191.jpg 768w\" sizes=\"auto, (max-width: 1024px) 100vw, 1024px\" \/><\/a><\/figure>\n\n\n\n<p>As unidades s\u00e3o gerenciadas por empresa contratada atrav\u00e9s de preg\u00e3o eletr\u00f4nico para fornecimento de refei\u00e7\u00f5es \u00e0 comunidade acad\u00eamica.<\/p>\n\n\n\n<p>&nbsp;<\/p>\n\n\n\n<p><strong>Unidades de Curitiba<\/strong><\/p>\n\n\n\n<ul class=\"wp-block-list\">\n<li><strong>RU Central. <\/strong>Localizado&nbsp;em frente ao complexo da Reitoria (esquina das ruas Amintas de Barros e General Carneiro), atende caf\u00e9 da manh\u00e3, almo\u00e7o e jantar todos os dias da semana, incluindo finais de semana e feriados.<\/li>\n\n\n\n<li><strong>RU Centro Polit\u00e9cnico.&nbsp;<\/strong>Localizado ao lado do Centro de Conviv\u00eancia do&nbsp;campus Centro Polit\u00e9cnico,&nbsp; atende caf\u00e9 da manh\u00e3, almo\u00e7o e jantar de segunda a sexta-feira.<\/li>\n\n\n\n<li><strong>RU Agr\u00e1rias.&nbsp;<\/strong>Localizado ao lado do complexo de Centro Acad\u00eamicos do Campus Agr\u00e1rias, atende caf\u00e9 da manh\u00e3 e almo\u00e7o de segunda a sexta-feira.<\/li>\n\n\n\n<li><strong>RU Bot\u00e2nico. <\/strong>Localizado em frente ao estacionamento do campus Jardim Bot\u00e2nico, atende caf\u00e9 da manh\u00e3, almo\u00e7o e jantar de segunda a sexta-feira.<\/li>\n\n\n\n<li><strong>RU Rebou\u00e7as. <\/strong>Atendimento realizado pelo Restaurante Universit\u00e1rio do Campus Centro da UTFPR, atrav\u00e9s de conv\u00eanio entre a UFPR e a UTFPR. <strong>Para acesso ao RU da UTFPR Centro \u00e9 necess\u00e1rio adquirir o voucher junto \u00e0 UFPR, no e-mail <\/strong><a href=\"mailto:rureboucas@ufpr.br\">rureboucas@ufpr.br<\/a><strong>, (nos hor\u00e1rios determinados, diariamente e para cada refei\u00e7\u00e3o) e entregue na UTFPR.<\/strong> Apresentar documento oficial com foto e digitar o cpf no controle de acesso da UFPR.<\/li>\n<\/ul>\n\n\n\n<p><b>Unidades do Interior<\/b><\/p>\n\n\n\n<p>Cada unidade \u00e9 dimensionada de acordo com o p\u00fablico do respectivo campus e, portanto, usu\u00e1rios de outros campi, incluindo os de Curitiba, devem solicitar pr\u00e9via autoriza\u00e7\u00e3o \u00e0&nbsp;administra\u00e7\u00e3o dos RUs para utiliza\u00e7\u00e3o, atrav\u00e9s do e-mail restaurante@ufpr.br.<\/p>\n\n\n\n<p>Todas as unidades do interior&nbsp;atendem caf\u00e9 da manh\u00e3, almo\u00e7o e jantar todos os dias da semana, incluindo finais de semana e feriados. Em meses sem calend\u00e1rio acad\u00eamico, podem ser fechados.<\/p>\n\n\n\n<p>&nbsp;<\/p>\n\n\n\n<ul class=\"wp-block-list\">\n<li><strong>Setor Litoral<\/strong> &#8211; O Restaurante \u00e9 gerenciado em espa\u00e7o pr\u00f3prio, pela empresa Aliment\u00edcia Refei\u00e7\u00f5es Corporativas Ltda., localizado na Rua Castro, n\u00ba 40 &#8211; Esquina com a Rua Rio Negro ( Antigo Bar do Silvino).<\/li>\n\n\n\n<li><strong>Centro de Estudos Mar<\/strong> &#8211;<em> <\/em>O Restaurante \u00e9 gerenciado em espa\u00e7o pr\u00f3prio, pela empresa Ozzi Alimentos LTDA, localizado na Avenida Deputado Anibal Khury, n\u00ba 20.313, Balne\u00e1rio Pontal do Sul.<\/li>\n\n\n\n<li><strong>Setor Palotina<\/strong> &#8211; O Restaurante \u00e9 gerenciado, em espa\u00e7o da UFPR, pela empresa Pupo Cozinha Industrial LTDA, operando dentro do Setor Palotina, localizado na Rua Pioneiro, n\u00ba 2153, Palotina.<\/li>\n\n\n\n<li><strong>Campus&nbsp;Jandaia do Sul<\/strong> &#8211; O Restaurante \u00e9 gerenciado em espa\u00e7o pr\u00f3prio, pela empresa Floresta Empreendimentos LTDA, localizado na Rua Dr Jo\u00e3o Max\u00edmiano, n\u00ba 387, Jandaia do Sul.&nbsp;<\/li>\n\n\n\n<li><strong>Campus Mirassol&nbsp;<\/strong>&#8211; O Restaurante \u00e9 gerenciado em espa\u00e7o pr\u00f3prio, pela empresa Ozzi Alimentos LTDA, localizado na Rua Natal, n\u00ba 620, Praia de Leste.<\/li>\n\n\n\n<li><strong>Campus Toledo &#8211;<\/strong> O Restaurante \u00e9 gerenciado em espa\u00e7o da UFPR, localizado no Biopark, pela empresa AMI Servi\u00e7os e Refei\u00e7\u00f5es LTDA, localizado na Rodovia Estadual PR-182, s\/n\u00ba, Km 320-321, Toledo.<\/li>\n<\/ul>\n\n\n\n<p><\/p>\n","protected":false},"excerpt":{"rendered":"<p>As unidades s\u00e3o gerenciadas por empresa contratada atrav\u00e9s de preg\u00e3o eletr\u00f4nico para fornecimento de refei\u00e7\u00f5es \u00e0 comunidade acad\u00eamica. &nbsp; Unidades de Curitiba Unidades do Interior Cada unidade \u00e9 dimensionada de acordo com o p\u00fablico do respectivo campus e, portanto, usu\u00e1rios de outros campi, incluindo os de Curitiba, devem solicitar pr\u00e9via autoriza\u00e7\u00e3o \u00e0&nbsp;administra\u00e7\u00e3o dos RUs para [&hellip;]<\/p>\n","protected":false},"author":10,"featured_media":0,"parent":0,"menu_order":0,"comment_status":"closed","ping_status":"closed","template":"","meta":{"ngg_post_thumbnail":0,"footnotes":""},"class_list":["post-37","page","type-page","status-publish","hentry"],"_links":{"self":[{"href":"https:\/\/proad.ufpr.br\/ru\/wp-json\/wp\/v2\/pages\/37","targetHints":{"allow":["GET"]}}],"collection":[{"href":"https:\/\/proad.ufpr.br\/ru\/wp-json\/wp\/v2\/pages"}],"about":[{"href":"https:\/\/proad.ufpr.br\/ru\/wp-json\/wp\/v2\/types\/page"}],"author":[{"embeddable":true,"href":"https:\/\/proad.ufpr.br\/ru\/wp-json\/wp\/v2\/users\/10"}],"replies":[{"embeddable":true,"href":"https:\/\/proad.ufpr.br\/ru\/wp-json\/wp\/v2\/comments?post=37"}],"version-history":[{"count":48,"href":"https:\/\/proad.ufpr.br\/ru\/wp-json\/wp\/v2\/pages\/37\/revisions"}],"predecessor-version":[{"id":62592,"href":"https:\/\/proad.ufpr.br\/ru\/wp-json\/wp\/v2\/pages\/37\/revisions\/62592"}],"wp:attachment":[{"href":"https:\/\/proad.ufpr.br\/ru\/wp-json\/wp\/v2\/media?parent=37"}],"curies":[{"name":"wp","href":"https:\/\/api.w.org\/{rel}","templated":true}]}}