{"id":3378,"date":"2017-10-09T09:46:46","date_gmt":"2017-10-09T12:46:46","guid":{"rendered":"https:\/\/proad.ufpr.br\/ru\/?page_id=3378"},"modified":"2022-02-11T17:09:51","modified_gmt":"2022-02-11T20:09:51","slug":"funcionamento-rus-em-09102017","status":"publish","type":"page","link":"https:\/\/proad.ufpr.br\/ru\/funcionamento-rus-em-09102017\/","title":{"rendered":"Funcionamento RU&#8217;s em 07\/10\/2018 &#8211; Elei\u00e7\u00f5es Gerais"},"content":{"rendered":"<p>Comunicamos aos usu\u00e1rios dos Restaurantes Universit\u00e1rios da UFPR , que dia 07\/10\/2018 &#8211; domingo, devido \u00e0s Elei\u00e7\u00f5es Gerais, os Restaurantes Universit\u00e1rios de Curitiba e interior estar\u00e3o fechados.<\/p>\n<p>A Dire\u00e7\u00e3o.<\/p>\n","protected":false},"excerpt":{"rendered":"<p>Comunicamos aos usu\u00e1rios dos Restaurantes Universit\u00e1rios da UFPR , que dia 07\/10\/2018 &#8211; domingo, devido \u00e0s Elei\u00e7\u00f5es Gerais, os Restaurantes Universit\u00e1rios de Curitiba e interior estar\u00e3o fechados. A Dire\u00e7\u00e3o.<\/p>\n","protected":false},"author":10,"featured_media":0,"parent":0,"menu_order":0,"comment_status":"closed","ping_status":"closed","template":"","meta":{"ngg_post_thumbnail":0,"footnotes":""},"class_list":["post-3378","page","type-page","status-publish","hentry"],"_links":{"self":[{"href":"https:\/\/proad.ufpr.br\/ru\/wp-json\/wp\/v2\/pages\/3378","targetHints":{"allow":["GET"]}}],"collection":[{"href":"https:\/\/proad.ufpr.br\/ru\/wp-json\/wp\/v2\/pages"}],"about":[{"href":"https:\/\/proad.ufpr.br\/ru\/wp-json\/wp\/v2\/types\/page"}],"author":[{"embeddable":true,"href":"https:\/\/proad.ufpr.br\/ru\/wp-json\/wp\/v2\/users\/10"}],"replies":[{"embeddable":true,"href":"https:\/\/proad.ufpr.br\/ru\/wp-json\/wp\/v2\/comments?post=3378"}],"version-history":[{"count":3,"href":"https:\/\/proad.ufpr.br\/ru\/wp-json\/wp\/v2\/pages\/3378\/revisions"}],"predecessor-version":[{"id":5928,"href":"https:\/\/proad.ufpr.br\/ru\/wp-json\/wp\/v2\/pages\/3378\/revisions\/5928"}],"wp:attachment":[{"href":"https:\/\/proad.ufpr.br\/ru\/wp-json\/wp\/v2\/media?parent=3378"}],"curies":[{"name":"wp","href":"https:\/\/api.w.org\/{rel}","templated":true}]}}