{"id":22884,"date":"2020-07-22T12:20:54","date_gmt":"2020-07-22T15:20:54","guid":{"rendered":"https:\/\/proad.ufpr.br\/ru\/?page_id=22884"},"modified":"2025-08-13T15:20:08","modified_gmt":"2025-08-13T18:20:08","slug":"documentos-ou-normativas","status":"publish","type":"page","link":"https:\/\/proad.ufpr.br\/ru\/documentos-ou-normativas\/","title":{"rendered":"Documentos"},"content":{"rendered":"\n<figure class=\"wp-block-image size-large\"><a href=\"https:\/\/proad.ufpr.br\/ru\/files\/2024\/10\/logomarca_RU_colorida_horizontal-4.jpg\"><img loading=\"lazy\" decoding=\"async\" width=\"1024\" height=\"254\" src=\"https:\/\/proad.ufpr.br\/ru\/files\/2024\/10\/logomarca_RU_colorida_horizontal-4-1024x254.jpg\" alt=\"\" class=\"wp-image-53033\" srcset=\"https:\/\/proad.ufpr.br\/ru\/files\/2024\/10\/logomarca_RU_colorida_horizontal-4-1024x254.jpg 1024w, https:\/\/proad.ufpr.br\/ru\/files\/2024\/10\/logomarca_RU_colorida_horizontal-4-300x74.jpg 300w, https:\/\/proad.ufpr.br\/ru\/files\/2024\/10\/logomarca_RU_colorida_horizontal-4-768x190.jpg 768w, https:\/\/proad.ufpr.br\/ru\/files\/2024\/10\/logomarca_RU_colorida_horizontal-4.jpg 1525w\" sizes=\"auto, (max-width: 1024px) 100vw, 1024px\" \/><\/a><\/figure>\n\n\n\n<p><a href=\"https:\/\/proad.ufpr.br\/ru\/acordaos\/\">Ac\u00f3rd\u00e3os, Notas e Pareceres<\/a><\/p>\n\n\n\n<p><a href=\"https:\/\/proad.ufpr.br\/ru\/acoes-desenvolvidas-pelos-restaurantes-universitarios\/\">A\u00e7\u00f5es desenvolvidas pelos RU&#8217;s<\/a><\/p>\n\n\n\n<p><a href=\"https:\/\/proad.ufpr.br\/ru\/despachos\/\">Despachos<\/a><\/p>\n\n\n\n<p><a href=\"https:\/\/proad.ufpr.br\/ru\/gestao-de-processos-ru\/\">Gest\u00e3o de Processos &#8211; RU<\/a><\/p>\n\n\n\n<p><a href=\"https:\/\/proad.ufpr.br\/ru\/portarias\/\" data-type=\"link\" data-id=\"https:\/\/proad.ufpr.br\/ru\/portarias\/\">Portarias<\/a><\/p>\n\n\n\n<p><a href=\"https:\/\/proad.ufpr.br\/ru\/resolucoes\/\">Resolu\u00e7\u00f5es<\/a><\/p>\n\n\n\n<p><\/p>\n","protected":false},"excerpt":{"rendered":"<p>Ac\u00f3rd\u00e3os, Notas e Pareceres A\u00e7\u00f5es desenvolvidas pelos RU&#8217;s Despachos Gest\u00e3o de Processos &#8211; RU Portarias Resolu\u00e7\u00f5es<\/p>\n","protected":false},"author":1759,"featured_media":0,"parent":0,"menu_order":0,"comment_status":"closed","ping_status":"closed","template":"","meta":{"ngg_post_thumbnail":0,"footnotes":""},"class_list":["post-22884","page","type-page","status-publish","hentry"],"_links":{"self":[{"href":"https:\/\/proad.ufpr.br\/ru\/wp-json\/wp\/v2\/pages\/22884","targetHints":{"allow":["GET"]}}],"collection":[{"href":"https:\/\/proad.ufpr.br\/ru\/wp-json\/wp\/v2\/pages"}],"about":[{"href":"https:\/\/proad.ufpr.br\/ru\/wp-json\/wp\/v2\/types\/page"}],"author":[{"embeddable":true,"href":"https:\/\/proad.ufpr.br\/ru\/wp-json\/wp\/v2\/users\/1759"}],"replies":[{"embeddable":true,"href":"https:\/\/proad.ufpr.br\/ru\/wp-json\/wp\/v2\/comments?post=22884"}],"version-history":[{"count":67,"href":"https:\/\/proad.ufpr.br\/ru\/wp-json\/wp\/v2\/pages\/22884\/revisions"}],"predecessor-version":[{"id":61998,"href":"https:\/\/proad.ufpr.br\/ru\/wp-json\/wp\/v2\/pages\/22884\/revisions\/61998"}],"wp:attachment":[{"href":"https:\/\/proad.ufpr.br\/ru\/wp-json\/wp\/v2\/media?parent=22884"}],"curies":[{"name":"wp","href":"https:\/\/api.w.org\/{rel}","templated":true}]}}