{"id":19085,"date":"2020-05-21T11:21:08","date_gmt":"2020-05-21T14:21:08","guid":{"rendered":"https:\/\/proad.ufpr.br\/ru\/?page_id=19085"},"modified":"2022-02-11T17:17:48","modified_gmt":"2022-02-11T20:17:48","slug":"noticias-do-ru","status":"publish","type":"page","link":"https:\/\/proad.ufpr.br\/ru\/noticias-do-ru\/","title":{"rendered":"Not\u00edcias"},"content":{"rendered":"\n<p>Os&nbsp;Restaurantes Universit\u00e1rios (RUs) da UFPR, em funcionamento desde o dia 31 de janeiro de 2022, juntamente com o retorno do calend\u00e1rio acad\u00eamico, est\u00e3o oferecendo a alimenta\u00e7\u00e3o no local ou a op\u00e7\u00e3o de marmita para os usu\u00e1rios que quiserem se alimentar fora dos refeit\u00f3rios, como alternativa para garantir a biosseguran\u00e7a e reduzir as chances de contamina\u00e7\u00e3o pelo SARS-CoV-2.<\/p>\n\n\n\n<p>Com a retomada das aulas presenciais na pr\u00f3xima segunda-feira, 14 de fevereiro, as unidades dos RU\u2019s Curitiba (Bot\u00e2nico, Central e Centro Polit\u00e9cnico), Palotina, Setor Litoral \u2013 Matinhos, Centro de Estudo do Mar estar\u00e3o atendendo normalmente nas tr\u00eas refei\u00e7\u00f5es di\u00e1rias (caf\u00e9 da manh\u00e3, almo\u00e7o e jantar). J\u00e1 as unidades de Toledo e Mirassol atendem somente no almo\u00e7o, e o RU Agr\u00e1rias no caf\u00e9 da manh\u00e3 e almo\u00e7o.<\/p>\n\n\n\n<p>O Ru de Jandaia do Sul mant\u00e9m o sistema para retirada de marmitas (almo\u00e7o e jantar) no restaurante RF Soni \u2013 Alimentos (Rua Pra\u00e7a do Caf\u00e9, n\u00ba 120, Centro, Jandaia do Sul).<\/p>\n\n\n\n<p>Para acessar os restaurantes, al\u00e9m dos documentos exigidos para identifica\u00e7\u00e3o (<a href=\"https:\/\/proad.ufpr.br\/ru\/identificacao\/\">https:\/\/proad.ufpr.br\/ru\/identificacao\/<\/a>), os usu\u00e1rios devem apresentar comprovante de vacina\u00e7\u00e3o contra Covid-19 ou laudo de resultado negativo de exame para testagem do Coronav\u00edrus emitido em at\u00e9 72 horas. Os restaurantes devem integrar em breve o SIGA e, ent\u00e3o os usu\u00e1rios n\u00e3o ter\u00e3o que apresentar o comprovante na entrada.<\/p>\n\n\n\n<p>\u00c9 obrigat\u00f3rio o uso de m\u00e1scaras para o acesso ao buffet e para a circula\u00e7\u00e3o pelo local. A retirada da m\u00e1scara somente \u00e9 permitida no momento da alimenta\u00e7\u00e3o. Os restaurantes disponibilizam dispensadores com \u00e1lcool em gel 70% e pias com \u00e1gua e sab\u00e3o para higieniza\u00e7\u00e3o das m\u00e3os dos usu\u00e1rios, al\u00e9m de garantir o distanciamento e controlar a ocupa\u00e7\u00e3o dos locais, de acordo com as normas sanit\u00e1rias de cada munic\u00edpio.<\/p>\n","protected":false},"excerpt":{"rendered":"<p>Os&nbsp;Restaurantes Universit\u00e1rios (RUs) da UFPR, em funcionamento desde o dia 31 de janeiro de 2022, juntamente com o retorno do calend\u00e1rio acad\u00eamico, est\u00e3o oferecendo a alimenta\u00e7\u00e3o no local ou a op\u00e7\u00e3o de marmita para os usu\u00e1rios que quiserem se alimentar fora dos refeit\u00f3rios, como alternativa para garantir a biosseguran\u00e7a e reduzir as chances de contamina\u00e7\u00e3o [&hellip;]<\/p>\n","protected":false},"author":1759,"featured_media":0,"parent":0,"menu_order":0,"comment_status":"closed","ping_status":"closed","template":"noticias.php","meta":{"ngg_post_thumbnail":0,"footnotes":""},"class_list":["post-19085","page","type-page","status-publish","hentry"],"_links":{"self":[{"href":"https:\/\/proad.ufpr.br\/ru\/wp-json\/wp\/v2\/pages\/19085","targetHints":{"allow":["GET"]}}],"collection":[{"href":"https:\/\/proad.ufpr.br\/ru\/wp-json\/wp\/v2\/pages"}],"about":[{"href":"https:\/\/proad.ufpr.br\/ru\/wp-json\/wp\/v2\/types\/page"}],"author":[{"embeddable":true,"href":"https:\/\/proad.ufpr.br\/ru\/wp-json\/wp\/v2\/users\/1759"}],"replies":[{"embeddable":true,"href":"https:\/\/proad.ufpr.br\/ru\/wp-json\/wp\/v2\/comments?post=19085"}],"version-history":[{"count":2,"href":"https:\/\/proad.ufpr.br\/ru\/wp-json\/wp\/v2\/pages\/19085\/revisions"}],"predecessor-version":[{"id":24738,"href":"https:\/\/proad.ufpr.br\/ru\/wp-json\/wp\/v2\/pages\/19085\/revisions\/24738"}],"wp:attachment":[{"href":"https:\/\/proad.ufpr.br\/ru\/wp-json\/wp\/v2\/media?parent=19085"}],"curies":[{"name":"wp","href":"https:\/\/api.w.org\/{rel}","templated":true}]}}