{"id":1577,"date":"2017-03-03T09:02:49","date_gmt":"2017-03-03T12:02:49","guid":{"rendered":"https:\/\/proad.ufpr.br\/ru\/?page_id=1577"},"modified":"2026-03-12T11:50:22","modified_gmt":"2026-03-12T14:50:22","slug":"precos","status":"publish","type":"page","link":"https:\/\/proad.ufpr.br\/ru\/precos\/","title":{"rendered":"Pre\u00e7os"},"content":{"rendered":"\n<figure class=\"wp-block-image size-large\"><a href=\"https:\/\/proad.ufpr.br\/ru\/files\/2022\/02\/logomarca_RU_colorida_horizontal-4.jpg\"><img loading=\"lazy\" decoding=\"async\" width=\"1024\" height=\"254\" src=\"https:\/\/proad.ufpr.br\/ru\/files\/2022\/02\/logomarca_RU_colorida_horizontal-4-1024x254.jpg\" alt=\"\" class=\"wp-image-25326\" srcset=\"https:\/\/proad.ufpr.br\/ru\/files\/2022\/02\/logomarca_RU_colorida_horizontal-4-1024x254.jpg 1024w, https:\/\/proad.ufpr.br\/ru\/files\/2022\/02\/logomarca_RU_colorida_horizontal-4-300x74.jpg 300w, https:\/\/proad.ufpr.br\/ru\/files\/2022\/02\/logomarca_RU_colorida_horizontal-4-768x190.jpg 768w, https:\/\/proad.ufpr.br\/ru\/files\/2022\/02\/logomarca_RU_colorida_horizontal-4.jpg 1525w\" sizes=\"auto, (max-width: 1024px) 100vw, 1024px\" \/><\/a><\/figure>\n\n\n\n<h2 class=\"wp-block-heading has-text-align-center has-large-font-size\">Valores cobrados por refei\u00e7\u00e3o nos RUs\/UFPR<\/h2>\n\n\n\n<figure class=\"wp-block-table\"><table><tbody><tr><td colspan=\"2\"><b><span style=\"color: #000000\">CAF\u00c9 DA MANH\u00c3<\/span><\/b><\/td><\/tr><tr><td><span style=\"color: #000000\">Estudantes da UFPR (todas as categorias com registro acad\u00eamico vigente)<\/span><\/td><td><span style=\"color: #000000\">R$ 0,50<\/span><\/td><\/tr><tr><td><span style=\"color: #000000\">Bolsistas PROBEM, AUGM, FUNAI, Residentes (Medicina e Medicina Veterin\u00e1ria)<\/span><\/td><td><span style=\"color: #000000\">R$ 0,00<\/span><\/td><\/tr><tr><td colspan=\"2\"><b><span style=\"color: #000000\">ALMO\u00c7O E JANTAR<\/span><\/b><\/td><\/tr><tr><td><span style=\"color: #000000\">Estudantes da UFPR (todas as categorias com registro acad\u00eamico vigente)<\/span><\/td><td><span style=\"color: #000000\">R$ 1,30<\/span><\/td><\/tr><tr><td><span style=\"color: #000000\">Bolsistas PROBEM, AUGM, FUNAI, Residentes (Medicina e Medicina Veterin\u00e1ria)<\/span><\/td><td><span style=\"color: #000000\">R$ 0,00<\/span><\/td><\/tr><\/tbody><\/table><\/figure>\n\n\n\n<h6 class=\"wp-block-heading\"><\/h6>\n\n\n\n<p><strong>PRE\u00c7OS CONTRATUAIS<\/strong><\/p>\n\n\n\n<p><strong>ATEN\u00c7\u00c3O: O ACESSO DE PESSOAS EXTERNAS N\u00c3O \u00c9 PERMITIDO!<\/strong><\/p>\n\n\n\n<figure class=\"wp-block-table\"><table><tbody><tr><td colspan=\"4\"><span style=\"color: #000000\"><strong>SERVIDORES, TERCEIRIZADOS,<\/strong><\/span><\/td><\/tr><tr><td colspan=\"4\"><span style=\"color: #000000\"><strong><strong>ESTAGI\u00c1RIOS**, COL<\/strong><\/strong><strong>ABORADORES**, VISITANTE INSTITUCIONAL***<\/strong><\/span><\/td><\/tr><tr><td>CAMPUS<\/td><td>CAF\u00c9&nbsp;<\/td><td>ALMO\u00c7O<\/td><td>JANTAR<\/td><\/tr><tr><td>CURITIBA<\/td><td>R$4,33<\/td><td>R$12,45<\/td><td>R$12,38<\/td><\/tr><tr><td>MATINHOS&nbsp;<\/td><td>R$10,00<\/td><td>R$18,20<\/td><td>R$18,20<\/td><\/tr><tr><td>MIRASSOL<\/td><td>R$8,62<\/td><td>R$27,34<\/td><td>R$27,12<\/td><\/tr><tr><td>JANDAIA<\/td><td>R$6,77<\/td><td>R$17,92<\/td><td>R$17,92<\/td><\/tr><tr><td>PALOTINA<\/td><td>R$5,79<\/td><td>R$16,40<\/td><td>R$15,30<\/td><\/tr><tr><td>CEM&nbsp;<\/td><td>R$8,62<\/td><td>R$27,34<\/td><td>R$27,12<\/td><\/tr><tr><td>TOLEDO&nbsp;<\/td><td>R$8,68<\/td><td>R$20,39<\/td><td>R$20,99<\/td><\/tr><tr><td>REBOU\u00c7AS<\/td><td>&#8211;<\/td><td>R$ 13,08<\/td><td>R$ 13,08<\/td><\/tr><\/tbody><\/table><\/figure>\n\n\n\n<p><span style=\"font-size: 10.72px;font-weight: bold\">(**) pessoas n\u00e3o <\/span><span style=\"font-size: 10.72px;font-weight: bold\">integrantes da comunidade universit\u00e1ria regular da UFPR e\/ou que cursam Disciplinas Isoladas.<\/span><\/p>\n\n\n\n<p><span style=\"font-size: 10.72px;font-weight: bold\">(***) pessoas n\u00e3o <\/span><span style=\"font-size: 10.72px;font-weight: bold\">integrantes da comunidade universit\u00e1ria regular da UFPR desde que haja, mediante comprova\u00e7\u00e3o,  alguma motiva\u00e7\u00e3o acad\u00eamica<\/span>.<\/p>\n\n\n\n<p><strong>OBS: Servidores Docentes, Servidores t\u00e9cnico-adminstrativos e terceirizados que sejam discentes devem pagar o valor contratual das refei\u00e7\u00f5es conforme o Ac\u00f3rd\u00e3o n\u00ba 1464 de 2019 &#8211; Plen\u00e1rio <a href=\"https:\/\/proad.ufpr.br\/ru\/files\/2024\/02\/Acordao-1464-de-2019-Plenario.pdf\">(clique aqui).<\/a><\/strong><\/p>\n\n\n\n<p><strong>FILHAS\/FILHOS de discentes, servidores e terceirizados<\/strong><\/p>\n\n\n\n<p>De acordo com a <a href=\"https:\/\/prae.ufpr.br\/wp-content\/uploads\/2025\/03\/SEI_7634520_Portaria_9-acesso-de-filhas-e-filhos-de-discentes-servidoras-e-terceirizadas-aos-Restaurantes-Universitarios.pdf\">Portaria n\u00ba 9<\/a> o acesso de crian\u00e7as ao Restaurante Universit\u00e1rio (RU) da Universidade Federal do<br>Paran\u00e1 (UFPR) ser\u00e1 autorizado, desde que atendidas as seguintes condi\u00e7\u00f5es:<br>I \u2013 Filhas e filhos de discentes, servidoras e servidores (docentes ou TAE) e terceirizadas e<br>terceirizados de at\u00e9 6 anos incompletos ser\u00e3o isentos do pagamento das refei\u00e7\u00f5es e receber\u00e3o<br>utens\u00edlios individuais para o consumo, mediante cadastro no sistema do restaurante;<br>II \u2013 Filhas e filhos de discentes, servidoras e servidores (docentes ou TAE) e terceirizadas e<br>terceirizados entre 6 e 12 anos incompletos poder\u00e3o acessar o restaurante mediante o<br>pagamento do valor contratual estabelecido para a refei\u00e7\u00e3o e receber\u00e3o utens\u00edlios individuais<br>para o consumo, mediante cadastro no sistema do restaurante;<br>III. Filhas e filhos de discentes maiores de 12 anos, com defici\u00eancia f\u00edsica ou intelectual,<br>poder\u00e3o ser autorizados a frequentar o RU, mediante o pagamento do valor contratual<br>estabelecido para a refei\u00e7\u00e3o, com a devida apresenta\u00e7\u00e3o de laudo que comprove a condi\u00e7\u00e3o e<br>receber\u00e3o utens\u00edlios individuais para o consumo, mediante cadastro no sistema do restaurante;<br>IV. Filhas e filhos de discentes contempladas e contemplados com aux\u00edlio refei\u00e7\u00e3o (PROBEM),<br>com at\u00e9 12 anos incompletos, ser\u00e3o isentos do pagamento das refei\u00e7\u00f5es e receber\u00e3o utens\u00edlios<br>individuais para o consumo, mediante cadastro no sistema do restaurante.<\/p>\n\n\n\n<p><strong>EVENTOS<\/strong><\/p>\n\n\n\n<figure class=\"wp-block-table\"><table><tbody><tr><td colspan=\"4\"><span style=\"color: #000000\"><strong><b><span style=\"color: #000000\">EVENTOS*<\/span><\/b><\/strong><\/span><\/td><\/tr><tr><td><strong>CAMPUS<\/strong><\/td><td><strong>CAF\u00c9&nbsp;<\/strong><\/td><td><strong>ALMO\u00c7O<\/strong><\/td><td><strong>JANTAR<\/strong><\/td><\/tr><tr><td>CURITIBA<\/td><td>R$2,17<\/td><td>R$6,23<\/td><td>R$6,19<\/td><\/tr><tr><td>MATINHOS&nbsp;<\/td><td>R$5,00<\/td><td>R$9,10<\/td><td>R$9,10<\/td><\/tr><tr><td>MIRASSOL<\/td><td>R$4,31<\/td><td>R$13,67<\/td><td>R$13,56<\/td><\/tr><tr><td>JANDAIA<\/td><td>R$3,39<\/td><td>R$8,96<\/td><td>R$8,96<\/td><\/tr><tr><td>PALOTINA<\/td><td>R$2,90<\/td><td>R$8,20<\/td><td>R$7,65<\/td><\/tr><tr><td>CEM&nbsp;<\/td><td>R$4,31<\/td><td>R$13,67<\/td><td>R$13,56<\/td><\/tr><tr><td>TOLEDO&nbsp;<\/td><td>R$4,34<\/td><td>R$10,20<\/td><td>R$10,50<\/td><\/tr><\/tbody><\/table><figcaption class=\"wp-element-caption\"><strong><span style=\"font-size: 10.72px\">(*) Realiza\u00e7\u00e3o de eventos ligados ao ensino, pesquisa e extens\u00e3o no \u00e2mbito da Institui\u00e7\u00e3o (Portaria 17\/2024 PRA\/UFPR).<\/span><br><\/strong><br>De acordo com a Portaria <a href=\"https:\/\/proad.ufpr.br\/ru\/files\/2024\/10\/SEI_6781651_Portaria_17_2024_PRA.pdf\">17\/2024 PRA\/UFPR<\/a>, a partir do dia 02\/07\/2024 o valor das refei\u00e7\u00f5es dos participantes dos eventos ser\u00e1 de 50% (cinquenta por cento) em rela\u00e7\u00e3o ao valor da refei\u00e7\u00e3o estabelecida em Contrato com a empresa que administra o RU.<\/figcaption><\/figure>\n\n\n\n<p><\/p>\n","protected":false},"excerpt":{"rendered":"<p>Valores cobrados por refei\u00e7\u00e3o nos RUs\/UFPR CAF\u00c9 DA MANH\u00c3 Estudantes da UFPR (todas as categorias com registro acad\u00eamico vigente) R$ 0,50 Bolsistas PROBEM, AUGM, FUNAI, Residentes (Medicina e Medicina Veterin\u00e1ria) R$ 0,00 ALMO\u00c7O E JANTAR Estudantes da UFPR (todas as categorias com registro acad\u00eamico vigente) R$ 1,30 Bolsistas PROBEM, AUGM, FUNAI, Residentes (Medicina e Medicina [&hellip;]<\/p>\n","protected":false},"author":10,"featured_media":0,"parent":0,"menu_order":0,"comment_status":"closed","ping_status":"closed","template":"","meta":{"ngg_post_thumbnail":0,"footnotes":""},"class_list":["post-1577","page","type-page","status-publish","hentry"],"_links":{"self":[{"href":"https:\/\/proad.ufpr.br\/ru\/wp-json\/wp\/v2\/pages\/1577","targetHints":{"allow":["GET"]}}],"collection":[{"href":"https:\/\/proad.ufpr.br\/ru\/wp-json\/wp\/v2\/pages"}],"about":[{"href":"https:\/\/proad.ufpr.br\/ru\/wp-json\/wp\/v2\/types\/page"}],"author":[{"embeddable":true,"href":"https:\/\/proad.ufpr.br\/ru\/wp-json\/wp\/v2\/users\/10"}],"replies":[{"embeddable":true,"href":"https:\/\/proad.ufpr.br\/ru\/wp-json\/wp\/v2\/comments?post=1577"}],"version-history":[{"count":128,"href":"https:\/\/proad.ufpr.br\/ru\/wp-json\/wp\/v2\/pages\/1577\/revisions"}],"predecessor-version":[{"id":62587,"href":"https:\/\/proad.ufpr.br\/ru\/wp-json\/wp\/v2\/pages\/1577\/revisions\/62587"}],"wp:attachment":[{"href":"https:\/\/proad.ufpr.br\/ru\/wp-json\/wp\/v2\/media?parent=1577"}],"curies":[{"name":"wp","href":"https:\/\/api.w.org\/{rel}","templated":true}]}}