{"id":114,"date":"2011-02-25T15:01:20","date_gmt":"2011-02-25T15:01:20","guid":{"rendered":"https:\/\/proad.ufpr.br\/ru\/"},"modified":"2025-12-17T08:17:37","modified_gmt":"2025-12-17T11:17:37","slug":"administracao-2-2","status":"publish","type":"page","link":"https:\/\/proad.ufpr.br\/ru\/administracao-2-2\/","title":{"rendered":"Nutri\u00e7\u00e3o"},"content":{"rendered":"\n<figure class=\"wp-block-image size-full\"><a href=\"https:\/\/proad.ufpr.br\/ru\/files\/2024\/10\/logomarca_RU_colorida_horizontal-1024x254-2.jpg\"><img loading=\"lazy\" decoding=\"async\" width=\"1024\" height=\"254\" src=\"https:\/\/proad.ufpr.br\/ru\/files\/2024\/10\/logomarca_RU_colorida_horizontal-1024x254-2.jpg\" alt=\"\" class=\"wp-image-53260\" srcset=\"https:\/\/proad.ufpr.br\/ru\/files\/2024\/10\/logomarca_RU_colorida_horizontal-1024x254-2.jpg 1024w, https:\/\/proad.ufpr.br\/ru\/files\/2024\/10\/logomarca_RU_colorida_horizontal-1024x254-2-300x74.jpg 300w, https:\/\/proad.ufpr.br\/ru\/files\/2024\/10\/logomarca_RU_colorida_horizontal-1024x254-2-768x191.jpg 768w\" sizes=\"auto, (max-width: 1024px) 100vw, 1024px\" \/><\/a><\/figure>\n\n\n\n<h2 class=\"wp-block-heading western\"><strong><span style=\"color: #0a3866\"><span style=\"font-family: Arial, sans-serif\"><span style=\"font-size: medium\">Chefe da Equipe de Nutri\u00e7\u00e3o<\/span><\/span><\/span><\/strong><\/h2>\n\n\n\n<p>Kelly Akemi Suzuki Gizzi<\/p>\n\n\n\n<p>Contato: <a href=\"mailto:kelly.suzuki@ufpr.br\">kelly.suzuki@ufpr.br<\/a><\/p>\n\n\n\n<h2 class=\"wp-block-heading\">CURITIBA<\/h2>\n\n\n\n<h2 class=\"wp-block-heading western\"><strong><span style=\"color: #0a3866\"><span style=\"font-family: Arial, sans-serif\"><span style=\"font-size: medium\">RU Central<\/span><\/span><\/span><\/strong><\/h2>\n\n\n\n<p>Fernanda Bianchi<\/p>\n\n\n\n<p>Contato: <a href=\"mailto:fernanda.bianchi@ufpr.br\">fernanda.bianchi<\/a><\/p>\n\n\n\n<h2 class=\"wp-block-heading western\"><strong><span style=\"color: #0a3866\"><span style=\"font-family: Arial, sans-serif\"><span style=\"font-size: medium\">RU Centro Polit\u00e9cnico<\/span><\/span><\/span><\/strong><\/h2>\n\n\n\n<p>Marilice de Andrade Gr\u00e1cia<\/p>\n\n\n\n<p>Contato: <a href=\"mailto:marilice@ufpr.br\">marilice@ufpr.br<\/a><\/p>\n\n\n\n<p>Thalise Salas Borges<\/p>\n\n\n\n<p>Contato: <a href=\"mailto:thaliseborges@ufpr.br\">thaliseborges@ufpr.br<\/a><\/p>\n\n\n\n<h2 class=\"wp-block-heading western\"><strong><span style=\"color: #0a3866\"><span style=\"font-family: Arial, sans-serif\"><span style=\"font-size: medium\">RU Jardim Bot\u00e2nico<\/span><\/span><\/span><\/strong><\/h2>\n\n\n\n<p>Kelly Akemi Suzuki Gizzi<\/p>\n\n\n\n<p>Contato: <a href=\"mailto:kelly.suzuki@ufpr.br\">kelly.suzuki@ufpr.br<\/a><\/p>\n\n\n\n<h2 class=\"wp-block-heading western\"><strong><span style=\"color: #0a3866\"><span style=\"font-family: Arial, sans-serif\"><span style=\"font-size: medium\">RU Agr\u00e1rias<\/span><\/span><\/span><\/strong><\/h2>\n\n\n\n<p>Andr\u00e9a Vargas<\/p>\n\n\n\n<p>Contato: <a href=\"mailto:andrea.vargas11@ufpr.br\">andrea.vargas11@ufpr.br<\/a><\/p>\n\n\n\n<h2 class=\"wp-block-heading\">LITORAL E INTERIOR<\/h2>\n\n\n\n<p><strong><span style=\"color: #0a3866\"><span style=\"font-family: Arial, sans-serif\"><span style=\"font-size: medium\">RU CEM<\/span><\/span><\/span><\/strong><\/p>\n\n\n\n<p>Renata Cordeiro Fernandes<\/p>\n\n\n\n<p>Contato: <a href=\"mailto:renatafernandes@ufpr.br\">renatafernandes@ufpr.br<\/a><\/p>\n\n\n\n<p><strong><span style=\"color: #0a3866\"><span style=\"font-family: Arial, sans-serif\"><span style=\"font-size: medium\">RU Matinhos<\/span><\/span><\/span><\/strong><\/p>\n\n\n\n<p>Danielle Eveline de Quadros<\/p>\n\n\n\n<p>Contato: <a href=\"mailto:daniellequadros@ufpr.br\">daniellequadros@ufpr.br<\/a><\/p>\n\n\n\n<p><strong><span style=\"color: #0a3866\"><span style=\"font-family: Arial, sans-serif\"><span style=\"font-size: medium\">RU Mirassol<\/span><\/span><\/span><\/strong><\/p>\n\n\n\n<p>Renata Cordeiro Fernandes<\/p>\n\n\n\n<p>Contato: <a href=\"mailto:renatafernandes@ufpr.br\">renatafernandes@ufpr.br<\/a><\/p>\n\n\n\n<p><strong><span style=\"color: #0a3866\"><span style=\"font-family: Arial, sans-serif\"><span style=\"font-size: medium\">RU Palotina<\/span><\/span><\/span><\/strong><\/p>\n\n\n\n<p>Allan Fabro Piaia<\/p>\n\n\n\n<p>Contato: <a href=\"https:\/\/proad.ufpr.br\/ru\/contato-2\/allan.fabro@ufpr.br\">allan.fabro@ufpr.br<\/a><\/p>\n\n\n\n<p><strong><span style=\"color: #0a3866\"><span style=\"font-family: Arial, sans-serif\"><span style=\"font-size: medium\">RU Toledo<\/span><\/span><\/span><\/strong><\/p>\n\n\n\n<p>Pedro Paulo Lordelo Guimaraes Tavares<\/p>\n\n\n\n<p>Contato: <a href=\"mailto:roratto.mariane@ufpr.br\"><a href=\"mailto:pedro.lordelo@ufpr.br\">pedro.<\/a><\/a><a href=\"pedro.lordelo@ufpr.br\">lordelo<\/a><a href=\"mailto:roratto.mariane@ufpr.br\"><a href=\"mailto:pedro.lordelo@ufpr.br\">@ufpr.br<\/a><\/a><\/p>\n\n\n\n<h2 class=\"wp-block-heading western\"><strong><span style=\"color: #0a3866\"><span style=\"font-family: Arial, sans-serif\"><span style=\"font-size: medium\">RU Jandaia do Sul<\/span><\/span><\/span><\/strong><\/h2>\n\n\n\n<p>Sirley Aparecida Barbetto<\/p>\n\n\n\n<p>Contato: <a href=\"mailto:sirleybarbetto@ufpr.br\">sirleybarbetto@ufpr.br<\/a> <\/p>\n\n\n\n<p><\/p>\n","protected":false},"excerpt":{"rendered":"<p>Chefe da Equipe de Nutri\u00e7\u00e3o Kelly Akemi Suzuki Gizzi Contato: kelly.suzuki@ufpr.br CURITIBA RU Central Fernanda Bianchi Contato: fernanda.bianchi RU Centro Polit\u00e9cnico Marilice de Andrade Gr\u00e1cia Contato: marilice@ufpr.br Thalise Salas Borges Contato: thaliseborges@ufpr.br RU Jardim Bot\u00e2nico Kelly Akemi Suzuki Gizzi Contato: kelly.suzuki@ufpr.br RU Agr\u00e1rias Andr\u00e9a Vargas Contato: andrea.vargas11@ufpr.br LITORAL E INTERIOR RU CEM Renata Cordeiro Fernandes [&hellip;]<\/p>\n","protected":false},"author":10,"featured_media":0,"parent":0,"menu_order":1,"comment_status":"closed","ping_status":"closed","template":"","meta":{"ngg_post_thumbnail":0,"footnotes":""},"class_list":["post-114","page","type-page","status-publish","hentry"],"_links":{"self":[{"href":"https:\/\/proad.ufpr.br\/ru\/wp-json\/wp\/v2\/pages\/114","targetHints":{"allow":["GET"]}}],"collection":[{"href":"https:\/\/proad.ufpr.br\/ru\/wp-json\/wp\/v2\/pages"}],"about":[{"href":"https:\/\/proad.ufpr.br\/ru\/wp-json\/wp\/v2\/types\/page"}],"author":[{"embeddable":true,"href":"https:\/\/proad.ufpr.br\/ru\/wp-json\/wp\/v2\/users\/10"}],"replies":[{"embeddable":true,"href":"https:\/\/proad.ufpr.br\/ru\/wp-json\/wp\/v2\/comments?post=114"}],"version-history":[{"count":38,"href":"https:\/\/proad.ufpr.br\/ru\/wp-json\/wp\/v2\/pages\/114\/revisions"}],"predecessor-version":[{"id":62189,"href":"https:\/\/proad.ufpr.br\/ru\/wp-json\/wp\/v2\/pages\/114\/revisions\/62189"}],"wp:attachment":[{"href":"https:\/\/proad.ufpr.br\/ru\/wp-json\/wp\/v2\/media?parent=114"}],"curies":[{"name":"wp","href":"https:\/\/api.w.org\/{rel}","templated":true}]}}