{"id":9784,"date":"2020-12-29T10:16:19","date_gmt":"2020-12-29T12:16:19","guid":{"rendered":"https:\/\/proad.ufpr.br\/licitacoes\/?page_id=9784"},"modified":"2022-03-15T11:35:51","modified_gmt":"2022-03-15T14:35:51","slug":"pregao-0762020-aquisicao-de-materiais-de-laboratorio","status":"publish","type":"page","link":"https:\/\/proad.ufpr.br\/licitacoes\/pregao-0762020-aquisicao-de-materiais-de-laboratorio\/","title":{"rendered":"Preg\u00e3o 076\/2020 &#8211; Aquisi\u00e7\u00e3o de materiais de laborat\u00f3rio"},"content":{"rendered":"<p><a href=\"https:\/\/intranet.ufpr.br\/sigea\/public\/acordo!view.action?acordo.id=7534\">ARP n\u00ba404\/2020<\/a> &#8211;\u00a0CENTAURO INOVACOES TECNOLOGICAS LTDA<\/p>\n<p><a href=\"https:\/\/intranet.ufpr.br\/sigea\/public\/acordo!view.action?acordo.id=7535\">ARP n\u00ba405\/2020<\/a> &#8211;\u00a0V P SILVA BRINQUEDOS ME<\/p>\n<p><a href=\"https:\/\/intranet.ufpr.br\/sigea\/public\/acordo!view.action?acordo.id=7536\">ARP n\u00ba406\/2020<\/a> &#8211;\u00a0VALE DIAGNOSTICOS LTDA<\/p>\n<p><a href=\"https:\/\/intranet.ufpr.br\/sigea\/public\/acordo!view.action?acordo.id=7537\">ARP\u00a0 n\u00ba407\/2020<\/a> &#8211;\u00a0FORMIS INSTRUMENTOS DE MEDICAO LTDA<\/p>\n<p><a href=\"https:\/\/intranet.ufpr.br\/sigea\/public\/acordo!view.action?acordo.id=7538\">ARP\u00a0 n\u00ba408\/2020<\/a> &#8211;\u00a0LAB VISION &#8211; COMERCIO DE PRODUTOS LABORATORIAIS LTDA<\/p>\n\n\n<p><\/p>\n","protected":false},"excerpt":{"rendered":"<p>ARP n\u00ba404\/2020 &#8211;\u00a0CENTAURO INOVACOES TECNOLOGICAS LTDA ARP n\u00ba405\/2020 &#8211;\u00a0V P SILVA BRINQUEDOS ME ARP n\u00ba406\/2020 &#8211;\u00a0VALE DIAGNOSTICOS LTDA ARP\u00a0 n\u00ba407\/2020 &#8211;\u00a0FORMIS INSTRUMENTOS DE MEDICAO LTDA ARP\u00a0 n\u00ba408\/2020 &#8211;\u00a0LAB VISION &#8211; COMERCIO DE PRODUTOS LABORATORIAIS LTDA<\/p>\n","protected":false},"author":1767,"featured_media":0,"parent":0,"menu_order":0,"comment_status":"closed","ping_status":"closed","template":"","meta":{"footnotes":""},"class_list":["post-9784","page","type-page","status-publish","hentry"],"_links":{"self":[{"href":"https:\/\/proad.ufpr.br\/licitacoes\/wp-json\/wp\/v2\/pages\/9784","targetHints":{"allow":["GET"]}}],"collection":[{"href":"https:\/\/proad.ufpr.br\/licitacoes\/wp-json\/wp\/v2\/pages"}],"about":[{"href":"https:\/\/proad.ufpr.br\/licitacoes\/wp-json\/wp\/v2\/types\/page"}],"author":[{"embeddable":true,"href":"https:\/\/proad.ufpr.br\/licitacoes\/wp-json\/wp\/v2\/users\/1767"}],"replies":[{"embeddable":true,"href":"https:\/\/proad.ufpr.br\/licitacoes\/wp-json\/wp\/v2\/comments?post=9784"}],"version-history":[{"count":4,"href":"https:\/\/proad.ufpr.br\/licitacoes\/wp-json\/wp\/v2\/pages\/9784\/revisions"}],"predecessor-version":[{"id":12802,"href":"https:\/\/proad.ufpr.br\/licitacoes\/wp-json\/wp\/v2\/pages\/9784\/revisions\/12802"}],"wp:attachment":[{"href":"https:\/\/proad.ufpr.br\/licitacoes\/wp-json\/wp\/v2\/media?parent=9784"}],"curies":[{"name":"wp","href":"https:\/\/api.w.org\/{rel}","templated":true}]}}