{"id":966,"date":"2017-12-25T09:54:40","date_gmt":"2017-12-25T11:54:40","guid":{"rendered":"https:\/\/proad.ufpr.br\/licitacoes\/?page_id=966"},"modified":"2026-01-08T16:27:33","modified_gmt":"2026-01-08T19:27:33","slug":"dispensas-de-licitacao","status":"publish","type":"page","link":"https:\/\/proad.ufpr.br\/licitacoes\/dispensas-de-licitacao\/","title":{"rendered":"Controle de Dispensas e Inexigibilidades"},"content":{"rendered":"<p>A Nova Lei de Licita\u00e7\u00f5es (<strong><small><a href=\"https:\/\/www.planalto.gov.br\/ccivil_03\/_ato2019-2022\/2021\/lei\/l14133.htm\">LEI N\u00ba 14.133, DE 1\u00ba DE ABRIL DE 2021<\/a>)<\/small><\/strong>, nos artigos 72 a 75, disciplina as Contrata\u00e7\u00f5es Diretas, realizadas sob a forma de dispensa ou de inexigibilidade de licita\u00e7\u00e3o.<\/p>\n<p>Os incisos I e II do art. 75 tratam das chamadas dispensas de licita\u00e7\u00e3o de pequeno valor, assim entendidas aquelas contrata\u00e7\u00f5es cujos valores n\u00e3o ultrapassem R$ 125.451,15 (cento e vinte e cinco mil quatrocentos e cinquenta e um reais e quinze centavos) para obras e servi\u00e7os de Engenharia e R$ 62.725,59 (sessenta e dois mil setecentos e vinte e cinco reais e cinquenta e nove centavos) para compras e servi\u00e7os em geral. O controle da utiliza\u00e7\u00e3o desses limites \u00e9 de responsabilidade da Coordenadoria de Licita\u00e7\u00f5es e Contrata\u00e7\u00f5es, atrav\u00e9s de sua Unidade de Apoio as Contrata\u00e7\u00f5es Diretas, e considera <strong><em>o somat\u00f3rio despendido no exerc\u00edcio financeiro para toda a UFPR com objetos de mesma natureza<\/em><\/strong><em>, assim entendidos aqueles associados ao Padr\u00e3o Descritivo de Materiais (PDM) do Sistema de Cataloga\u00e7\u00e3o de Material (CATMAT) ou ao Sistema de Cataloga\u00e7\u00e3o de Servi\u00e7os (CATSER), ambos mantidos pelo Governo Federal.<\/em><\/p>\n<p>As dispensas de licita\u00e7\u00e3o s\u00e3o disciplinadas, ainda, pela Instru\u00e7\u00e3o Normativa SEGES\/ME n\u00ba 067\/2021, que disp\u00f5e sobre o uso da Dispensa de Licita\u00e7\u00e3o na sua Forma Eletr\u00f4nica. No \u00e2mbito da UFPR, a instru\u00e7\u00e3o processual \u00e9 regulada pela INSTRU\u00c7\u00c3O NORMATIVA CLIC\/PROAD\/UFPR N\u00ba 01, DE 28 DE MAR\u00c7O DE 2025.<\/p>\n<p>A rela\u00e7\u00e3o das contrata\u00e7\u00f5es diretas realizadas pela UFPR, bem como o controle de utiliza\u00e7\u00e3o dos limites para as dispensas de pequeno valor, podem ser consultados nos links abaixo, por ano de execu\u00e7\u00e3o:<\/p>\n<p><a href=\"https:\/\/ufprbr0.sharepoint.com\/:x:\/r\/sites\/ContrataesDiretas\/Documentos%20Compartilhados\/General\/Controle%20Dispensas%20e%20Inexigibilidades\/Dispensas%20e%20Inexigibilidades%202026.xlsx?d=wf040c6b84f0d426c85b40eecf7b9c257&amp;csf=1&amp;web=1&amp;e=bCqpEI\">Controle de Dispensas e Inexigibilidades de Licita\u00e7\u00e3o &#8211; 2026<\/a><\/p>\n<p><a href=\"https:\/\/ufprbr0.sharepoint.com\/:x:\/s\/GEPEC\/ETB8KzxNhQ9NvV9w4AXI_FABy-t2-ZjqiFLY7JE55XylMg?e=K6jQiL\" target=\"_blank\" rel=\"noopener\">Controle de Dispensas e Inexigibilidades de Licita\u00e7\u00e3o &#8211; 2025<\/a><\/p>\n<p><a href=\"https:\/\/ufprbr0.sharepoint.com\/:x:\/s\/GEPEC\/EY653IAqg-5Bkq6pm30yPsMByMDcgRXtMkTWBURsKKYjKw?e=LLpEvW\" target=\"_blank\" rel=\"noopener\">Controle de Dispensas e Inexigibilidades de Licita\u00e7\u00e3o &#8211; 2024<\/a><\/p>\n<p><a href=\"https:\/\/ufprbr0.sharepoint.com\/:x:\/s\/GEPEC\/EU7dGl8hfQZFvpULkF39UlABEeuZYo-XyXaueboSlWMJ6Q\" target=\"_blank\" rel=\"noopener\">Controle de Dispensas e Inexigibilidades de Licita\u00e7\u00e3o &#8211; 2023<\/a><\/p>\n<p><a href=\"https:\/\/ufprbr0.sharepoint.com\/:x:\/s\/GEPEC\/Eft_4dOa0sZLonwCbA0qZDsB1d2siT6nahm3SmVQTAR1wg\">Controle de Dispensas e Inexigibilidades de Licita\u00e7\u00e3o &#8211; 2022<\/a><\/p>\n<p><a href=\"https:\/\/ufprbr0.sharepoint.com\/:x:\/s\/GEPEC\/EXUI7y-AtMJOrj5SKzMLc2gB5gjL0k2ObxYRyJrjlhyYyw?e=IvHkGU\">Controle de Dispensas e Inexigibilidades de Licita\u00e7\u00e3o &#8211; 2021<\/a><\/p>\n<ul>\n<li><a href=\"https:\/\/proad.ufpr.br\/licitacoes\/files\/2022\/04\/DISPENSAS2021.pdf\" target=\"_blank\" rel=\"noopener\">Relat\u00f3rio das dispensas realizadas<\/a><\/li>\n<li><a href=\"https:\/\/proad.ufpr.br\/licitacoes\/files\/2022\/04\/INEX2021.pdf\" target=\"_blank\" rel=\"noopener\">Relat\u00f3rio das inexigibilidades realizadas<\/a><\/li>\n<li>Relat\u00f3rio dos limites para dispensa de licita\u00e7\u00e3o\u00a0 (<a href=\"https:\/\/proad.ufpr.br\/licitacoes\/files\/2022\/04\/Saldo_dispensas-inciso-1.pdf\" target=\"_blank\" rel=\"noopener\">inciso I<\/a> e <a href=\"https:\/\/proad.ufpr.br\/licitacoes\/files\/2022\/04\/Saldo_dispensas.pdf\" target=\"_blank\" rel=\"noopener\">inciso II<\/a>)<\/li>\n<\/ul>\n<p><a href=\"https:\/\/docs.google.com\/spreadsheets\/d\/1Bcfw4x6zEyWuYq0Q0cvHLHEcC464kqG3h558No8NGoQ\/edit#gid=70271584\">Controle de Dispensas e Inexigibilidades de Licita\u00e7\u00e3o &#8211; 2020<\/a><\/p>\n<p><a href=\"https:\/\/docs.google.com\/spreadsheets\/d\/1D6VeCBfOJf--vT70aAHfTqq8VukRT7IFRLl983xqLrA\/edit?usp=sharing\">Controles de Dispensas e Inexigibilidades de Licita\u00e7\u00e3o &#8211; 2019<\/a><\/p>\n<p><a href=\"https:\/\/docs.google.com\/spreadsheets\/d\/1O2TI2Bz8mzqhtLl6Or1Ye6Al0l0jgOdXbJPEHKp5b5A\/edit#gid=908720757\" target=\"_blank\" rel=\"noopener\">Controles de Dispensas e Inexigibilidades de Licita\u00e7\u00e3o &#8211; 2018<\/a><\/p>\n","protected":false},"excerpt":{"rendered":"<p>A Nova Lei de Licita\u00e7\u00f5es (LEI N\u00ba 14.133, DE 1\u00ba DE ABRIL DE 2021), nos artigos 72 a 75, disciplina as Contrata\u00e7\u00f5es Diretas, realizadas sob a forma de dispensa ou de inexigibilidade de licita\u00e7\u00e3o. Os incisos I e II do art. 75 tratam das chamadas dispensas de licita\u00e7\u00e3o de pequeno valor, assim entendidas aquelas contrata\u00e7\u00f5es [&hellip;]<\/p>\n","protected":false},"author":11,"featured_media":0,"parent":0,"menu_order":0,"comment_status":"closed","ping_status":"closed","template":"","meta":{"footnotes":""},"class_list":["post-966","page","type-page","status-publish","hentry"],"_links":{"self":[{"href":"https:\/\/proad.ufpr.br\/licitacoes\/wp-json\/wp\/v2\/pages\/966","targetHints":{"allow":["GET"]}}],"collection":[{"href":"https:\/\/proad.ufpr.br\/licitacoes\/wp-json\/wp\/v2\/pages"}],"about":[{"href":"https:\/\/proad.ufpr.br\/licitacoes\/wp-json\/wp\/v2\/types\/page"}],"author":[{"embeddable":true,"href":"https:\/\/proad.ufpr.br\/licitacoes\/wp-json\/wp\/v2\/users\/11"}],"replies":[{"embeddable":true,"href":"https:\/\/proad.ufpr.br\/licitacoes\/wp-json\/wp\/v2\/comments?post=966"}],"version-history":[{"count":46,"href":"https:\/\/proad.ufpr.br\/licitacoes\/wp-json\/wp\/v2\/pages\/966\/revisions"}],"predecessor-version":[{"id":17826,"href":"https:\/\/proad.ufpr.br\/licitacoes\/wp-json\/wp\/v2\/pages\/966\/revisions\/17826"}],"wp:attachment":[{"href":"https:\/\/proad.ufpr.br\/licitacoes\/wp-json\/wp\/v2\/media?parent=966"}],"curies":[{"name":"wp","href":"https:\/\/api.w.org\/{rel}","templated":true}]}}