{"id":9586,"date":"2020-11-12T16:09:00","date_gmt":"2020-11-12T18:09:00","guid":{"rendered":"https:\/\/proad.ufpr.br\/licitacoes\/?page_id=9586"},"modified":"2025-06-26T18:12:58","modified_gmt":"2025-06-26T21:12:58","slug":"licitacoes-de-anos-anteriores","status":"publish","type":"page","link":"https:\/\/proad.ufpr.br\/licitacoes\/licitacoes-de-anos-anteriores\/","title":{"rendered":"Licita\u00e7\u00f5es de anos anteriores"},"content":{"rendered":"<p>Consulte, a partir dos links abaixo, o andamento de processos de licita\u00e7\u00e3o de anos anteriores:<\/p>\n<p><a href=\"https:\/\/docs.google.com\/spreadsheets\/d\/1S7pEuz41n8fopb7fDtdHzFRswizQFUg2vIEZuGxf76A\/edit?usp=sharing\" target=\"_blank\" rel=\"noopener\">Licita\u00e7\u00f5es 2014<\/a><\/p>\n<p><a href=\"https:\/\/docs.google.com\/spreadsheets\/d\/1Zp6b1qVSkXenyXrv1UiTOC5ldR55f9POhxvM9jEuIhk\/edit?usp=sharing\" target=\"_blank\" rel=\"noopener\">Licita\u00e7\u00f5es 2015<\/a><\/p>\n<p><a href=\"https:\/\/docs.google.com\/spreadsheets\/d\/1AWiXDjKIcx8DRsIItIdo7-iz0vbhMafmsuWKOTT2uzw\/edit?usp=sharing\" target=\"_blank\" rel=\"noopener\">Licita\u00e7\u00f5es 2016<\/a><\/p>\n<p><a href=\"https:\/\/docs.google.com\/spreadsheets\/d\/1ydrYnT6VE8coenMVunjQ5I3Fh4ZZxC7uwIgFzcp_W34\/edit?usp=sharing\" target=\"_blank\" rel=\"noopener\">Licita\u00e7\u00f5es 2017<\/a><\/p>\n<p><a href=\"https:\/\/docs.google.com\/spreadsheets\/d\/1_6cLYTh-M1LCmcLe5W1MVQbVM3Gavzd0l6tD2tVhcdo\/edit?usp=sharing\" target=\"_blank\" rel=\"noopener\">Licita\u00e7\u00f5es 2018<\/a><\/p>\n<p><a href=\"https:\/\/docs.google.com\/spreadsheets\/d\/1XJyw6upip_WLpyBM8o88-lBRfR-ThB-XjR1TnOh-TTM\/edit?usp=sharing\" target=\"_blank\" rel=\"noopener\">Licita\u00e7\u00f5es 2019<\/a><\/p>\n<p><a href=\"https:\/\/docs.google.com\/spreadsheets\/d\/1hhSkuBkmlXHtml8I17zMx6bQ2nTXZG729_87uACFp0Y\/edit?usp=sharing\" target=\"_blank\" rel=\"noopener\">Licita\u00e7\u00f5es 2020<\/a><\/p>\n<p><a href=\"https:\/\/ufprbr0.sharepoint.com\/:x:\/s\/GEPEC\/ESjliW1CN4xNhoq_1p6u6d0BbKkxpPID88zhuqedUgIqCQ?e=mo9CUK\">Licita\u00e7\u00f5es 2021<\/a><\/p>\n<p><a href=\"https:\/\/ufprbr0.sharepoint.com\/:x:\/s\/GEPEC\/Ea9Cq3rmCIpFp0xDR-LPiCQBPy20_jEffX-bwLPpxXUZYw?e=ffMKrp\" target=\"_blank\" rel=\"noopener\">Licita\u00e7\u00f5es 2022<\/a><\/p>\n<p><a href=\"https:\/\/ufprbr0.sharepoint.com\/:x:\/s\/GEPEC\/ESOVEptZuQNHt_PrrpStGbYBHp4kM9yDN_pfx5vdy9q72Q?e=tIBbmb\" target=\"_blank\" rel=\"noopener\">Licita\u00e7\u00f5es 2023<\/a><\/p>\n<p><a href=\"https:\/\/ufprbr0.sharepoint.com\/:x:\/s\/GEPEC\/ES5LSvSKqtRGlQf0wAQaYLkBB5LWsUofm8dh_TqgGO26-w?e=J9lEfi\" target=\"_blank\" rel=\"noopener\">Licita\u00e7\u00f5es 2024<\/a><\/p>\n","protected":false},"excerpt":{"rendered":"<p>Consulte, a partir dos links abaixo, o andamento de processos de licita\u00e7\u00e3o de anos anteriores: Licita\u00e7\u00f5es 2014 Licita\u00e7\u00f5es 2015 Licita\u00e7\u00f5es 2016 Licita\u00e7\u00f5es 2017 Licita\u00e7\u00f5es 2018 Licita\u00e7\u00f5es 2019 Licita\u00e7\u00f5es 2020 Licita\u00e7\u00f5es 2021 Licita\u00e7\u00f5es 2022 Licita\u00e7\u00f5es 2023 Licita\u00e7\u00f5es 2024<\/p>\n","protected":false},"author":1797,"featured_media":0,"parent":0,"menu_order":0,"comment_status":"closed","ping_status":"closed","template":"","meta":{"footnotes":""},"class_list":["post-9586","page","type-page","status-publish","hentry"],"_links":{"self":[{"href":"https:\/\/proad.ufpr.br\/licitacoes\/wp-json\/wp\/v2\/pages\/9586","targetHints":{"allow":["GET"]}}],"collection":[{"href":"https:\/\/proad.ufpr.br\/licitacoes\/wp-json\/wp\/v2\/pages"}],"about":[{"href":"https:\/\/proad.ufpr.br\/licitacoes\/wp-json\/wp\/v2\/types\/page"}],"author":[{"embeddable":true,"href":"https:\/\/proad.ufpr.br\/licitacoes\/wp-json\/wp\/v2\/users\/1797"}],"replies":[{"embeddable":true,"href":"https:\/\/proad.ufpr.br\/licitacoes\/wp-json\/wp\/v2\/comments?post=9586"}],"version-history":[{"count":8,"href":"https:\/\/proad.ufpr.br\/licitacoes\/wp-json\/wp\/v2\/pages\/9586\/revisions"}],"predecessor-version":[{"id":17069,"href":"https:\/\/proad.ufpr.br\/licitacoes\/wp-json\/wp\/v2\/pages\/9586\/revisions\/17069"}],"wp:attachment":[{"href":"https:\/\/proad.ufpr.br\/licitacoes\/wp-json\/wp\/v2\/media?parent=9586"}],"curies":[{"name":"wp","href":"https:\/\/api.w.org\/{rel}","templated":true}]}}