{"id":955,"date":"2017-12-22T15:13:00","date_gmt":"2017-12-22T17:13:00","guid":{"rendered":"https:\/\/proad.ufpr.br\/licitacoes\/?page_id=955"},"modified":"2024-11-26T11:26:14","modified_gmt":"2024-11-26T14:26:14","slug":"catalogo-de-materiais","status":"publish","type":"page","link":"https:\/\/proad.ufpr.br\/licitacoes\/upcl\/catalogo-de-materiais\/","title":{"rendered":"CAT\u00c1LOGO DE MATERIAIS"},"content":{"rendered":"<p>Com a publica\u00e7\u00e3o da <a href=\"https:\/\/sei.ufpr.br\/sei\/web\/controlador.php?acao=procedimento_trabalhar&amp;id_procedimento=5578603&amp;id_documento=5578671\" target=\"_blank\" rel=\"noopener\">Instru\u00e7\u00e3o Normativa CLIC\/PRA\/UFPR N\u00ba 02, de 09 de dezembro de 2022<\/a>, as unidades t\u00eam a possibilidade de reservar quantitativos de itens previamente dispostos no cat\u00e1logo de materiais organizado pela Unidade de Planejamento e Controle. <a href=\"https:\/\/docs.google.com\/spreadsheets\/d\/1WIGOmLx93zLp2cS7wYCElYowiV5lKvmuRyi-1w5IIDc\/edit?usp=sharing\" target=\"_blank\" rel=\"noopener\">Clique para acessar o cat\u00e1logo<\/a>.<\/p>\n<p>Como funciona:<\/p>\n<ul>\n<li>Cada item tem um c\u00f3digo de 8 d\u00edgitos, em que \u00e9 poss\u00edvel identificar o ano em que o item foi inclu\u00eddo no cat\u00e1logo, a categoria de material e um n\u00famero sequencial;<\/li>\n<li>As unidades poder\u00e3o reservar quantitativos dos itens, informando o c\u00f3digo e a quantidade via processo no SEI como formul\u00e1rio \u201cLicita\u00e7\u00e3o: reserva de itens do cat\u00e1logo\u201d;<\/li>\n<li>Caso a unidade deseje solicitar a inclus\u00e3o de item no cat\u00e1logo, poder\u00e1 faz\u00ea-lo atrav\u00e9s de processo SEI tipo \u201cCLIC: Cat\u00e1logo de itens para Licita\u00e7\u00e3o\u201d com a utiliza\u00e7\u00e3o do formul\u00e1rio \u201cLicita\u00e7\u00e3o: inclus\u00e3o de itens em cat\u00e1logo\u201d, desde que os mesmos possuam a mesma natureza dos objetos gerenciados pela UPCL e atendam uma das seguintes hip\u00f3teses:\n<ul>\n<li>demanda com car\u00e1ter continuado com previs\u00e3o de entregas parceladas durante o exerc\u00edcio financeiro<\/li>\n<li>demanda comum a mais de um Setor, Pr\u00f3-Reitoria ou Superintend\u00eancia, devendo cada demandante manifestar concord\u00e2ncia com a solicita\u00e7\u00e3o, bem como apresentar quantidade pretendida de aquisi\u00e7\u00e3o e indicar servidor respons\u00e1vel para atuar junto \u00e0 equipe de planejamento.<\/li>\n<\/ul>\n<\/li>\n<\/ul>\n<p>O cat\u00e1logo n\u00e3o ser\u00e1 est\u00e1tico:<\/p>\n<ul>\n<li>As descri\u00e7\u00f5es dos itens ser\u00e3o revisadas durante a etapa de pesquisa de pre\u00e7os de cada licita\u00e7\u00e3o, anualmente;<\/li>\n<li>Itens n\u00e3o adquiridos por dois anos consecutivos, ser\u00e3o removidos do cat\u00e1logo;<\/li>\n<li>Itens cuja inclus\u00e3o tenha sido solicitada por unidade espec\u00edfica e tenham sido adquiridos por v\u00e1rias unidades poder\u00e3o ser inclu\u00eddos no cat\u00e1logo permanente.<\/li>\n<\/ul>\n\n\n<p><\/p>\n","protected":false},"excerpt":{"rendered":"<p>Com a publica\u00e7\u00e3o da Instru\u00e7\u00e3o Normativa CLIC\/PRA\/UFPR N\u00ba 02, de 09 de dezembro de 2022, as unidades t\u00eam a possibilidade de reservar quantitativos de itens previamente dispostos no cat\u00e1logo de materiais organizado pela Unidade de Planejamento e Controle. Clique para acessar o cat\u00e1logo. Como funciona: Cada item tem um c\u00f3digo de 8 d\u00edgitos, em que [&hellip;]<\/p>\n","protected":false},"author":1797,"featured_media":0,"parent":313,"menu_order":4,"comment_status":"closed","ping_status":"closed","template":"","meta":{"footnotes":""},"class_list":["post-955","page","type-page","status-publish","hentry"],"_links":{"self":[{"href":"https:\/\/proad.ufpr.br\/licitacoes\/wp-json\/wp\/v2\/pages\/955","targetHints":{"allow":["GET"]}}],"collection":[{"href":"https:\/\/proad.ufpr.br\/licitacoes\/wp-json\/wp\/v2\/pages"}],"about":[{"href":"https:\/\/proad.ufpr.br\/licitacoes\/wp-json\/wp\/v2\/types\/page"}],"author":[{"embeddable":true,"href":"https:\/\/proad.ufpr.br\/licitacoes\/wp-json\/wp\/v2\/users\/1797"}],"replies":[{"embeddable":true,"href":"https:\/\/proad.ufpr.br\/licitacoes\/wp-json\/wp\/v2\/comments?post=955"}],"version-history":[{"count":11,"href":"https:\/\/proad.ufpr.br\/licitacoes\/wp-json\/wp\/v2\/pages\/955\/revisions"}],"predecessor-version":[{"id":16118,"href":"https:\/\/proad.ufpr.br\/licitacoes\/wp-json\/wp\/v2\/pages\/955\/revisions\/16118"}],"up":[{"embeddable":true,"href":"https:\/\/proad.ufpr.br\/licitacoes\/wp-json\/wp\/v2\/pages\/313"}],"wp:attachment":[{"href":"https:\/\/proad.ufpr.br\/licitacoes\/wp-json\/wp\/v2\/media?parent=955"}],"curies":[{"name":"wp","href":"https:\/\/api.w.org\/{rel}","templated":true}]}}