{"id":4075,"date":"2019-04-11T14:00:59","date_gmt":"2019-04-11T17:00:59","guid":{"rendered":"https:\/\/proad.ufpr.br\/licitacoes\/?page_id=4075"},"modified":"2019-11-12T13:45:06","modified_gmt":"2019-11-12T15:45:06","slug":"ordens-de-servicos","status":"publish","type":"page","link":"https:\/\/proad.ufpr.br\/licitacoes\/ordens-de-servicos\/","title":{"rendered":"Ordens de Servi\u00e7o"},"content":{"rendered":"<p>2019<\/p>\n<p><a href=\"https:\/\/proad.ufpr.br\/licitacoes\/files\/2019\/04\/Ordem-de-Servi\u00e7o-003-2019-Procedimentos-para-Aquisi\u00e7\u00e3o.pdf\">OS n.\u00ba 003\/2019 &#8211; PRA &#8211; Regulamenta aquisi\u00e7\u00e3o de bens por licita\u00e7\u00e3o<\/a><\/p>\n<p><a href=\"https:\/\/proad.ufpr.br\/licitacoes\/files\/2019\/04\/SEI_UFPR-1743700-Ordem-de-Servi\u00e7o.pdf\">OS n.\u00ba 004\/2019 \u2013 PRA \u2013 Regulamenta contrata\u00e7\u00e3o de servi\u00e7os por licita\u00e7\u00e3o<\/a><\/p>\n<p><a href=\"https:\/\/proad.ufpr.br\/licitacoes\/files\/2019\/04\/Ordem-de-Servi\u00e7o-005-2019-Regulamenta-Dispensas-e-Inexigibilidades.pdf\">OS n.\u00ba 005\/2019 \u2013 PRA \u2013 Regulamenta procedimentos de Dispensa e Inexigibilidade de Licita\u00e7\u00e3o<\/a>\u00a0&#8211; SUSPENSA<\/p>\n<p><a href=\"https:\/\/proad.ufpr.br\/licitacoes\/files\/2019\/04\/Ordem_de_Servico_011_2019-Suspende-OS-005.2019.pdf\">OS n.\u00ba 011\/2019 \u2013 PRA \u2013\u00a0 Suspende OS 005.2019 &#8211; PRA<\/a><\/p>\n<p><a href=\"https:\/\/proad.ufpr.br\/licitacoes\/files\/2019\/04\/SEI_UFPR-2093530-Ordem-de-Servi\u00e7o.pdf\">OS n.\u00ba 013\/2019 &#8211; PRA &#8211; Suspende a OS 005.2019-PRA de modo indeterminado<\/a><\/p>\n<p>2018<\/p>\n<p><a href=\"https:\/\/proad.ufpr.br\/licitacoes\/files\/2019\/04\/Ordem-de-Servi\u00e7o-008-2018-PARF.pdf\">OS n.\u00ba 008\/2018 &#8211; PRA\u00a0 &#8211; Regulamenta Processos de Apura\u00e7\u00e3o de Responsabilidade de Fornecedores &#8211; PARF<\/a><\/p>\n<p><a href=\"https:\/\/proad.ufpr.br\/licitacoes\/files\/2019\/04\/ORDEM-DE-SERVI\u00c7O-001-2018-GR-SIDEC.pdf\">OS n.\u00ba 001\/2018 &#8211; GR\u00a0 &#8211; Determina normas de transpar\u00eancia\u00a0 para as contrata\u00e7\u00f5es da UFPR<\/a><\/p>\n<p>&nbsp;<\/p>\n<p>&nbsp;<\/p>\n","protected":false},"excerpt":{"rendered":"<p>2019 OS n.\u00ba 003\/2019 &#8211; PRA &#8211; Regulamenta aquisi\u00e7\u00e3o de bens por licita\u00e7\u00e3o OS n.\u00ba 004\/2019 \u2013 PRA \u2013 Regulamenta contrata\u00e7\u00e3o de servi\u00e7os por licita\u00e7\u00e3o OS n.\u00ba 005\/2019 \u2013 PRA \u2013 Regulamenta procedimentos de Dispensa e Inexigibilidade de Licita\u00e7\u00e3o\u00a0&#8211; SUSPENSA OS n.\u00ba 011\/2019 \u2013 PRA \u2013\u00a0 Suspende OS 005.2019 &#8211; PRA OS n.\u00ba 013\/2019 &#8211; [&hellip;]<\/p>\n","protected":false},"author":11,"featured_media":0,"parent":0,"menu_order":0,"comment_status":"closed","ping_status":"closed","template":"","meta":{"footnotes":""},"class_list":["post-4075","page","type-page","status-publish","hentry"],"_links":{"self":[{"href":"https:\/\/proad.ufpr.br\/licitacoes\/wp-json\/wp\/v2\/pages\/4075","targetHints":{"allow":["GET"]}}],"collection":[{"href":"https:\/\/proad.ufpr.br\/licitacoes\/wp-json\/wp\/v2\/pages"}],"about":[{"href":"https:\/\/proad.ufpr.br\/licitacoes\/wp-json\/wp\/v2\/types\/page"}],"author":[{"embeddable":true,"href":"https:\/\/proad.ufpr.br\/licitacoes\/wp-json\/wp\/v2\/users\/11"}],"replies":[{"embeddable":true,"href":"https:\/\/proad.ufpr.br\/licitacoes\/wp-json\/wp\/v2\/comments?post=4075"}],"version-history":[{"count":11,"href":"https:\/\/proad.ufpr.br\/licitacoes\/wp-json\/wp\/v2\/pages\/4075\/revisions"}],"predecessor-version":[{"id":6555,"href":"https:\/\/proad.ufpr.br\/licitacoes\/wp-json\/wp\/v2\/pages\/4075\/revisions\/6555"}],"wp:attachment":[{"href":"https:\/\/proad.ufpr.br\/licitacoes\/wp-json\/wp\/v2\/media?parent=4075"}],"curies":[{"name":"wp","href":"https:\/\/api.w.org\/{rel}","templated":true}]}}