{"id":401,"date":"2023-06-20T10:55:00","date_gmt":"2023-06-20T13:55:00","guid":{"rendered":"https:\/\/proad.ufpr.br\/licitacoes\/?page_id=401"},"modified":"2025-10-21T15:34:21","modified_gmt":"2025-10-21T18:34:21","slug":"professor-importacao-de-bens-consumopermanente","status":"publish","type":"page","link":"https:\/\/proad.ufpr.br\/licitacoes\/uacd\/professor-importacao-de-bens-consumopermanente\/","title":{"rendered":"Importa\u00e7\u00e3o de Bens"},"content":{"rendered":"<h4>\u00a0<\/h4>\n<h4 style=\"text-align: left\"><span style=\"color: #000000\"><strong>Passo 1 &#8211; Proforma <em>Invoice<\/em> \/ Fatura Proforma<\/strong><\/span><\/h4>\n<p>O primeiro passo para realizar uma Importa\u00e7\u00e3o \u00e9 obter junto ao Fornecedor\/Exportador (ou seu representante no Brasil) uma Proforma Invoice ou Fatura Proforma. Este \u00e9 o documento que registra e formaliza uma inten\u00e7\u00e3o de compra e venda. O documento \u00e9 utilizado apenas para car\u00e1ter informativo, como um or\u00e7amento ou uma proposta de negocia\u00e7\u00e3o.<\/p>\n<p>As principais informa\u00e7\u00f5es que deve constar na Proforma Invoice s\u00e3o:<\/p>\n<ul>\n<li>A Proforma <em>Invoice<\/em> dever\u00e1 estar em nome da UFPR;<\/li>\n<li>Dados do Exportador e do Importador (Nome, endere\u00e7o);<\/li>\n<li>Data de emiss\u00e3o e validade;<\/li>\n<li>Dados do fabricante (Caso n\u00e3o seja o pr\u00f3prio exportador);<\/li>\n<li>Descri\u00e7\u00e3o completa dos itens comercializados;<\/li>\n<li>HS Code (Sistema Harmonizado) ou NCM (Nomenclatura comum Mercosul)<\/li>\n<li>Peso bruto e peso l\u00edquido, bem como a quantidade de volumes;<\/li>\n<li>Pre\u00e7o total e unit\u00e1rio;<\/li>\n<li>Modalidade de Transporte e <em>Incoterm<\/em>;<\/li>\n<li>Local de Embarque e Desembarque;<\/li>\n<li>Prazo de entrega da mercadoria;<\/li>\n<li>Forma de pagamento e dados banc\u00e1rios;<\/li>\n<\/ul>\n<p>Veja um exemplo de Proforma Invoice neste <a href=\"https:\/\/proad.ufpr.br\/wp-content\/uploads\/2023\/09\/ORDRSP-20128303-1.pdf\">Link<\/a>.<\/p>\n<hr \/>\n<h4><span style=\"color: #000000\"><strong>Passo 2 &#8211; Solicita\u00e7\u00e3o de Importa\u00e7\u00e3o e Estimativa de Custos<\/strong><\/span><\/h4>\n<p>Ap\u00f3s receber a P<em>roforma Invoice<\/em>, abra um processo SEI (Tipo do Processo &#8211; Contrata\u00e7\u00e3o Direta) formalizando a solicita\u00e7\u00e3o de Importa\u00e7\u00e3o atrav\u00e9s de Of\u00edcio (<a href=\"https:\/\/proad.ufpr.br\/licitacoes\/files\/2023\/06\/Oficio-Solicitacao-Importacao-Bem.doc\">modelo aqui<\/a>) e encaminhe o processo para a Unidade de Importa\u00e7\u00f5es (PROAD\/CLIC\/UACD). A partir deste of\u00edcio, a Unidade de Importa\u00e7\u00f5es ir\u00e1 inserir uma &#8220;Planilha Estimativa de Custos de Importa\u00e7\u00e3o&#8221;, que ir\u00e1 descrever todos os custos para o pagamento do produto e dos servi\u00e7os necess\u00e1rios.<\/p>\n<p>Esta planilha tamb\u00e9m orientar\u00e1 as unidades or\u00e7ament\u00e1rias sobre os valores a serem empenhados.<\/p>\n<hr \/>\n<h4><span style=\"color: #000000\"><strong>Passo 3 \u2013 Indica\u00e7\u00e3o do Recurso Financeiro<\/strong><\/span><\/h4>\n<p>O recurso dever\u00e1 ser disponibilizado de acordo com sua origem:<\/p>\n<p><span style=\"color: #000000\">&#8211; <strong>CNPq Cart\u00e3o Pesquisa<\/strong>:<\/span> Solicitar emiss\u00e3o da GRU (Guia de Recolhimento da Uni\u00e3o) preenchendo o documento SEI &#8220;OR\u00c7. FIN: Formul\u00e1rio de Abertura de Conta de Controle (SEAR)&#8221; e tramitar o processo para a Se\u00e7\u00e3o de Arrecada\u00e7\u00e3o (PROPLAN\/DCF\/CAF\/SEAR) com valor informado na planilha estimativa de custos. Pagar a GRU e anex\u00e1-la ao processo para que a Unidade Or\u00e7ament\u00e1ria emita os empenhos. <em>(pode ser realizado em processo separado ao de importa\u00e7\u00e3o)<\/em><\/p>\n<p><span style=\"color: #3366ff\"><span style=\"color: #000000\">&#8211; <strong>Funda\u00e7\u00e3o Arauc\u00e1ria\/FDA\/PROAP\/J\u00e1 dispon\u00edvel na UFPR<\/strong>: <\/span><\/span><span style=\"font-size: revert;color: initial\">Despacho indicando a origem do recurso financeiro para que a Unidade Or\u00e7ament\u00e1ria siga com a emiss\u00e3o dos empenhos.<\/span><\/p>\n<hr \/>\n<h4><span style=\"color: #000000\"><strong>Passo 4 &#8211; Documentos de Instru\u00e7\u00e3o Processual\u00a0<\/strong><\/span><\/h4>\n<p>De acordo com a <a href=\"https:\/\/www.planalto.gov.br\/ccivil_03\/_ato2019-2022\/2021\/lei\/l14133.htm\">Lei 14.133<\/a> e <a href=\"https:\/\/sei.ufpr.br\/sei\/web\/modulos\/pesquisa\/md_pesq_documento_consulta_externa.php?9LibXMqGnN7gSpLFOOgUQFziRouBJ5VnVL5b7-UrE5TCpuRkmuYUhSQjqplz0mmvCSa5r7ICJEs7ub77o6cBgSC2yblysSTvpuTriIvO96MQ_2FOUau2ualYUPLUUfT6\">IN PRA\/PROPLAN\/PRPPG\/SUINFRA\/UFPR N\u00ba 01 de 10\/03\/23<\/a> os processos de contrata\u00e7\u00e3o direta que compreendem os casos de inexigibilidade e de dispensa de licita\u00e7\u00e3o, dever\u00e3o ser instru\u00eddos com os seguintes documentos:<\/p>\n<p>.<\/p>\n<ul>\n<li><strong>Inexigibilidade de Licita\u00e7\u00e3o (Art. 74 da Lei 14.133\/2021):<\/strong><\/li>\n<\/ul>\n<p>&#8211; Documento de Formaliza\u00e7\u00e3o de Demanda (DFD);<\/p>\n<p>&#8211; Estudo T\u00e9cnico Preliminar;<\/p>\n<p>&#8211; An\u00e1lise de Riscos;<\/p>\n<p>&#8211; Termo de Refer\u00eancia; <em>(<a href=\"https:\/\/proad.ufpr.br\/licitacoes\/files\/2024\/04\/Modelo-TR-Material-Permanente-Importacao.docx\">modelo impo<\/a>)<\/em><\/p>\n<p>&#8211; Aprova\u00e7\u00e3o do ETP e TR (Assinada pelo Ordenador de Despesas)<\/p>\n<p>&#8211; Declara\u00e7\u00e3o Consolidada<\/p>\n<p>&#8211; Informa\u00e7\u00e3o sobre disponibilidade or\u00e7ament\u00e1ria;<\/p>\n<p>&#8211; Demonstra\u00e7\u00e3o de Inviabilidade de Competi\u00e7\u00e3o;<\/p>\n<p>&#8211; \u00a0Justificativa do Pre\u00e7o;<\/p>\n<p>.<\/p>\n<ul>\n<li><strong>Dispensa de Licita\u00e7\u00e3o para Pesquisa (Art. 75, inciso IV, al\u00edneas &#8220;c\u201d e \u201cd\u201d da Lei 14.133\/2021):<\/strong><\/li>\n<\/ul>\n<p>&#8211; Documento de Formaliza\u00e7\u00e3o de Demanda (DFD);<\/p>\n<p>&#8211; Estudo T\u00e9cnico Preliminar;<\/p>\n<p>&#8211; An\u00e1lise de Riscos;<\/p>\n<p>&#8211; Termo de Refer\u00eancia; <em>(<a href=\"https:\/\/proad.ufpr.br\/licitacoes\/files\/2024\/04\/Modelo-TR-Material-Permanente-Importacao.docx\">modelo impo<\/a>)<\/em><\/p>\n<p>&#8211; Aprova\u00e7\u00e3o do ETP e TR (Assinada pelo Ordenador de Despesas)<\/p>\n<p>&#8211; Declara\u00e7\u00e3o Consolidada<\/p>\n<p>&#8211; Informa\u00e7\u00e3o sobre disponibilidade or\u00e7ament\u00e1ria;<\/p>\n<p>&#8211; Justificativa do Pre\u00e7o;<\/p>\n<p>.<\/p>\n<p><em>Para mais informa\u00e7\u00f5es sobre o preenchimento dos documentos <a href=\"https:\/\/sei.ufpr.br\/sei\/web\/modulos\/pesquisa\/md_pesq_documento_consulta_externa.php?9LibXMqGnN7gSpLFOOgUQFziRouBJ5VnVL5b7-UrE5TCpuRkmuYUhSQjqplz0mmvCSa5r7ICJEs7ub77o6cBgSC2yblysSTvpuTriIvO96MQ_2FOUau2ualYUPLUUfT6\">clique aqui<\/a> ou entre em contato com a Unidade de Importa\u00e7\u00f5es.<\/em><\/p>\n<p><em>Obs: Caso sua aquisi\u00e7\u00e3o seja de um fornecedor exclusivo e a mesma tenha como objetivo a utiliza\u00e7\u00e3o em Pesquisa, o processo deve ser instru\u00eddo pelo Art. 74 &#8211; Inexigibilidade de Licita\u00e7\u00e3o, conforme entendimento desta Unidade de Importa\u00e7\u00f5es e da Procuradoria Federal da UFPR, de acordo com <a href=\"https:\/\/proad.ufpr.br\/licitacoes\/files\/2023\/06\/PARECER.pdf\">PARECER n.\u00ba 00337\/2022\/PROC\/PFUFPR\/PGF\/AGU<\/a>.<\/em><\/p>\n<hr \/>\n<p><span style=\"color: #808080;text-align: center\">\u00a0 \u00a0 \u00a0 \u00a0 \u00a0 \u00a0 \u00a0 \u00a0 \u00a0 \u00a0 \u00a0 \u00a0 \u00a0 \u00a0 \u00a0 \u00a0 \u00a0 \u00a0 \u00a0 \u00a0 \u00a0 \u00a0 \u00a0 \u00a0 \u00a0 \u00a0 \u00a0 \u00a0 \u00a0 \u00a0\u00a0<\/span><\/p>\n<h3 style=\"padding-left: 30px;text-align: right\"><strong><span style=\"color: #000080\">\u00a0 \u00a0 \u00a0 \u00a0 \u00a0 \u00a0 \u00a0 \u00a0 \u00a0 \u00a0 \u00a0 \u00a0 \u00a0 \u00a0 \u00a0 \u00a0 \u00a0 \u00a0 \u00a0 \u00a0 \u00a0 \u00a0 \u00a0 \u00a0 \u00a0 \u00a0 \u00a0 \u00a0 \u00a0 \u00a0 \u00a0 <\/span><span style=\"color: #000080\"><span style=\"color: #ff6600\">PRONTO!\u00a0<\/span><\/span><\/strong><\/h3>\n<h3 style=\"padding-left: 30px;text-align: right\"><strong><span style=\"color: #ff6600\">O processo j\u00e1 pode seguir para a Unidade Or\u00e7ament\u00e1ria<\/span><\/strong><\/h3>\n<p><strong>SAIBA MAIS<\/strong><\/p>\n<p><strong>Lei 14133\/2021<\/strong> &#8211; Estabelece normas gerais de licita\u00e7\u00e3o e contrata\u00e7\u00e3o; (<a href=\"https:\/\/www.planalto.gov.br\/ccivil_03\/_ato2019-2022\/2021\/lei\/l14133.htm\">clique aqui<\/a>)<\/p>\n<p><strong>IN PRA-PROPLAN-PRPPG-SUINFRA\/UFPR N\u00ba 01\/05\/23<\/strong>; (<a href=\"https:\/\/sei.ufpr.br\/sei\/web\/modulos\/pesquisa\/md_pesq_documento_consulta_externa.php?9LibXMqGnN7gSpLFOOgUQFziRouBJ5VnVL5b7-UrE5TCpuRkmuYUhSQjqplz0mmvCSa5r7ICJEs7ub77o6cBgSC2yblysSTvpuTriIvO96MQ_2FOUau2ualYUPLUUfT6\">clique aqui<\/a>)<\/p>\n<p><strong>Regulamentos e Modelos para Instru\u00e7\u00e3o Processual (UFPR)<\/strong>; (<a href=\"https:\/\/proad.ufpr.br\/licitacoes\/central-de-compras-cecom\/nova-lei-de-licitacoes-e-contratos-administrativos\/\">clique aqui<\/a>)<\/p>\n<p><strong>Lei 8010\/1990 \u00a0\u2013<\/strong><em>\u00a0Disp\u00f5e sobre importa\u00e7\u00f5es de bens destinados \u00e0 pesquisa cient\u00edfica e tecnol\u00f3gica, e d\u00e1 outras provid\u00eancias\u00a0<\/em><a href=\"http:\/\/www.planalto.gov.br\/ccivil_03\/leis\/1989_1994\/L8010.htm\" target=\"_blank\" rel=\"noopener\">(clique aqui)<\/a><\/p>\n<p><strong>Lei 8032\/1990 \u2013\u00a0<\/strong><em>Disp\u00f5e sobre a isen\u00e7\u00e3o ou redu\u00e7\u00e3o de impostos de importa\u00e7\u00e3o, e d\u00e1 outras provid\u00eancias<\/em><strong>\u00a0<\/strong><a href=\"http:\/\/www.planalto.gov.br\/ccivil_03\/leis\/L8032.htm\" target=\"_blank\" rel=\"noopener\">(clique aqui)<\/a><\/p>\n<p><strong>Lei 13.243\/2016<\/strong>\u00a0\u2013 \u00a0<em>Disp\u00f5e sobre est\u00edmulos ao desenvolvimento cient\u00edfico, \u00e0 pesquisa, \u00e0 capacita\u00e7\u00e3o cient\u00edfica e tecnol\u00f3gica e \u00e0 inova\u00e7\u00e3o e altera\u00a0<\/em><a href=\"http:\/\/www.planalto.gov.br\/ccivil_03\/_ato2015-2018\/2016\/lei\/l13243.htm\" target=\"_blank\" rel=\"noopener\">(clique aqui)<\/a><\/p>\n<hr \/>\n\n\n<p><\/p>\n","protected":false},"excerpt":{"rendered":"<p>\u00a0 Passo 1 &#8211; Proforma Invoice \/ Fatura Proforma O primeiro passo para realizar uma Importa\u00e7\u00e3o \u00e9 obter junto ao Fornecedor\/Exportador (ou seu representante no Brasil) uma Proforma Invoice ou Fatura Proforma. Este \u00e9 o documento que registra e formaliza uma inten\u00e7\u00e3o de compra e venda. O documento \u00e9 utilizado apenas para car\u00e1ter informativo, como [&hellip;]<\/p>\n","protected":false},"author":1809,"featured_media":0,"parent":327,"menu_order":2,"comment_status":"closed","ping_status":"closed","template":"","meta":{"footnotes":""},"class_list":["post-401","page","type-page","status-publish","hentry"],"_links":{"self":[{"href":"https:\/\/proad.ufpr.br\/licitacoes\/wp-json\/wp\/v2\/pages\/401","targetHints":{"allow":["GET"]}}],"collection":[{"href":"https:\/\/proad.ufpr.br\/licitacoes\/wp-json\/wp\/v2\/pages"}],"about":[{"href":"https:\/\/proad.ufpr.br\/licitacoes\/wp-json\/wp\/v2\/types\/page"}],"author":[{"embeddable":true,"href":"https:\/\/proad.ufpr.br\/licitacoes\/wp-json\/wp\/v2\/users\/1809"}],"replies":[{"embeddable":true,"href":"https:\/\/proad.ufpr.br\/licitacoes\/wp-json\/wp\/v2\/comments?post=401"}],"version-history":[{"count":221,"href":"https:\/\/proad.ufpr.br\/licitacoes\/wp-json\/wp\/v2\/pages\/401\/revisions"}],"predecessor-version":[{"id":17521,"href":"https:\/\/proad.ufpr.br\/licitacoes\/wp-json\/wp\/v2\/pages\/401\/revisions\/17521"}],"up":[{"embeddable":true,"href":"https:\/\/proad.ufpr.br\/licitacoes\/wp-json\/wp\/v2\/pages\/327"}],"wp:attachment":[{"href":"https:\/\/proad.ufpr.br\/licitacoes\/wp-json\/wp\/v2\/media?parent=401"}],"curies":[{"name":"wp","href":"https:\/\/api.w.org\/{rel}","templated":true}]}}