{"id":3647,"date":"2019-01-10T19:09:42","date_gmt":"2019-01-10T21:09:42","guid":{"rendered":"https:\/\/proad.ufpr.br\/licitacoes\/?page_id=3647"},"modified":"2021-12-14T11:44:29","modified_gmt":"2021-12-14T14:44:29","slug":"memorandos-2019","status":"publish","type":"page","link":"https:\/\/proad.ufpr.br\/licitacoes\/memorandos-2019\/","title":{"rendered":"Memorandos 2019"},"content":{"rendered":"<p><a href=\"https:\/\/proad.ufpr.br\/licitacoes\/files\/2019\/01\/SEI_UFPR-2404742-Memorando-Circular-12.2019.pdf\">Memorando-circular n.\u00ba 012\/2019<\/a>\u00a0&#8211; Estabelece procedimentos para a emiss\u00e3o de atestados de capacidade t\u00e9cnica<\/p>\n<p><a href=\"https:\/\/proad.ufpr.br\/licitacoes\/files\/2019\/01\/SEI_UFPR-2192744-Memorando-Circular.pdf\">Memorando-circular conjunto n.\u00ba 011\/2019 &#8211; PROPLAN\/DCF\/DAF\/DELIC<\/a> &#8211; Procedimentos para regulariza\u00e7\u00e3o de certid\u00f5es negativas de fornecedores<\/p>\n<p>Memorando-circular n\u00ba11\/2019\u00a0&#8211; Procedimentos para registro do Plano Anual de Contrata\u00e7\u00f5es a partir do exerc\u00edcio 2021 (cadastro em 2020) &#8211; para acessar <a href=\"https:\/\/sei.ufpr.br\/sei\/web\/controlador_externo.php?acao=documento_conferir&amp;id_orgao_acesso_externo=0\">clique aqui<\/a> e use o verificador 2255203 e o c\u00f3digo CRC B565ECB7. <strong>Revogado pelo Memorando-circular n\u00ba 04\/2021.<\/strong><\/p>\n<p><a href=\"https:\/\/proad.ufpr.br\/licitacoes\/files\/2019\/01\/SEI_UFPR-1676234-Memorando-Circular-04-2019.pdf\">Memorando-circular n.\u00ba 004\/2019 <\/a>&#8211; Procedimentos para Autoriza\u00e7\u00e3o de Foodtrucks &#8211; Suspenso por consequ\u00eancia de suspens\u00e3o do edital de credenciamento 001\/2019<\/p>\n<p><a href=\"https:\/\/proad.ufpr.br\/licitacoes\/files\/2019\/01\/SEI_UFPR-1510376-Memorando-Circular-003.2019.pdf\">Memorando-circular n.\u00ba 003\/2019 <\/a>&#8211; Procedimentos para altera\u00e7\u00f5es contratuais em contratos com Dedica\u00e7\u00e3o Exclusiva de M\u00e3o de Obra (postos de servi\u00e7os)<\/p>\n<p><a href=\"https:\/\/proad.ufpr.br\/licitacoes\/files\/2019\/01\/SEI_UFPR-1510373-Memorando-Circular-002.2019.pdf\">Memorando-circular n.\u00ba 002\/2019 <\/a>&#8211; Orienta sobre a regulariza\u00e7\u00e3o do uso de espa\u00e7os f\u00edsicos da UFPR<\/p>\n<p>Memorando-circular n.\u00ba 001\/2019 &#8211; Estabelece procedimentos para a emiss\u00e3o de atestados de capacidade t\u00e9cnica (<a href=\"https:\/\/proad.ufpr.br\/licitacoes\/files\/2019\/01\/SEI_UFPR-2404742-Memorando-Circular-12.2019.pdf\">Substitu\u00eddo pelo Memorando-Circular 012\/2019<\/a>)<\/p>\n","protected":false},"excerpt":{"rendered":"<p>Memorando-circular n.\u00ba 012\/2019\u00a0&#8211; Estabelece procedimentos para a emiss\u00e3o de atestados de capacidade t\u00e9cnica Memorando-circular conjunto n.\u00ba 011\/2019 &#8211; PROPLAN\/DCF\/DAF\/DELIC &#8211; Procedimentos para regulariza\u00e7\u00e3o de certid\u00f5es negativas de fornecedores Memorando-circular n\u00ba11\/2019\u00a0&#8211; Procedimentos para registro do Plano Anual de Contrata\u00e7\u00f5es a partir do exerc\u00edcio 2021 (cadastro em 2020) &#8211; para acessar clique aqui e use o verificador [&hellip;]<\/p>\n","protected":false},"author":11,"featured_media":0,"parent":0,"menu_order":0,"comment_status":"closed","ping_status":"closed","template":"","meta":{"footnotes":""},"class_list":["post-3647","page","type-page","status-publish","hentry"],"_links":{"self":[{"href":"https:\/\/proad.ufpr.br\/licitacoes\/wp-json\/wp\/v2\/pages\/3647","targetHints":{"allow":["GET"]}}],"collection":[{"href":"https:\/\/proad.ufpr.br\/licitacoes\/wp-json\/wp\/v2\/pages"}],"about":[{"href":"https:\/\/proad.ufpr.br\/licitacoes\/wp-json\/wp\/v2\/types\/page"}],"author":[{"embeddable":true,"href":"https:\/\/proad.ufpr.br\/licitacoes\/wp-json\/wp\/v2\/users\/11"}],"replies":[{"embeddable":true,"href":"https:\/\/proad.ufpr.br\/licitacoes\/wp-json\/wp\/v2\/comments?post=3647"}],"version-history":[{"count":15,"href":"https:\/\/proad.ufpr.br\/licitacoes\/wp-json\/wp\/v2\/pages\/3647\/revisions"}],"predecessor-version":[{"id":11685,"href":"https:\/\/proad.ufpr.br\/licitacoes\/wp-json\/wp\/v2\/pages\/3647\/revisions\/11685"}],"wp:attachment":[{"href":"https:\/\/proad.ufpr.br\/licitacoes\/wp-json\/wp\/v2\/media?parent=3647"}],"curies":[{"name":"wp","href":"https:\/\/api.w.org\/{rel}","templated":true}]}}