{"id":351,"date":"2017-10-02T15:46:53","date_gmt":"2017-10-02T18:46:53","guid":{"rendered":"https:\/\/proad.ufpr.br\/licitacoes\/?page_id=351"},"modified":"2025-10-31T08:42:05","modified_gmt":"2025-10-31T11:42:05","slug":"comodatos","status":"publish","type":"page","link":"https:\/\/proad.ufpr.br\/licitacoes\/gerencia-de-contratos\/comodatos\/","title":{"rendered":"Comodatos"},"content":{"rendered":"<p><a href=\"https:\/\/drive.google.com\/open?id=1IFv5ZaYhF1Me4FvpNmtohnCkgllU-Uv2\" target=\"_blank\" rel=\"noopener\">Contrato de Comodato UFPR01\/2011 &#8211; Associa\u00e7\u00e3o Brasileira de Tenologia de Luz S\u00edncrotron &#8211; ABTLuS<\/a><\/p>\n<p><a href=\"https:\/\/drive.google.com\/file\/d\/1milFchZvwNSMFU6PUeLbKndzXL89Se1U\/view\">Contrato de Comodato n\u00ba 01\/2014 &#8211; CNPEM<\/a><\/p>\n<p><a href=\"https:\/\/intranet.ufpr.br\/sigea\/public\/acordo!view.action?acordo.id=7995\">Contrato de Comodato n\u00ba 62\/2021 &#8211; Optimus &#8211;\u00a0Organiza\u00e7\u00e3o Patrim\u00f4nio de Instrumentos Musicais de Uso Solid\u00e1rio<\/a><\/p>\n<p><a href=\"https:\/\/intranet.ufpr.br\/sigea\/public\/acordo!view.action?acordo.id=11114\">Contrato de Comodato n\u00ba 156\/2024<\/a> &#8211; LOCCUS DO BRASIL LTDA<\/p>\n<p><a href=\"https:\/\/drive.google.com\/file\/d\/1TkRDqNpM7kGe9BmWNIL2ZGYWvSbAg1Xy\/view\" target=\"_blank\" rel=\"noopener\">Contrato de Comodato &#8211; Embrapa<\/a><\/p>\n<p><a href=\"https:\/\/intranet.ufpr.br\/sigea\/public\/acordo!view.action?acordo.id=11405\">Contrato de Comodato 032\/2025 &#8211; Netzero Brasil Biochar Ltda<\/a><\/p>\n\n\n<p><a href=\"https:\/\/intranet.ufpr.br\/sigea\/public\/acordo!view.action?acordo.id=12007\">Contrato de Comodato &#8211; 2025 &#8211; TECPAR<\/a><\/p>\n","protected":false},"excerpt":{"rendered":"<p>Contrato de Comodato UFPR01\/2011 &#8211; Associa\u00e7\u00e3o Brasileira de Tenologia de Luz S\u00edncrotron &#8211; ABTLuS Contrato de Comodato n\u00ba 01\/2014 &#8211; CNPEM Contrato de Comodato n\u00ba 62\/2021 &#8211; Optimus &#8211;\u00a0Organiza\u00e7\u00e3o Patrim\u00f4nio de Instrumentos Musicais de Uso Solid\u00e1rio Contrato de Comodato n\u00ba 156\/2024 &#8211; LOCCUS DO BRASIL LTDA Contrato de Comodato &#8211; Embrapa Contrato de Comodato 032\/2025 [&hellip;]<\/p>\n","protected":false},"author":1759,"featured_media":0,"parent":349,"menu_order":0,"comment_status":"closed","ping_status":"closed","template":"","meta":{"footnotes":""},"class_list":["post-351","page","type-page","status-publish","hentry"],"_links":{"self":[{"href":"https:\/\/proad.ufpr.br\/licitacoes\/wp-json\/wp\/v2\/pages\/351","targetHints":{"allow":["GET"]}}],"collection":[{"href":"https:\/\/proad.ufpr.br\/licitacoes\/wp-json\/wp\/v2\/pages"}],"about":[{"href":"https:\/\/proad.ufpr.br\/licitacoes\/wp-json\/wp\/v2\/types\/page"}],"author":[{"embeddable":true,"href":"https:\/\/proad.ufpr.br\/licitacoes\/wp-json\/wp\/v2\/users\/1759"}],"replies":[{"embeddable":true,"href":"https:\/\/proad.ufpr.br\/licitacoes\/wp-json\/wp\/v2\/comments?post=351"}],"version-history":[{"count":19,"href":"https:\/\/proad.ufpr.br\/licitacoes\/wp-json\/wp\/v2\/pages\/351\/revisions"}],"predecessor-version":[{"id":17586,"href":"https:\/\/proad.ufpr.br\/licitacoes\/wp-json\/wp\/v2\/pages\/351\/revisions\/17586"}],"up":[{"embeddable":true,"href":"https:\/\/proad.ufpr.br\/licitacoes\/wp-json\/wp\/v2\/pages\/349"}],"wp:attachment":[{"href":"https:\/\/proad.ufpr.br\/licitacoes\/wp-json\/wp\/v2\/media?parent=351"}],"curies":[{"name":"wp","href":"https:\/\/api.w.org\/{rel}","templated":true}]}}