{"id":252,"date":"2016-12-21T10:47:17","date_gmt":"2016-12-21T12:47:17","guid":{"rendered":"https:\/\/proad.ufpr.br\/licitacoes\/?page_id=252"},"modified":"2016-12-21T10:48:26","modified_gmt":"2016-12-21T12:48:26","slug":"mapa-do-site","status":"publish","type":"page","link":"https:\/\/proad.ufpr.br\/licitacoes\/mapa-do-site\/","title":{"rendered":"Mapa do Site"},"content":{"rendered":"<ul>\n<li><a href=\"https:\/\/proad.ufpr.br\/licitacoes\/apresentacao\/\">Apresenta\u00e7\u00e3o<\/a><\/li>\n<li><a href=\"http:\/\/equipe\">Equipe<\/a><\/li>\n<li><a href=\"https:\/\/proad.ufpr.br\/licitacoes\/contato\/\">Contato<\/a><\/li>\n<li><a href=\"https:\/\/proad.ufpr.br\/licitacoes\/noticias\/\">Not\u00edcias<\/a><\/li>\n<\/ul>\n","protected":false},"excerpt":{"rendered":"<p>Apresenta\u00e7\u00e3o Equipe Contato Not\u00edcias<\/p>\n","protected":false},"author":1759,"featured_media":0,"parent":0,"menu_order":0,"comment_status":"closed","ping_status":"closed","template":"","meta":{"footnotes":""},"class_list":["post-252","page","type-page","status-publish","hentry"],"_links":{"self":[{"href":"https:\/\/proad.ufpr.br\/licitacoes\/wp-json\/wp\/v2\/pages\/252","targetHints":{"allow":["GET"]}}],"collection":[{"href":"https:\/\/proad.ufpr.br\/licitacoes\/wp-json\/wp\/v2\/pages"}],"about":[{"href":"https:\/\/proad.ufpr.br\/licitacoes\/wp-json\/wp\/v2\/types\/page"}],"author":[{"embeddable":true,"href":"https:\/\/proad.ufpr.br\/licitacoes\/wp-json\/wp\/v2\/users\/1759"}],"replies":[{"embeddable":true,"href":"https:\/\/proad.ufpr.br\/licitacoes\/wp-json\/wp\/v2\/comments?post=252"}],"version-history":[{"count":2,"href":"https:\/\/proad.ufpr.br\/licitacoes\/wp-json\/wp\/v2\/pages\/252\/revisions"}],"predecessor-version":[{"id":254,"href":"https:\/\/proad.ufpr.br\/licitacoes\/wp-json\/wp\/v2\/pages\/252\/revisions\/254"}],"wp:attachment":[{"href":"https:\/\/proad.ufpr.br\/licitacoes\/wp-json\/wp\/v2\/media?parent=252"}],"curies":[{"name":"wp","href":"https:\/\/api.w.org\/{rel}","templated":true}]}}