{"id":1713,"date":"2018-03-22T17:23:12","date_gmt":"2018-03-22T20:23:12","guid":{"rendered":"https:\/\/proad.ufpr.br\/licitacoes\/?page_id=1713"},"modified":"2021-03-04T07:47:11","modified_gmt":"2021-03-04T10:47:11","slug":"memorandos-circulares","status":"publish","type":"page","link":"https:\/\/proad.ufpr.br\/licitacoes\/memorandos-circulares\/","title":{"rendered":"Memorandos Circulares"},"content":{"rendered":"<p>Nesta se\u00e7\u00e3o ser\u00e3o encontrados memorandos-circulares que regulamentam mat\u00e9rias de interesse geral da UFPR. Memorandos que tratam de assuntos intrinsecamente ligados ao Departamento de Licita\u00e7\u00f5es e Contrata\u00e7\u00f5es ser\u00e3o encontrados somente nos processos correlatos.<\/p>\n<p><a href=\"https:\/\/proad.ufpr.br\/licitacoes\/memorandos-2021\/\">Memorandos 2021<\/a><\/p>\n<p><a href=\"https:\/\/proad.ufpr.br\/licitacoes\/memorandos-2020\/\">Memorandos 2020<\/a><\/p>\n<p><a href=\"https:\/\/proad.ufpr.br\/licitacoes\/memorandos-2019\/\">Memorandos 2019<\/a><\/p>\n<p><a href=\"https:\/\/proad.ufpr.br\/licitacoes\/memorandos-2018\/\">Memorandos 2018<\/a><\/p>\n","protected":false},"excerpt":{"rendered":"<p>Nesta se\u00e7\u00e3o ser\u00e3o encontrados memorandos-circulares que regulamentam mat\u00e9rias de interesse geral da UFPR. Memorandos que tratam de assuntos intrinsecamente ligados ao Departamento de Licita\u00e7\u00f5es e Contrata\u00e7\u00f5es ser\u00e3o encontrados somente nos processos correlatos. Memorandos 2021 Memorandos 2020 Memorandos 2019 Memorandos 2018<\/p>\n","protected":false},"author":1797,"featured_media":0,"parent":0,"menu_order":0,"comment_status":"closed","ping_status":"closed","template":"","meta":{"footnotes":""},"class_list":["post-1713","page","type-page","status-publish","hentry"],"_links":{"self":[{"href":"https:\/\/proad.ufpr.br\/licitacoes\/wp-json\/wp\/v2\/pages\/1713","targetHints":{"allow":["GET"]}}],"collection":[{"href":"https:\/\/proad.ufpr.br\/licitacoes\/wp-json\/wp\/v2\/pages"}],"about":[{"href":"https:\/\/proad.ufpr.br\/licitacoes\/wp-json\/wp\/v2\/types\/page"}],"author":[{"embeddable":true,"href":"https:\/\/proad.ufpr.br\/licitacoes\/wp-json\/wp\/v2\/users\/1797"}],"replies":[{"embeddable":true,"href":"https:\/\/proad.ufpr.br\/licitacoes\/wp-json\/wp\/v2\/comments?post=1713"}],"version-history":[{"count":30,"href":"https:\/\/proad.ufpr.br\/licitacoes\/wp-json\/wp\/v2\/pages\/1713\/revisions"}],"predecessor-version":[{"id":10065,"href":"https:\/\/proad.ufpr.br\/licitacoes\/wp-json\/wp\/v2\/pages\/1713\/revisions\/10065"}],"wp:attachment":[{"href":"https:\/\/proad.ufpr.br\/licitacoes\/wp-json\/wp\/v2\/media?parent=1713"}],"curies":[{"name":"wp","href":"https:\/\/api.w.org\/{rel}","templated":true}]}}