{"id":16428,"date":"2025-02-28T15:17:37","date_gmt":"2025-02-28T18:17:37","guid":{"rendered":"https:\/\/proad.ufpr.br\/licitacoes\/?page_id=16428"},"modified":"2026-04-24T16:07:27","modified_gmt":"2026-04-24T19:07:27","slug":"pregoes-2025","status":"publish","type":"page","link":"https:\/\/proad.ufpr.br\/licitacoes\/pregoes-2025\/","title":{"rendered":"PREG\u00d5ES 2025"},"content":{"rendered":"\n<p><a href=\"https:\/\/proad.ufpr.br\/licitacoes\/pe900012025\/\" data-type=\"link\" data-id=\"https:\/\/proad.ufpr.br\/licitacoes\/pe900012025\/\">PREG\u00c3O N\u00ba 90.001\/2025<\/a> &#8211; AQUISI\u00c7\u00c3O DE MATERIAIS DE CONSUMO DE USO COMUM PARA ATENDER \u00c0S NECESSIDADES DA SE\u00c7\u00c3O DE ALMOXARIFADO DA UNIDADE DE SUPRIMENTOS DA UNIVERSIDADE FEDERAL DO PARAN\u00c1<\/p>\n\n\n\n<p><a href=\"https:\/\/proad.ufpr.br\/licitacoes\/pregao-no-90-002-2025-contratacao-de-solucao-unificada-de-seguranca-e-conectividade\/\">PREG\u00c3O N\u00ba 90.002\/2025<\/a> &#8211; CONTRATA\u00c7\u00c3O DE SOLU\u00c7\u00c3O UNIFICADA DE SEGURAN\u00c7A E CONECTIVIDADE<\/p>\n\n\n\n<p><a href=\"https:\/\/proad.ufpr.br\/licitacoes\/pregao90003-2025\/\" data-type=\"link\" data-id=\"https:\/\/proad.ufpr.br\/licitacoes\/pregao90003-2025\/\">PREG\u00c3O N\u00ba 90.003\/2025<\/a> &#8211; AQUISI\u00c7\u00c3O DE MATERIAIS FARMACOL\u00d3GICOS (PARTE I) PARA ATENDER \u00c0S NECESSIDADES DO HOSPITAL VETERIN\u00c1RIO DO SETOR PALOTINA DA UNIVERSIDADE FEDERAL DO PARAN\u00c1<\/p>\n\n\n\n<p><a href=\"https:\/\/proad.ufpr.br\/licitacoes\/pregao-90-004-2025-aquisicao-de-materiais-farmacologicos-parte-2-para-atender-as-necessidades-do-hospital-veterinario-do-setor-palotina-da-universidade-federal-do-parana\/\" data-type=\"link\" data-id=\"https:\/\/proad.ufpr.br\/licitacoes\/pregao-90-004-2025-aquisicao-de-materiais-farmacologicos-parte-2-para-atender-as-necessidades-do-hospital-veterinario-do-setor-palotina-da-universidade-federal-do-parana\/\">PREG\u00c3O N\u00ba 90.004\/2025<\/a> &#8211; AQUISI\u00c7\u00c3O DE MATERIAIS FARMACOL\u00d3GICOS (PARTE 2) PARA ATENDER \u00c0S NECESSIDADES DO HOSPITAL VETERIN\u00c1RIO DO SETOR PALOTINA DA UNIVERSIDADE FEDERAL DO PARAN\u00c1<\/p>\n\n\n\n<p><a href=\"https:\/\/proad.ufpr.br\/licitacoes\/pregao-no-90-005-2025-aquisicao-de-materiais-de-consumo-de-uso-comum-para-atender-as-necessidades-da-secao-de-almoxarifado-da-unidade-de-suprimentos\/\">PREG\u00c3O N\u00ba 90.005\/2025<\/a> &#8211; AQUISI\u00c7\u00c3O DE MATERIAIS DE CONSUMO DE USO COMUM PARA ATENDER \u00c0S NECESSIDADES DA SE\u00c7\u00c3O DE ALMOXARIFADO DA UNIDADE DE SUPRIMENTOS<\/p>\n\n\n\n<p><a href=\"https:\/\/proad.ufpr.br\/licitacoes\/pregao-90-006-2025-contratacao-de-empresa-especializada-na-prestacao-de-servicos-de-suporte-as-aulas-praticas-para-atender-necessidades-de-alimentacao-hospedagem-e-transporte-de-diversas-unidades\/\" data-type=\"link\" data-id=\"https:\/\/proad.ufpr.br\/licitacoes\/pregao-90-006-2025-contratacao-de-empresa-especializada-na-prestacao-de-servicos-de-suporte-as-aulas-praticas-para-atender-necessidades-de-alimentacao-hospedagem-e-transporte-de-diversas-unidades\/\">PREG\u00c3O N\u00ba 90.006\/2025<\/a> &#8211; CONTRATA\u00c7\u00c3O DE EMPRESA ESPECIALIZADA NA PRESTA\u00c7\u00c3O DE SERVI\u00c7OS DE SUPORTE \u00c0S AULAS PR\u00c1TICAS, PARA ATENDER NECESSIDADES DE ALIMENTA\u00c7\u00c3O, HOSPEDAGEM E TRANSPORTE DE DIVERSAS UNIDADES DA UNIVERSIDADE FEDERAL DO PARAN\u00c1<\/p>\n\n\n\n<p><a href=\"https:\/\/proad.ufpr.br\/licitacoes\/pregao-no-90-007-2025-aquisicao-de-eletrodomesticos-e-equipamentos-diversos-para-atender-as-necessidades-de-diversas-necessidades-da-universidade-federal-do-parana\/\">PREG\u00c3O N\u00ba 90.007\/2025<\/a> &#8211; AQUISI\u00c7\u00c3O DE ELETRODOM\u00c9STICOS E EQUIPAMENTOS DIVERSOS PARA ATENDER \u00c0S NECESSIDADES DE DIVERSAS UNIDADES DA UNIVERSIDADE FEDERAL DO PARAN\u00c1<\/p>\n\n\n\n<p><a href=\"https:\/\/proad.ufpr.br\/licitacoes\/pregao-eletronico-no-90-008-2025-aquisicao-de-materiais-de-consumo-hospitalar-itens-remanescentes-para-atender-as-necessidades-de-diversas-unidades-da-ufpr\/\">PREG\u00c3O N\u00ba 90.008\/2025<\/a> &#8211; AQUISI\u00c7\u00c3O DE MATERIAIS DE CONSUMO HOSPITALAR (itens remanescentes) PARA ATENDER \u00c0S NECESSIDADES DE DIVERSAS UNIDADES DA UNIVERSIDADE FEDERAL DO PARAN\u00c1<\/p>\n\n\n\n<p><a href=\"https:\/\/proad.ufpr.br\/licitacoes\/pregao-no-90-009-2025\/\">PREG\u00c3O N\u00ba 90.009\/2025<\/a> &#8211; CONTRATA\u00c7\u00c3O DE EMPRESA ESPECIALIZADA NA PRESTA\u00c7\u00c3O DE SERVI\u00c7OS DE INSTALA\u00c7\u00c3O E MANUTEN\u00c7\u00c3O DE EXTINTORES, MANGUEIRAS E SINALIZA\u00c7\u00c3O HORIZONTAL PARA PROTE\u00c7\u00c3O CONTRA INC\u00caNDIOS<\/p>\n\n\n\n<p><a href=\"https:\/\/proad.ufpr.br\/licitacoes\/pregao-no-90-010-2025-aquisicao-de-materiais-de-consumo-de-uso-comum-para-atender-as-necessidades-da-unidade-de-suprimentos-da-universidade-federal-do-parana\/\">PREG\u00c3O N\u00ba 90.010\/2025<\/a> \u2013 AQUISI\u00c7\u00c3O DE MATERIAIS DE CONSUMO DE USO COMUM PARA ATENDER \u00c0S NECESSIDADES DA UNIDADE DE SUPRIMENTOS DA UNIVERSIDADE FEDERAL DO PARAN\u00c1<\/p>\n\n\n\n<p><a href=\"https:\/\/proad.ufpr.br\/licitacoes\/pregao-no-90-013-2025\/\">PREG\u00c3O N\u00ba 90.013\/2025<\/a> &#8211; CONTRATA\u00c7\u00c3O DE EMPRESA ESPECIALIZADA NO FORNECIMENTO DE REFEI\u00c7\u00d5ES PREPARADAS PARA EVENTOS PARA ATENDER DIVERSAS UNIDADES DA UNIVERSIDADE FEDERAL DO PARAN\u00c1<\/p>\n\n\n\n<p><a href=\"https:\/\/proad.ufpr.br\/licitacoes\/pregao-90014-2025\/\" data-type=\"link\" data-id=\"https:\/\/proad.ufpr.br\/licitacoes\/pregao-90014-2025\/\">PREG\u00c3O N\u00ba 90.014\/2025<\/a> &#8211; AQUISI\u00c7\u00c3O DE MATERIAIS DE CONSUMO DE TI PARA ATENDER A DIVERSAS UNIDADES DA UFPR REFERENTE A MANUTEN\u00c7\u00c3O DE EQUIPAMENTOS DE TIC<\/p>\n\n\n\n<p><a href=\"https:\/\/proad.ufpr.br\/licitacoes\/pregao-no-90-015-2025-contratacao-de-empresa-especializada-na-prestacao-de-servicos-de-controle-integrado-de-pragas-urbanas-e-vetores\/\">PREG\u00c3O N\u00ba 90.015\/2025<\/a> \u2013 CONTRATA\u00c7\u00c3O DE EMPRESA ESPECIALIZADA NA PRESTA\u00c7\u00c3O DE SERVI\u00c7OS DE CONTROLE INTEGRADO DE PRAGAS URBANAS E VETORES<\/p>\n\n\n\n<p><a href=\"https:\/\/proad.ufpr.br\/licitacoes\/pregao-90016-2025\">PREG\u00c3O N\u00ba 90.016\/2025<\/a> \u2013 AQUISI\u00c7\u00c3O DE MATERIAIS E EQUIPAMENTOS PARA BOMBEAMENTO DE \u00c1GUA E EFLUENTES, DESTINADOS AOS CAMPI E ESTRUTURAS DE CURITIBA E REGI\u00c3O METROPOLITANA, LITORAL E INTERIOR, DA UNIVERSIDADE FEDERAL DO PARAN\u00c1<\/p>\n\n\n\n<p><a href=\"https:\/\/proad.ufpr.br\/licitacoes\/pregao-90018-2025\/\">PREG\u00c3O N\u00ba 90.018\/2025<\/a> &#8211; CONTRATA\u00c7\u00c3O DE EMPRESA ESPECIALIZADA NA PRESTA\u00c7\u00c3O DE SERVI\u00c7OS DE LAVANDERIA PARA ATENDER NECESSIDADES DE DIVERSAS UNIDADES DA UNIVERSIDADE FEDERAL DO PARAN\u00c1<\/p>\n\n\n\n<p><a href=\"https:\/\/proad.ufpr.br\/licitacoes\/90019-25\/\" data-type=\"link\" data-id=\"https:\/\/proad.ufpr.br\/licitacoes\/90019-25\/\">PREG\u00c3O N\u00ba 90.019\/2025<\/a> \u2013 AQUISI\u00c7\u00c3O DE MATERIAIS DE CONSUMO DE USO COMUM PARA A UNIDADE DE SUPRIMENTOS DA UNIVERSIDADE FEDERAL DO PARAN\u00c1<\/p>\n\n\n\n<p><a href=\"https:\/\/proad.ufpr.br\/licitacoes\/pregao-90021-2025\">PREG\u00c3O N\u00ba 90.021\/2025<\/a> &#8211; AQUISI\u00c7\u00c3O DE MATERIAIS DE CONSUMO DE USO COMUM PARA A UNIDADE DE SUPRIMENTOS DA UNIVERSIDADE FEDERAL DO PARAN\u00c1<\/p>\n\n\n\n<p><a href=\"https:\/\/proad.ufpr.br\/licitacoes\/90022-25\" data-type=\"link\" data-id=\"https:\/\/proad.ufpr.br\/licitacoes\/90022-25\">PREG\u00c3O N\u00ba 90.022\/2025<\/a> &#8211; AQUISI\u00c7\u00c3O DE CAPACHOS E PERSIANAS, BEM COMO A CONTRATA\u00c7\u00c3O DE EMPRESA PARA MANUTEN\u00c7\u00c3O DE PERSIANAS, VISANDO ATENDER AS NECESSIDADES DE DIVERSAS UNIDADES DA UNIVERSIDADE FEDERAL DO PARAN\u00c1<\/p>\n\n\n\n<p><a href=\"https:\/\/proad.ufpr.br\/licitacoes\/pregao-no-90-023-2025-aquisicao-de-agua-mineral-natural-sem-gas-acondicionada-em-galoes-retornaveis-de-20l-para-atender-as-diversas-unidades-da-ufpr\/\">PREG\u00c3O N\u00ba 90.023\/2025<\/a> &#8211; AQUISI\u00c7\u00c3O DE \u00c1GUA MINERAL NATURAL SEM G\u00c1S, ACONDICIONADA EM GAL\u00d5ES RETORN\u00c1VEIS DE 20L PARA ATENDER \u00c0S DIVERSAS UNIDADES DA UFPR<\/p>\n\n\n\n<p><a href=\"https:\/\/proad.ufpr.br\/licitacoes\/pe90024-25\/\" data-type=\"page\" data-id=\"17344\">PREG\u00c3O N\u00ba 90.024\/2025<\/a> \u2013 AQUISI\u00c7\u00c3O DE LIXEIRAS DESTINADAS AOS CAMPI E ESTRUTURAS DE CURITIBA E REGI\u00c3O METROPOLITANA, LITORAL E INTERIOR, DA UNIVERSIDADE FEDERAL DO PARAN\u00c1<\/p>\n\n\n\n<p><a href=\"https:\/\/proad.ufpr.br\/licitacoes\/pe90026-2025\/\">PREG\u00c3O N\u00ba 90.026\/2025<\/a>&nbsp;\u2013 AQUISI\u00c7\u00c3O DE LICEN\u00c7AS EDUCACIONAIS DE SOFTWARES DE DESENHO GR\u00c1FICO, EDI\u00c7\u00c3O DE \u00c1UDIO E V\u00cdDEO E DOCUMENTOS EM PDF<\/p>\n\n\n\n<p><a href=\"https:\/\/proad.ufpr.br\/licitacoes\/pregao-no-90-027-2025-contratacao-de-empresa-especializada-na-prestacao-de-servicos-graficos-para-impressao-de-livros-agendas-e-outros-para-atender-as-necessidades-da-editora-da-unive\/\">PREG\u00c3O N\u00ba 90.027\/2025<\/a>&nbsp;\u2013 CONTRATA\u00c7\u00c3O DE EMPRESA ESPECIALIZADA NA PRESTA\u00c7\u00c3O DE SERVI\u00c7OS GR\u00c1FICOS PARA IMPRESS\u00c3O DE LIVROS, AGENDAS E OUTROS, PARA ATENDER AS NECESSIDADES DA EDITORA DA UNIVERSIDADE FEDERAL DO PARAN\u00c1<\/p>\n\n\n\n<p><a href=\"https:\/\/proad.ufpr.br\/licitacoes\/pregao-90-028-2025-aquisicao-de-materiais-de-consumo-hospitalar-parte-1-como-por-exemplo-materiais-para-aulas-praticas-na-area-da-saude-ou-para-procedimentos-internos-de-atendimento-a-professore\/\">PREG\u00c3O N\u00ba 90.028\/2025<\/a> &#8211; AQUISI\u00c7\u00c3O DE MATERIAIS DE CONSUMO HOSPITALAR (PARTE 1) COMO, POR EXEMPLO, MATERIAIS PARA AULAS PR\u00c1TICAS NA \u00c1REA DA SA\u00daDE OU PARA PROCEDIMENTOS INTERNOS DE ATENDIMENTO A PROFESSORES, ALUNOS E SERVIDORES EM GERAL, AL\u00c9M DE MATERIAIS PARA USO VETERIN\u00c1RIO, PARA ATENDER DIVERSAS UNIDADES DA UNIVERSIDADE FEDERAL DO PARAN\u00c1.&nbsp;<\/p>\n\n\n\n<p><a href=\"https:\/\/proad.ufpr.br\/licitacoes\/90029-2025\/\" data-type=\"link\" data-id=\"https:\/\/proad.ufpr.br\/licitacoes\/90029-2025\/\">PREG\u00c3O N\u00ba 90.029\/2025<\/a> \u2013 CONTRATA\u00c7\u00c3O DE EMPRESA ESPECIALIZADA PARA A REALIZA\u00c7\u00c3O DE SERVI\u00c7OS DE PODA, CORTE, DESTOCA E PLANTIO DE \u00c1RVORES A SEREM REALIZADOS EM TODOS OS CAMPI DA UNIVERSIDADE FEDERAL DO PARAN\u00c1<\/p>\n\n\n\n<p><a href=\"https:\/\/proad.ufpr.br\/licitacoes\/pregao-90030-2025\/\">PREG\u00c3O N\u00ba 90.030\/2025<\/a> &#8211; CONTRATA\u00c7\u00c3O DE EMPRESA ESPECIALIZADA NA PRESTA\u00c7\u00c3O DE SERVI\u00c7OS GR\u00c1FICOS CONTEMPLANDO SERVI\u00c7OS DE PLOTAGEM, C\u00d3PIAS ESPECIAIS, C\u00d3PIAS DE PROJETOS E DIGITALIZA\u00c7\u00c3O DE DOCUMENTOS E PROJETOS DE ARQUITETURA, ENGENHARIA, DESIGN E MAPAS, PARA ATENDIMENTO DAS NECESSIDADES DA PR\u00d3-REITORA DE PLANEJAMENTO E DADOS DA UNIVERSIDADE FEDERAL DO PARAN\u00c1.<\/p>\n\n\n\n<p><a href=\"https:\/\/proad.ufpr.br\/licitacoes\/pregao-90031-2025\" data-type=\"link\" data-id=\"https:\/\/proad.ufpr.br\/licitacoes\/900432025-2\/\">PREG\u00c3O N\u00ba 90.031\/2025<\/a>&nbsp;\u2013 AQUISI\u00c7\u00c3O DE ITENS DE MOBILI\u00c1RIO PARA ATENDER DIVERSAS UNIDADES DA UNIVERSIDADE FEDERAL DO PARAN\u00c1<\/p>\n\n\n\n<p><a href=\"https:\/\/proad.ufpr.br\/licitacoes\/pregao-no-90034-2025-aquisicao-de-materiais-de-consumo-de-uso-comum-para-a-unidade-de-suprimentos-da-universidade-federal-do-parana\/\">PREG\u00c3O N\u00ba 90.034\/2025 <\/a>&#8211; AQUISI\u00c7\u00c3O&nbsp;DE MATERIAIS DE USO COMUM PARA A UNIDADE DE SUPRIMENTOS DA UNIVERSIDADE FEDERAL DO PARAN\u00c1<\/p>\n\n\n\n<p><a href=\"https:\/\/proad.ufpr.br\/licitacoes\/pregao-no-90-035-2025-aquisicao-de-estacoes-de-trabalho-desktops-equipamentos-moveis-notebooks-e-monitores-de-video-com-garantia-on-site\/\">PREG\u00c3O N\u00ba 90.035\/2025<\/a> &#8211; AQUISI\u00c7\u00c3O DE ESTA\u00c7\u00d5ES DE TRABALHO (DESKTOPS), EQUIPAMENTOS M\u00d3VEIS (NOTEBOOKS) E MONITORES DE V\u00cdDEO, COM GARANTIA ON-SITE.<\/p>\n\n\n\n<p><a href=\"https:\/\/proad.ufpr.br\/licitacoes\/pregao-90037-2025\" data-type=\"link\" data-id=\"https:\/\/proad.ufpr.br\/licitacoes\/pregao-90037-2025\">PREG\u00c3O N\u00ba 90.037\/2025<\/a>&nbsp;\u2013 AQUISI\u00c7\u00c3O DE ITENS DE VIDRARIAS DE LABORAT\u00d3RIO PARA ATIVIDADES DE ENSINO E PESQUISA NOS DIVERSOS LABORAT\u00d3RIOS ACAD\u00caMICOS DA UNIVERSIDADE FEDERAL DO PARAN\u00c1.<\/p>\n\n\n\n<p><a href=\"https:\/\/proad.ufpr.br\/licitacoes\/pregao-no-90-040-2025-registro-de-precos-para-a-eventual-aquisicao-de-reagentes-quimicos-controlados-para-atender-diversas-unidades-da-universidade-federal-do-parana-especificado-no\/\">PREG\u00c3O N\u00ba 90.040\/2025<\/a> &#8211; AQUISI\u00c7\u00c3O DE REAGENTES QU\u00cdMICOS CONTROLADOS PARA ATENDER DIVERSAS UNIDADES DA UNIVERSIDADE FEDERAL DO PARAN\u00c1.<\/p>\n\n\n\n<p><a href=\"https:\/\/proad.ufpr.br\/licitacoes\/pregao-90041-2025\" data-type=\"link\" data-id=\"https:\/\/proad.ufpr.br\/licitacoes\/900432025-2\/\">PREG\u00c3O N\u00ba 90.041\/2025<\/a>&nbsp;\u2013 AQUISI\u00c7\u00c3O DE M\u00c1QUINAS LAVADORAS DE LOU\u00c7AS INDUSTRIAIS DE ALTO VOLUME, INCLUINDO ACESS\u00d3RIOS, INSTALA\u00c7\u00c3O, CONFIGURA\u00c7\u00c3O, TREINAMENTO E ASSIST\u00caNCIA T\u00c9CNICA, PARA ATENDER \u00c0S NECESSIDADES DOS RESTAURANTES UNIVERSIT\u00c1RIOS DA UNIVERSIDADE FEDERAL DO PARAN\u00c1.<\/p>\n\n\n\n<p><a href=\"https:\/\/proad.ufpr.br\/licitacoes\/pregao-90-042-2025-aquisicao-de-itens-de-vidrarias-de-laboratorio-para-atividades-de-ensino-e-pesquisa-nos-diversos-laboratorios-academicos-da-universidade-federal-do-parana\/\">PREG\u00c3O N\u00ba 90.042\/2025<\/a> &#8211; AQUISI\u00c7\u00c3O DE ITENS DE VIDRARIAS DE LABORAT\u00d3RIO PARA ATIVIDADES DE ENSINO E PESQUISA NOS DIVERSOS LABORAT\u00d3RIOS ACAD\u00caMICOS DA UNIVERSIDADE FEDERAL DO PARAN\u00c1.&nbsp;<\/p>\n\n\n\n<p><a href=\"https:\/\/proad.ufpr.br\/licitacoes\/900432025-2\/\" data-type=\"link\" data-id=\"https:\/\/proad.ufpr.br\/licitacoes\/900432025-2\/\">PREG\u00c3O N\u00ba 90.043\/2025<\/a>&nbsp;\u2013 AQUISI\u00c7\u00c3O DE APARELHOS TELEF\u00d4NICOS IP E HEADSETS PARA ATENDER \u00c0S DEMANDAS DE COMUNICA\u00c7\u00c3O INSTITUCIONAL DA UNIVERSIDADE FEDERAL DO PARAN\u00c1<\/p>\n\n\n\n<p><a href=\"https:\/\/proad.ufpr.br\/licitacoes\/pregao-90044-2025\" data-type=\"link\" data-id=\"https:\/\/proad.ufpr.br\/licitacoes\/900432025-2\/\">PREG\u00c3O N\u00ba 90.044\/2025<\/a>&nbsp;\u2013 AQUISI\u00c7\u00c3O DE MATERIAIS GR\u00c1FICOS PERSONALIZADOS PARA ATENDIMENTO DAS NECESSIDADES DE DIVERSAS UNIDADES DA UNIVERSIDADE FEDERAL DO PARAN\u00c1.<\/p>\n\n\n\n<p><a href=\"https:\/\/proad.ufpr.br\/licitacoes\/pregao-no-90-45-2025-aquisicao-de-equipamentos-de-laboratorio-para-atividades-de-ensino-e-pesquisa-nos-diversos-laboratorios-da-universidade-federal-do-parana-2\/\" data-type=\"link\" data-id=\"https:\/\/proad.ufpr.br\/licitacoes\/\">PREG\u00c3O N\u00ba 90.045\/2025<\/a> &#8211; AQUISI\u00c7\u00c3O DE EQUIPAMENTOS DE LABORAT\u00d3RIO PARA ATIVIDADES DE ENSINO E PESQUISA NOS DIVERSOS LABORAT\u00d3RIOS DA UNIVERSIDADE FEDERAL DO PARAN\u00c1.<\/p>\n\n\n\n<p><a href=\"https:\/\/proad.ufpr.br\/licitacoes\/\" data-type=\"link\" data-id=\"https:\/\/proad.ufpr.br\/licitacoes\/\">PREG\u00c3O N\u00ba 90.046\/2025<\/a> &#8211; CONTRATA\u00c7\u00c3O DE EMPRESA ESPECIALIZADA NA PRESTA\u00c7\u00c3O DE SERVI\u00c7OS DE LIMPEZA, SEGURAN\u00c7A E BOMBEIRO CIVIL PARA EVENTOS, PARA ATENDER NECESSIDADES DE DIVERSAS UNIDADES DA UNIVERSIDADE FEDERAL DO PARAN\u00c1.&nbsp;<\/p>\n\n\n\n<p><a href=\"https:\/\/proad.ufpr.br\/licitacoes\/pregao-no-90-047-2025-aquisicao-de-materiais-de-consumo-para-manutencao-dos-animais-de-laboratorio-do-complexo-bioterio-da-universidade-federal-do-parana\/\" data-type=\"link\" data-id=\"https:\/\/proad.ufpr.br\/licitacoes\/pregao-no-90-047-2025-aquisicao-de-materiais-de-consumo-para-manutencao-dos-animais-de-laboratorio-do-complexo-bioterio-da-universidade-federal-do-parana\/\">PREG\u00c3O N\u00ba 90.047\/2025<\/a> &#8211; AQUISI\u00c7\u00c3O DE MATERIAIS DE CONSUMO PARA MANUTEN\u00c7\u00c3O DOS ANIMAIS DE LABORAT\u00d3RIO DO COMPLEXO BIOT\u00c9RIO DA UNIVERSIDADE FEDERAL DO PARAN\u00c1<\/p>\n\n\n\n<p><a href=\"https:\/\/proad.ufpr.br\/licitacoes\/pregao-90049-2025\/\">PREG\u00c3O N\u00ba 90.049\/2025<\/a> &#8211; AQUISI\u00c7\u00c3O DE ITENS DE MATERIAIS DE CONSTRU\u00c7\u00c3O PARA A SULOG\/UFPR DESTINADOS AOS CAMPI E ESTRUTURAS DE CURITIBA E REGI\u00c3O METROPOLITANA &#8211; PARTE I<\/p>\n\n\n\n<p><a href=\"https:\/\/proad.ufpr.br\/licitacoes\/pregao-90051-2025\" data-type=\"link\" data-id=\"https:\/\/proad.ufpr.br\/licitacoes\/900432025-2\/\">PREG\u00c3O N\u00ba 90.051\/2025<\/a>&nbsp;\u2013 CONTRATA\u00c7\u00c3O DE SUBSCRI\u00c7\u00c3O DE ESPA\u00c7O DE ARMAZENAMENTO ADICIONAL PARA AMBIENTE MICROSOFT 365.<\/p>\n\n\n\n<p><a href=\"https:\/\/proad.ufpr.br\/licitacoes\/pregao-no-90-053-2025-aquisicao-de-itens-de-materiais-de-construcao-para-a-sulog-ufpr-destinados-aos-campi-e-estruturas-de-curitiba-e-regiao-metropolitana-parte-ii\/\">PREG\u00c3O N\u00ba 90.053\/2025<\/a> &#8211; AQUISI\u00c7\u00c3O DE ITENS DE MATERIAIS DE CONSTRU\u00c7\u00c3O PARA A SULOG\/UFPR DESTINADOS AOS CAMPI E ESTRUTURAS DE CURITIBA E REGI\u00c3O METROPOLITANA &#8211; PARTE II<\/p>\n\n\n\n<p><a href=\"https:\/\/proad.ufpr.br\/licitacoes\/pregao-no-90055-2025-aquisicao-de-licencas-educacionais-de-softwares-de-desenho-grafico-edicao-de-audio-e-video-e-documentos-em-pdf\/\">PREG\u00c3O N\u00ba 90.055\/2025<\/a> &#8211; AQUISI\u00c7\u00c3O&nbsp;DE LICEN\u00c7AS EDUCACIONAIS DE SOFTWARES DE DESENHO GR\u00c1FICO, EDI\u00c7\u00c3O DE \u00c1UDIO E V\u00cdDEO E DOCUMENTOS EM PDF<\/p>\n\n\n\n<p><a href=\"https:\/\/proad.ufpr.br\/licitacoes\/pregao-90058-2025\/\">PREG\u00c3O N\u00ba 90.058\/2025<\/a> &#8211; AQUISI\u00c7\u00c3O DE ITENS DE MATERIAIS HIDR\u00c1ULICOS PARA INSTALA\u00c7\u00d5ES HIDROSSANIT\u00c1RIAS &#8211; \u00c1GUA FRIA, ESGOTO SANIT\u00c1RIO E \u00c1GUAS PLUVIAIS &#8211; DESTINADOS AOS CAMPI E ESTRUTURAS DE CURITIBA E REGI\u00c3O METROPOLITANA<\/p>\n\n\n\n<p><a href=\"https:\/\/proad.ufpr.br\/licitacoes\/pregao-90061-2025\/\">PREG\u00c3O N\u00ba 90.061\/2025<\/a> &#8211; AQUISI\u00c7\u00c3O DE MATERIAIS DE CONSUMO DE USO COMUM, QUE PODEM INCLUIR MATERIAIS DE EXPEDIENTE, MATERIAIS DE ACONDICIONAMENTO E EMBALAGEM, MATERIAIS DE COPA E COZINHA, MATERIAIS PARA MANUTEN\u00c7\u00c3O DE BENS IM\u00d3VEIS PARA A UNIDADE DE SUPRIMENTOS DA UNIVERSIDADE FEDERAL DO PARAN\u00c1<\/p>\n\n\n\n<p><a href=\"https:\/\/proad.ufpr.br\/licitacoes\/pregao-90063-2025\/\">PREG\u00c3O N\u00ba 90.063\/2025<\/a> &#8211; AQUISI\u00c7\u00c3O DE MATERIAIS DE SERRALHERIA &#8211; PARTE 1, DESTINADOS AOS CAMPI E ESTRUTURAS DE CURITIBA E REGI\u00c3O METROPOLITANA<\/p>\n\n\n\n<p><a href=\"https:\/\/proad.ufpr.br\/licitacoes\/pregao-90064-2025\/\">PREG\u00c3O N\u00ba 90.064\/2025<\/a> &#8211; AQUISI\u00c7\u00c3O DE L\u00c2MPADAS E MATERIAIS EL\u00c9TRICOS &#8211; PARTE 1, DESTINADOS AOS CAMPI E ESTRUTURAS DE CURITIBA E REGI\u00c3O METROPOLITANA<\/p>\n\n\n\n<p><a href=\"https:\/\/proad.ufpr.br\/licitacoes\/pe-90-070-2025-aquisicao-de-medicamentos-e-materiais-de-uso-veterinario-para-atender-as-necessidades-dos-hospitais-veterinarios-localizados-nos-campi-de-palotina-e-curitiba-da-univers\/\">PREG\u00c3O N\u00ba 90.070\/2025<\/a> &#8211; AQUISI\u00c7\u00c3O DE&nbsp;MEDICAMENTOS E MATERIAIS DE USO VETERIN\u00c1RIO PARA ATENDER \u00c0S NECESSIDADES DOS HOSPITAIS VETERIN\u00c1RIOS LOCALIZADOS NOS&nbsp;<em>CAMPI<\/em>&nbsp;DE PALOTINA E CURITIBA DA UNIVERSIDADE FEDERAL DO PARAN\u00c1<\/p>\n\n\n\n<p><a href=\"https:\/\/proad.ufpr.br\/licitacoes\/pregao-no-90-073-2025-aquisicao-de-camisetas-personalizadas-para-eventos-para-atender-as-necessidades-de-diversas-unidades-da-universidade-federal-do-parana\/\">PREG\u00c3O N\u00ba 90.073\/2025<\/a> &#8211; AQUISI\u00c7\u00c3O DE CAMISETAS PERSONALIZADAS PARA EVENTOS, PARA ATENDER \u00c0S NECESSIDADES DE DIVERSAS UNIDADES DA UNIVERSIDADE FEDERAL DO PARAN\u00c1.&nbsp;<\/p>\n\n\n\n<p><a href=\"https:\/\/proad.ufpr.br\/licitacoes\/pregao-90080-2025\/\">PREG\u00c3O N\u00ba 90.080\/2025<\/a> &#8211; PRESTA\u00c7\u00c3O DE SERVI\u00c7OS DE SUPORTE \u00c0S AULAS PR\u00c1TICAS, PARA ATENDER NECESSIDADES DE ALIMENTA\u00c7\u00c3O, HOSPEDAGEM E TRANSPORTE DE DIVERSAS UNIDADES DA UNIVERSIDADE FEDERAL DO PARAN\u00c1.<\/p>\n\n\n\n<p><a href=\"https:\/\/proad.ufpr.br\/licitacoes\/pe-90-081-2025-aquisicao-de-maravalha-de-pinus-convencional-e-irradiada-para-utilizacao-como-por-exemplo-forracao-de-chao-de-galinheiros-e-estabulos-para-manter-a-temperatura-do-ambiente-e-protege\/\">PREG\u00c3O N\u00ba 90.081\/2025 <\/a>&#8211; AQUISI\u00c7\u00c3O DE MARAVALHA DE PINUS CONVENCIONAL E IRRADIADA PARA UTILIZA\u00c7\u00c3O COMO, POR EXEMPLO, FORRA\u00c7\u00c3O DE CH\u00c3O DE GALINHEIROS E EST\u00c1BULOS PARA MANTER A TEMPERATURA DO AMBIENTE E PROTEGER OS ANIMAIS DO CONTATO DIRETO COM FEZES E URINA<\/p>\n\n\n\n<p><\/p>\n","protected":false},"excerpt":{"rendered":"<p>PREG\u00c3O N\u00ba 90.001\/2025 &#8211; AQUISI\u00c7\u00c3O DE MATERIAIS DE CONSUMO DE USO COMUM PARA ATENDER \u00c0S NECESSIDADES DA SE\u00c7\u00c3O DE ALMOXARIFADO DA UNIDADE DE SUPRIMENTOS DA UNIVERSIDADE FEDERAL DO PARAN\u00c1 PREG\u00c3O N\u00ba 90.002\/2025 &#8211; CONTRATA\u00c7\u00c3O DE SOLU\u00c7\u00c3O UNIFICADA DE SEGURAN\u00c7A E CONECTIVIDADE PREG\u00c3O N\u00ba 90.003\/2025 &#8211; AQUISI\u00c7\u00c3O DE MATERIAIS FARMACOL\u00d3GICOS (PARTE I) PARA ATENDER \u00c0S NECESSIDADES [&hellip;]<\/p>\n","protected":false},"author":1803,"featured_media":0,"parent":0,"menu_order":0,"comment_status":"closed","ping_status":"closed","template":"","meta":{"footnotes":""},"class_list":["post-16428","page","type-page","status-publish","hentry"],"_links":{"self":[{"href":"https:\/\/proad.ufpr.br\/licitacoes\/wp-json\/wp\/v2\/pages\/16428","targetHints":{"allow":["GET"]}}],"collection":[{"href":"https:\/\/proad.ufpr.br\/licitacoes\/wp-json\/wp\/v2\/pages"}],"about":[{"href":"https:\/\/proad.ufpr.br\/licitacoes\/wp-json\/wp\/v2\/types\/page"}],"author":[{"embeddable":true,"href":"https:\/\/proad.ufpr.br\/licitacoes\/wp-json\/wp\/v2\/users\/1803"}],"replies":[{"embeddable":true,"href":"https:\/\/proad.ufpr.br\/licitacoes\/wp-json\/wp\/v2\/comments?post=16428"}],"version-history":[{"count":68,"href":"https:\/\/proad.ufpr.br\/licitacoes\/wp-json\/wp\/v2\/pages\/16428\/revisions"}],"predecessor-version":[{"id":18344,"href":"https:\/\/proad.ufpr.br\/licitacoes\/wp-json\/wp\/v2\/pages\/16428\/revisions\/18344"}],"wp:attachment":[{"href":"https:\/\/proad.ufpr.br\/licitacoes\/wp-json\/wp\/v2\/media?parent=16428"}],"curies":[{"name":"wp","href":"https:\/\/api.w.org\/{rel}","templated":true}]}}