{"id":15772,"date":"2024-08-27T16:11:05","date_gmt":"2024-08-27T19:11:05","guid":{"rendered":"https:\/\/proad.ufpr.br\/licitacoes\/?page_id=15772"},"modified":"2024-08-27T16:11:05","modified_gmt":"2024-08-27T19:11:05","slug":"pregao-90064-2024","status":"publish","type":"page","link":"https:\/\/proad.ufpr.br\/licitacoes\/pregao-90064-2024\/","title":{"rendered":"PREG\u00c3O N\u00ba 90.064\/2024 \u2013 EVENTUAL AQUISI\u00c7\u00c3O DE MATERIAIS DE MEDICAMENTOS VETERIN\u00c1RIOS PARA ATENDER \u00c0S NECESSIDADES DO HOSPITAL VETERIN\u00c1RIO DO SETOR PALOTINA DA UNIVERSIDADE FEDERAL DO PARAN\u00c1"},"content":{"rendered":"\n<p><a href=\"https:\/\/intranet.ufpr.br\/sigea\/public\/acordo!view.action?acordo.id=10828\">ARP N\u00ba 286\/2024<\/a> &#8211; ALC MORAES COMERCIAL LTDA<\/p>\n\n\n\n<p><a href=\"https:\/\/intranet.ufpr.br\/sigea\/public\/acordo!view.action?acordo.id=10829\">ARP N\u00ba 287\/2024<\/a> &#8211; CAT DOG ATACADO LTDA<\/p>\n\n\n\n<p><a href=\"https:\/\/intranet.ufpr.br\/sigea\/public\/acordo!view.action?acordo.id=10830\">ARP N\u00ba 288\/2024<\/a> &#8211; LICITAPHARMA DISTRIBUIDORA DE PRODUTOS VETERINARIOS, HOSPITALARES E MEDICAMENTOS<\/p>\n\n\n\n<p><a href=\"https:\/\/intranet.ufpr.br\/sigea\/public\/acordo!view.action?acordo.id=10831\">ARP N\u00ba 289\/2024<\/a> &#8211; PET COMPANY INGREDIENTES LTDA<\/p>\n","protected":false},"excerpt":{"rendered":"<p>ARP N\u00ba 286\/2024 &#8211; ALC MORAES COMERCIAL LTDA ARP N\u00ba 287\/2024 &#8211; CAT DOG ATACADO LTDA ARP N\u00ba 288\/2024 &#8211; LICITAPHARMA DISTRIBUIDORA DE PRODUTOS VETERINARIOS, HOSPITALARES E MEDICAMENTOS ARP N\u00ba 289\/2024 &#8211; PET COMPANY INGREDIENTES LTDA<\/p>\n","protected":false},"author":1892,"featured_media":0,"parent":0,"menu_order":0,"comment_status":"closed","ping_status":"closed","template":"","meta":{"footnotes":""},"class_list":["post-15772","page","type-page","status-publish","hentry"],"_links":{"self":[{"href":"https:\/\/proad.ufpr.br\/licitacoes\/wp-json\/wp\/v2\/pages\/15772","targetHints":{"allow":["GET"]}}],"collection":[{"href":"https:\/\/proad.ufpr.br\/licitacoes\/wp-json\/wp\/v2\/pages"}],"about":[{"href":"https:\/\/proad.ufpr.br\/licitacoes\/wp-json\/wp\/v2\/types\/page"}],"author":[{"embeddable":true,"href":"https:\/\/proad.ufpr.br\/licitacoes\/wp-json\/wp\/v2\/users\/1892"}],"replies":[{"embeddable":true,"href":"https:\/\/proad.ufpr.br\/licitacoes\/wp-json\/wp\/v2\/comments?post=15772"}],"version-history":[{"count":1,"href":"https:\/\/proad.ufpr.br\/licitacoes\/wp-json\/wp\/v2\/pages\/15772\/revisions"}],"predecessor-version":[{"id":15774,"href":"https:\/\/proad.ufpr.br\/licitacoes\/wp-json\/wp\/v2\/pages\/15772\/revisions\/15774"}],"wp:attachment":[{"href":"https:\/\/proad.ufpr.br\/licitacoes\/wp-json\/wp\/v2\/media?parent=15772"}],"curies":[{"name":"wp","href":"https:\/\/api.w.org\/{rel}","templated":true}]}}