{"id":15574,"date":"2024-05-28T10:29:46","date_gmt":"2024-05-28T13:29:46","guid":{"rendered":"https:\/\/proad.ufpr.br\/licitacoes\/?page_id=15574"},"modified":"2024-06-19T16:14:24","modified_gmt":"2024-06-19T19:14:24","slug":"emissao-da-gru","status":"publish","type":"page","link":"https:\/\/proad.ufpr.br\/licitacoes\/emissao-da-gru\/","title":{"rendered":"Emiss\u00e3o da Guia de Recolhimento da Uni\u00e3o &#8211; GRU"},"content":{"rendered":"\n<p>Para emiss\u00e3o da primeira Guia de Recolhimento, clique no link abaixo:<\/p>\n\n\n\n<p><a href=\"https:\/\/pagtesouro.tesouro.gov.br\/portal-gru\/#\/emissao-gru\" target=\"_blank\" rel=\"noreferrer noopener\">https:\/\/pagtesouro.tesouro.gov.br\/portal-gru\/#\/emissao-gru<\/a><\/p>\n\n\n\n<p>Unidade Gestora Arrecadadora: 153079 UNIVERSIDADE FEDERAL DO PARAN\u00c1<\/p>\n\n\n\n<p>C\u00f3digo de Recolhimento: 28867-5 &#8211; MULTAS E JUROS PREVISTOS EM CONTRATOS<\/p>\n\n\n\n<p>N\u00famero de refer\u00eancia: n\u00famero do processo sem pontua\u00e7\u00e3o (<em><mark style=\"background-color:#fcb900\" class=\"has-inline-color has-black-color\">23075NNNNNNAAAANN<\/mark><\/em>)<\/p>\n\n\n\n<p><\/p>\n\n\n\n<p><strong><mark style=\"background-color:#cf2e2e\" class=\"has-inline-color\">Aten\u00e7\u00e3o! Ap\u00f3s o deferimento c\u00f3digo de recolhimento e n\u00famero de refer\u00eancia ser\u00e3o alterados!<\/mark><\/strong><\/p>\n\n\n\n<p>Para o c\u00e1lculo dos juros previstos no \u00a7 2\u00ba do artigo 4\u00ba da <strong> <\/strong><a href=\"https:\/\/www.gov.br\/compras\/pt-br\/acesso-a-informacao\/legislacao\/instrucoes-normativas\/instrucao-normativa-seges-me-no-26-de-13-de-abril-de-2022\" target=\"_blank\" rel=\"noreferrer noopener\">Instru\u00e7\u00e3o Normativa SEGES\/ME N\u00ba 26, DE 13\/04\/2022<\/a>, pode ser utilizada a  <a href=\"https:\/\/www3.bcb.gov.br\/CALCIDADAO\/publico\/exibirFormCorrecaoValores.do?method=exibirFormCorrecaoValores&amp;aba=4\">BCB &#8211; Calculadora do cidad\u00e3o<\/a>.<\/p>\n","protected":false},"excerpt":{"rendered":"<p>Para emiss\u00e3o da primeira Guia de Recolhimento, clique no link abaixo: https:\/\/pagtesouro.tesouro.gov.br\/portal-gru\/#\/emissao-gru Unidade Gestora Arrecadadora: 153079 UNIVERSIDADE FEDERAL DO PARAN\u00c1 C\u00f3digo de Recolhimento: 28867-5 &#8211; MULTAS E JUROS PREVISTOS EM CONTRATOS N\u00famero de refer\u00eancia: n\u00famero do processo sem pontua\u00e7\u00e3o (23075NNNNNNAAAANN) Aten\u00e7\u00e3o! Ap\u00f3s o deferimento c\u00f3digo de recolhimento e n\u00famero de refer\u00eancia ser\u00e3o alterados! Para o [&hellip;]<\/p>\n","protected":false},"author":1803,"featured_media":0,"parent":0,"menu_order":0,"comment_status":"closed","ping_status":"closed","template":"","meta":{"footnotes":""},"class_list":["post-15574","page","type-page","status-publish","hentry"],"_links":{"self":[{"href":"https:\/\/proad.ufpr.br\/licitacoes\/wp-json\/wp\/v2\/pages\/15574","targetHints":{"allow":["GET"]}}],"collection":[{"href":"https:\/\/proad.ufpr.br\/licitacoes\/wp-json\/wp\/v2\/pages"}],"about":[{"href":"https:\/\/proad.ufpr.br\/licitacoes\/wp-json\/wp\/v2\/types\/page"}],"author":[{"embeddable":true,"href":"https:\/\/proad.ufpr.br\/licitacoes\/wp-json\/wp\/v2\/users\/1803"}],"replies":[{"embeddable":true,"href":"https:\/\/proad.ufpr.br\/licitacoes\/wp-json\/wp\/v2\/comments?post=15574"}],"version-history":[{"count":8,"href":"https:\/\/proad.ufpr.br\/licitacoes\/wp-json\/wp\/v2\/pages\/15574\/revisions"}],"predecessor-version":[{"id":15634,"href":"https:\/\/proad.ufpr.br\/licitacoes\/wp-json\/wp\/v2\/pages\/15574\/revisions\/15634"}],"wp:attachment":[{"href":"https:\/\/proad.ufpr.br\/licitacoes\/wp-json\/wp\/v2\/media?parent=15574"}],"curies":[{"name":"wp","href":"https:\/\/api.w.org\/{rel}","templated":true}]}}