{"id":13268,"date":"2022-06-07T14:03:50","date_gmt":"2022-06-07T17:03:50","guid":{"rendered":"https:\/\/proad.ufpr.br\/licitacoes\/?page_id=13268"},"modified":"2022-06-07T14:03:51","modified_gmt":"2022-06-07T17:03:51","slug":"plano-anual-de-contratacoes-ate-2022","status":"publish","type":"page","link":"https:\/\/proad.ufpr.br\/licitacoes\/plano-anual-de-contratacoes-ate-2022\/","title":{"rendered":"Plano Anual de Contrata\u00e7\u00f5es (at\u00e9 2022)"},"content":{"rendered":"\n<p>A partir de&nbsp; 2019, os \u00f3rg\u00e3os da Administra\u00e7\u00e3o P\u00fablica Federal direta, aut\u00e1rquica e fundacional, s\u00e3o obrigados a registrar as contrata\u00e7\u00f5es pretendidas para o exerc\u00edcio subsequente. A formaliza\u00e7\u00e3o desse Plano Anual de Contrata\u00e7\u00f5es \u00e9 realizada atrav\u00e9s do Sistema PGC.<\/p>\n\n\n\n<ul class=\"wp-block-list\"><li>Relat\u00f3rios do Plano Anual de Contrata\u00e7\u00f5es 2022:<ul><li><a href=\"https:\/\/docs.google.com\/spreadsheets\/d\/130i0tu0SnafBZblmPhrDftZVIRYsSZAm\/edit#gid=1081018693\" target=\"_blank\" rel=\"noreferrer noopener\">Cadastro inicial<\/a><\/li><li><a href=\"https:\/\/drive.google.com\/file\/d\/13HdpQQ2Jrh4E9zvqUq1UZzejopBNbP0m\/view?usp=sharing\">Ajuste setembro<\/a><\/li><li><a href=\"https:\/\/docs.google.com\/spreadsheets\/d\/1Jdvl1QYImg4XPjMnMG5SoRoHCjMUdufKBhUpBxTUw-4\/edit?usp=sharing\">Ajuste novembro<\/a><\/li><\/ul><\/li><li>Relat\u00f3rios do Plano Anual de Contrata\u00e7\u00f5es 2021:<ul><li><a href=\"https:\/\/docs.google.com\/spreadsheets\/d\/1GkXQ50bhZlIqPXxszl_z0A9JYqOmB94DIgzhtlWIMy0\/edit?usp=sharing\" target=\"_blank\" rel=\"noreferrer noopener\">Cadastro inicial<\/a><\/li><li><a href=\"https:\/\/docs.google.com\/spreadsheets\/d\/13HlBLk5fc_QNjPEyaAd_16ZT52zD5qdnkQ0FbknJGFU\/edit?usp=sharing\" target=\"_blank\" rel=\"noreferrer noopener\">Ajuste setembro<\/a><\/li><\/ul><\/li><\/ul>\n\n\n\n<ul class=\"wp-block-list\"><li><a href=\"https:\/\/proad.ufpr.br\/licitacoes\/calendario-de-compras-2022\/\" target=\"_blank\" rel=\"noreferrer noopener\">Cronograma de compras para 2022<\/a>.<ul><li>Itens a serem inclu\u00eddos nas licita\u00e7\u00f5es instru\u00eddas pela CLIC\/UPCL dever\u00e3o ser enviados at\u00e9 o \u00faltimo dia do m\u00eas anterior ao indicado no cronograma, via processo no SEI como formul\u00e1rio \u201cLicita\u00e7\u00e3o: inclus\u00e3o em RP\u201d.<\/li><\/ul><\/li><li>Relat\u00f3rios do Plano Anual de Contrata\u00e7\u00f5es 2020:<ul><li><a href=\"https:\/\/drive.google.com\/open?id=1kuGvt-my-kATh6HDvtDmxzzrpVv7LWeV\" target=\"_blank\" rel=\"noreferrer noopener\">Cadastro inicial<\/a><\/li><li><a href=\"https:\/\/proad.ufpr.br\/licitacoes\/files\/2019\/12\/Geral_Ajuste-setembro.xlsx\">Ajuste setembro<\/a><\/li><li><a href=\"https:\/\/proad.ufpr.br\/licitacoes\/files\/2019\/12\/Geral_ajuste-novembro.xlsx\">Ajuste novembro<\/a><\/li><\/ul><\/li><li><a href=\"https:\/\/proad.ufpr.br\/licitacoes\/files\/2019\/12\/Cronograma-de-Compras_MC2020.pdf\" target=\"_blank\" rel=\"noreferrer noopener\">Cronograma de compras para 2020<\/a>.<ul><li>Itens a serem inclu\u00eddos nas licita\u00e7\u00f5es instru\u00eddas pela CLIC\/UPCL dever\u00e3o ser enviados at\u00e9 o \u00faltimo dia do m\u00eas anterior ao indicado no cronograma, via processo no SEI como formul\u00e1rio \u201cLicita\u00e7\u00e3o: inclus\u00e3o em RP\u201d.<\/li><\/ul><\/li><\/ul>\n\n\n\n<p>Para 2020, a equipe da CLIC\/UPCL (antiga GEPEC) realizou o cadastro do plano para toda a UFPR (conforme normativa do Memorando-Circular 11\/2018-PRA\/DELIC).<\/p>\n\n\n\n<p>A partir de 2021, o sistema PGC permitir\u00e1 o cadastro diretamente pelas unidades demandantes. A normativa interna sofreu altera\u00e7\u00e3o:&nbsp;<a href=\"https:\/\/proad.ufpr.br\/licitacoes\/files\/2019\/12\/Memo-18-19_PGC2021.pdf\" target=\"_blank\" rel=\"noreferrer noopener\">Memorando-Circular 11\/2019-PRA\/DELIC<\/a>.<\/p>\n\n\n\n<p>Preparamos um&nbsp;<a href=\"https:\/\/proad.ufpr.br\/licitacoes\/files\/2019\/12\/Tutorial_PGC.pdf\" target=\"_blank\" rel=\"noreferrer noopener\">tutorial para o cadastro dos itens<\/a>. E h\u00e1 tamb\u00e9m a&nbsp;<a href=\"https:\/\/www.gov.br\/compras\/pt-br\/sistemas\/sistema-de-planejamento-e-gerenciamento-de-contratacoes\" target=\"_blank\" rel=\"noreferrer noopener\">cartilha do sistema<\/a>, preparada pelo Minist\u00e9rio da Economia.<\/p>\n\n\n\n<p>Para auxiliar o cadastro no sistema pelas unidades demandantes, disponibilizamos a planilha abaixo, com os campos obrigat\u00f3rios do sistema:<\/p>\n\n\n\n<ul class=\"wp-block-list\"><li><a href=\"https:\/\/proad.ufpr.br\/licitacoes\/files\/2019\/12\/PGC_2021.xlsx\">Clique para acessar a planilha<\/a><\/li><\/ul>\n\n\n\n<p><strong>INFORMA\u00c7\u00d5ES IMPORTANTES:<\/strong><\/p>\n\n\n\n<ul class=\"wp-block-list\"><li>Para o cadastro dos itens no sistema, a primeira decis\u00e3o necess\u00e1ria \u00e9 entre solu\u00e7\u00f5es de Tecnologia da Informa\u00e7\u00e3o ou outros itens (materiais, servi\u00e7os, obras e servi\u00e7os de Engenharia). A planilha tem duas abas, uma para cada situa\u00e7\u00e3o;<\/li><li>O&nbsp;<a href=\"https:\/\/docs.google.com\/spreadsheets\/d\/1WIGOmLx93zLp2cS7wYCElYowiV5lKvmuRyi-1w5IIDc\/edit?usp=sharing\" target=\"_blank\" rel=\"noreferrer noopener\">cat\u00e1logo de itens<\/a>&nbsp;licitados pela CLIC\/UPCL pode auxiliar na classifica\u00e7\u00e3o dos itens como materiais de consumo ou permanentes, bem como na descri\u00e7\u00e3o detalhada e nos c\u00f3digos dos itens. H\u00e1 tamb\u00e9m, uma lista de solu\u00e7\u00f5es de TI e orienta\u00e7\u00f5es sobre como classificar esse tipo de itens;<\/li><li>Ao final do cadastro de todos os itens, escolha op\u00e7\u00e3o \u201clocalizar\u201d e, para cada tela, selecione todos os itens e envie para UC<\/li><\/ul>\n\n\n\n<p><a href=\"https:\/\/pgc.planejamento.gov.br\/login\" target=\"_blank\" rel=\"noreferrer noopener\"><em><strong>Clique aqui para acessar o sistema PGC.<\/strong><\/em><\/a><\/p>\n","protected":false},"excerpt":{"rendered":"<p>A partir de&nbsp; 2019, os \u00f3rg\u00e3os da Administra\u00e7\u00e3o P\u00fablica Federal direta, aut\u00e1rquica e fundacional, s\u00e3o obrigados a registrar as contrata\u00e7\u00f5es pretendidas para o exerc\u00edcio subsequente. A formaliza\u00e7\u00e3o desse Plano Anual de Contrata\u00e7\u00f5es \u00e9 realizada atrav\u00e9s do Sistema PGC. Relat\u00f3rios do Plano Anual de Contrata\u00e7\u00f5es 2022: Cadastro inicial Ajuste setembro Ajuste novembro Relat\u00f3rios do Plano Anual [&hellip;]<\/p>\n","protected":false},"author":1797,"featured_media":0,"parent":0,"menu_order":0,"comment_status":"closed","ping_status":"closed","template":"","meta":{"footnotes":""},"class_list":["post-13268","page","type-page","status-publish","hentry"],"_links":{"self":[{"href":"https:\/\/proad.ufpr.br\/licitacoes\/wp-json\/wp\/v2\/pages\/13268","targetHints":{"allow":["GET"]}}],"collection":[{"href":"https:\/\/proad.ufpr.br\/licitacoes\/wp-json\/wp\/v2\/pages"}],"about":[{"href":"https:\/\/proad.ufpr.br\/licitacoes\/wp-json\/wp\/v2\/types\/page"}],"author":[{"embeddable":true,"href":"https:\/\/proad.ufpr.br\/licitacoes\/wp-json\/wp\/v2\/users\/1797"}],"replies":[{"embeddable":true,"href":"https:\/\/proad.ufpr.br\/licitacoes\/wp-json\/wp\/v2\/comments?post=13268"}],"version-history":[{"count":1,"href":"https:\/\/proad.ufpr.br\/licitacoes\/wp-json\/wp\/v2\/pages\/13268\/revisions"}],"predecessor-version":[{"id":13269,"href":"https:\/\/proad.ufpr.br\/licitacoes\/wp-json\/wp\/v2\/pages\/13268\/revisions\/13269"}],"wp:attachment":[{"href":"https:\/\/proad.ufpr.br\/licitacoes\/wp-json\/wp\/v2\/media?parent=13268"}],"curies":[{"name":"wp","href":"https:\/\/api.w.org\/{rel}","templated":true}]}}