{"id":1075,"date":"2018-02-12T08:33:54","date_gmt":"2018-02-12T10:33:54","guid":{"rendered":"https:\/\/proad.ufpr.br\/licitacoes\/?page_id=1075"},"modified":"2018-07-18T09:41:44","modified_gmt":"2018-07-18T12:41:44","slug":"cadastro-de-fornecedores-sicaf","status":"publish","type":"page","link":"https:\/\/proad.ufpr.br\/licitacoes\/cadastro-de-fornecedores-sicaf\/","title":{"rendered":"Cadastro de Fornecedores &#8211; SICAF"},"content":{"rendered":"<p><strong>O que \u00e9 SICAF?<\/strong><\/p>\n<p>\u00c9 o Sistema de Cadastro de Fornecedores do Governo Federal, regulamentado pela <a href=\"https:\/\/www.comprasgovernamentais.gov.br\/index.php\/legislacao\/instrucoes-normativas\/911-in-sicaf\">Instru\u00e7\u00e3o Normativa 003\/2018 &#8211; MPDG<\/a>.<\/p>\n<p>Esse cadastro \u00e9 gratuito e habilita os fornecedores que t\u00eam interesse em participar de licita\u00e7\u00f5es na Administra\u00e7\u00e3o P\u00fablica.<\/p>\n<div class=\"row\">\n<div class=\"small-12 medium-12 large-12 columns alinha_esquerda\">Considerando que desde o dia 25\/06\/18 passou a vigorar a Instru\u00e7\u00e3o Normativa citada acima, a <strong>Universidade Federal do Paran\u00e1 deixou de ser unidade cadastradora do SICAF \u2013 Sistema de Cadastramento Unificado de Fornecedores, raz\u00e3o pela qual n\u00e3o possui mais acessos para atualiza\u00e7\u00f5es e cadastramento de fornecedores.<\/strong><\/div>\n<\/div>\n<p>Dessa forma, os fornecedores interessados em se cadastrar no SICAF dever\u00e3o faz\u00ea-lo por meio de seus certificados digitais, seguindo as orienta\u00e7\u00f5es contidas na referida Instru\u00e7\u00e3o Normativa.<\/p>\n<p>Visando auxiliar as empresas interessadas no cadastramento o Minist\u00e9rio do Planejamento, Desenvolvimento e Gest\u00e3o ampliou a rede de atendimento aos usu\u00e1rios e criou novos servi\u00e7os, conforme os canais abaixo:<\/p>\n<ul>\n<li>Central de Atendimento ao usu\u00e1rio (0800 978 9001)<\/li>\n<li>http:\/\/portaldeservicos.planejamento.gov.br<\/li>\n<li>V\u00eddeos explicativos \u2013\u00a0<a href=\"https:\/\/goo.gl\/ruQD8u\">SICAF 100% Digital<\/a>\u00a0e\u00a0<a href=\"https:\/\/goo.gl\/WsCuyv\">Novas Regras para o SICAF<\/a><\/li>\n<li>Perguntas e respostas relacionadas a Instru\u00e7\u00e3o Normativa n\u00ba 03\/2018 \u2013\u00a0<a href=\"https:\/\/www.comprasgovernamentais.gov.br\/index.php\/pf-sicaf-in3-2018\">https:\/\/www.comprasgovernamentais.gov.br\/index.php\/pf-sicaf-in3-2018<\/a><\/li>\n<li>Perguntas e respostas relacionadas ao SICAF 100% digital \u2013\u00a0\u00a0<a href=\"https:\/\/www.comprasgovernamentais.gov.br\/index.php\/sicaf-100digital-faq\">https:\/\/www.comprasgovernamentais.gov.br\/index.php\/sicaf-100digital-faq<\/a><\/li>\n<li>Material com orienta\u00e7\u00f5es b\u00e1sicas\u00a0<a href=\"https:\/\/www.comprasgovernamentais.gov.br\/images\/conteudo\/ArquivosCGSIASG\/Banner_sicaf_Orientaes.pdf\">https:\/\/www.comprasgovernamentais.gov.br\/images\/conteudo\/ArquivosCGSIASG\/Banner_sicaf_Orientaes.pdf<\/a><\/li>\n<\/ul>\n<p>Vale ressaltar que o cadastro no SICAF \u00e9 condi\u00e7\u00e3o fundamental para participa\u00e7\u00e3o em licita\u00e7\u00f5es do Poder P\u00fablico Federal, sem ele n\u00e3o \u00e9 poss\u00edvel participar de Cota\u00e7\u00f5es,\u00a0 Preg\u00f5es e RDC processados de forma eletr\u00f4nica. Do mesmo modo, manter o cadastro SICAF atualizado \u00e9 primordial para que as empresas possam (i) assinar contratos ou atas de registros de pre\u00e7os, (ii) receber empenhamentos em seus nomes; e (iii) receber pagamentos sem sofrer penalidades. Assim, \u00e9 important\u00edssimo que se conhe\u00e7a o novo SICAF.<\/p>\n<p>Por fim, apesar de a UFPR n\u00e3o poder mais realizar cadastramentos e\/ou atualiza\u00e7\u00f5es, permanecer\u00e1 \u00e0 disposi\u00e7\u00e3o para informa\u00e7\u00f5es relativas ao sistema, de modo suplementar aos canais apresentados acima.<\/p>\n<p>&nbsp;<\/p>\n<p><a href=\"https:\/\/proad.ufpr.br\/dsg\/cadastro-de-fornecedores-sicaf\/#top\">(Voltar)<\/a><\/p>\n","protected":false},"excerpt":{"rendered":"<p>O que \u00e9 SICAF? \u00c9 o Sistema de Cadastro de Fornecedores do Governo Federal, regulamentado pela Instru\u00e7\u00e3o Normativa 003\/2018 &#8211; MPDG. Esse cadastro \u00e9 gratuito e habilita os fornecedores que t\u00eam interesse em participar de licita\u00e7\u00f5es na Administra\u00e7\u00e3o P\u00fablica. Considerando que desde o dia 25\/06\/18 passou a vigorar a Instru\u00e7\u00e3o Normativa citada acima, a Universidade [&hellip;]<\/p>\n","protected":false},"author":11,"featured_media":0,"parent":0,"menu_order":0,"comment_status":"closed","ping_status":"closed","template":"","meta":{"footnotes":""},"class_list":["post-1075","page","type-page","status-publish","hentry"],"_links":{"self":[{"href":"https:\/\/proad.ufpr.br\/licitacoes\/wp-json\/wp\/v2\/pages\/1075","targetHints":{"allow":["GET"]}}],"collection":[{"href":"https:\/\/proad.ufpr.br\/licitacoes\/wp-json\/wp\/v2\/pages"}],"about":[{"href":"https:\/\/proad.ufpr.br\/licitacoes\/wp-json\/wp\/v2\/types\/page"}],"author":[{"embeddable":true,"href":"https:\/\/proad.ufpr.br\/licitacoes\/wp-json\/wp\/v2\/users\/11"}],"replies":[{"embeddable":true,"href":"https:\/\/proad.ufpr.br\/licitacoes\/wp-json\/wp\/v2\/comments?post=1075"}],"version-history":[{"count":5,"href":"https:\/\/proad.ufpr.br\/licitacoes\/wp-json\/wp\/v2\/pages\/1075\/revisions"}],"predecessor-version":[{"id":2888,"href":"https:\/\/proad.ufpr.br\/licitacoes\/wp-json\/wp\/v2\/pages\/1075\/revisions\/2888"}],"wp:attachment":[{"href":"https:\/\/proad.ufpr.br\/licitacoes\/wp-json\/wp\/v2\/media?parent=1075"}],"curies":[{"name":"wp","href":"https:\/\/api.w.org\/{rel}","templated":true}]}}