{"id":10068,"date":"2021-03-04T07:47:58","date_gmt":"2021-03-04T10:47:58","guid":{"rendered":"https:\/\/proad.ufpr.br\/licitacoes\/?page_id=10068"},"modified":"2021-12-14T12:11:37","modified_gmt":"2021-12-14T15:11:37","slug":"memorandos-2021","status":"publish","type":"page","link":"https:\/\/proad.ufpr.br\/licitacoes\/memorandos-2021\/","title":{"rendered":"Memorandos 2021"},"content":{"rendered":"<p><a href=\"https:\/\/sei.ufpr.br\/sei\/web\/controlador_externo.php?acao=documento_conferir&amp;id_orgao_acesso_externo=0\">Memorando-circular n\u00ba 004\/2021 &#8211; PRA<\/a>\u00a0\u2013 informar o c\u00f3digo verificador\u00a0<b>3338245<\/b>\u00a0e o c\u00f3digo CRC\u00a0<b>084EE0FF<\/b>\u00a0\u2013 Estabelece diretrizes de \u00e9tica e integridade para processos de contrata\u00e7\u00e3o da UFPR.<\/p>\n<p><a href=\"https:\/\/sei.ufpr.br\/sei\/web\/controlador_externo.php?acao=documento_conferir&amp;id_orgao_acesso_externo=0\">Memorando-circular n\u00ba 004\/2021 &#8211; CLIC<\/a> &#8211; informar o c\u00f3digo verificador\u00a0<b>4113173<\/b>\u00a0e o c\u00f3digo CRC <b>E4A45119 <\/b>\u2013 Revoga o Memorando-Circular n\u00ba 11\/2019\/PRA\/DELIC, e estabelece cronograma provis\u00f3rio para os registros do Plano Anual de Contrata\u00e7\u00f5es no \u00e2mbito da UFPR.<\/p>\n","protected":false},"excerpt":{"rendered":"<p>Memorando-circular n\u00ba 004\/2021 &#8211; PRA\u00a0\u2013 informar o c\u00f3digo verificador\u00a03338245\u00a0e o c\u00f3digo CRC\u00a0084EE0FF\u00a0\u2013 Estabelece diretrizes de \u00e9tica e integridade para processos de contrata\u00e7\u00e3o da UFPR. Memorando-circular n\u00ba 004\/2021 &#8211; CLIC &#8211; informar o c\u00f3digo verificador\u00a04113173\u00a0e o c\u00f3digo CRC E4A45119 \u2013 Revoga o Memorando-Circular n\u00ba 11\/2019\/PRA\/DELIC, e estabelece cronograma provis\u00f3rio para os registros do Plano Anual de [&hellip;]<\/p>\n","protected":false},"author":11,"featured_media":0,"parent":0,"menu_order":0,"comment_status":"closed","ping_status":"closed","template":"","meta":{"footnotes":""},"class_list":["post-10068","page","type-page","status-publish","hentry"],"_links":{"self":[{"href":"https:\/\/proad.ufpr.br\/licitacoes\/wp-json\/wp\/v2\/pages\/10068","targetHints":{"allow":["GET"]}}],"collection":[{"href":"https:\/\/proad.ufpr.br\/licitacoes\/wp-json\/wp\/v2\/pages"}],"about":[{"href":"https:\/\/proad.ufpr.br\/licitacoes\/wp-json\/wp\/v2\/types\/page"}],"author":[{"embeddable":true,"href":"https:\/\/proad.ufpr.br\/licitacoes\/wp-json\/wp\/v2\/users\/11"}],"replies":[{"embeddable":true,"href":"https:\/\/proad.ufpr.br\/licitacoes\/wp-json\/wp\/v2\/comments?post=10068"}],"version-history":[{"count":3,"href":"https:\/\/proad.ufpr.br\/licitacoes\/wp-json\/wp\/v2\/pages\/10068\/revisions"}],"predecessor-version":[{"id":11691,"href":"https:\/\/proad.ufpr.br\/licitacoes\/wp-json\/wp\/v2\/pages\/10068\/revisions\/11691"}],"wp:attachment":[{"href":"https:\/\/proad.ufpr.br\/licitacoes\/wp-json\/wp\/v2\/media?parent=10068"}],"curies":[{"name":"wp","href":"https:\/\/api.w.org\/{rel}","templated":true}]}}