{"id":94,"date":"2016-09-02T17:51:27","date_gmt":"2016-09-02T17:51:27","guid":{"rendered":"https:\/\/proad.ufpr.br\/dsg2\/?page_id=94"},"modified":"2026-04-08T07:07:35","modified_gmt":"2026-04-08T10:07:35","slug":"leilao","status":"publish","type":"page","link":"https:\/\/proad.ufpr.br\/delog\/unidades\/unidade-de-patrimonio\/leilao\/","title":{"rendered":"LEIL\u00c3O"},"content":{"rendered":"<p>\u00c9 a modalidade de aliena\u00e7\u00e3o destinada a promover a venda de diversos bens em estado inserv\u00edvel ou sucata.<\/p>\n<p>Os procedimentos para promover o leil\u00e3o s\u00e3o realizados conforme o que determina a <a href=\"http:\/\/www.planalto.gov.br\/ccivil_03\/LEIS\/L8666cons.htm\">Lei 8.666\/93<\/a>, inicia-se com a emiss\u00e3o de portaria nomeando a Comiss\u00e3o de Aliena\u00e7\u00e3o. Essa comiss\u00e3o tem por finalidade promover a avalia\u00e7\u00e3o dos bens para montar o edital e sua publica\u00e7\u00e3o no Di\u00e1rio Oficial da Uni\u00e3o, conforme determina a Lei.<\/p>\n<p>Os lotes de equipamentos mobili\u00e1rios s\u00e3o compostos de diversos bens de utiliza\u00e7\u00e3o similar e via de regra ficam depositados no Dep\u00f3sito da Unidade de Patrim\u00f4nio &#8211; UPAT\/CLOG.<\/p>\n<p>A condu\u00e7\u00e3o da sess\u00e3o do leil\u00e3o \u00e9 feita por um leiloeiro oficial cadastrado na JUCEPAR \u2013 Junta Comercial do Paran\u00e1.<\/p>\n<p><strong>EDITAL DE CREDENCIAMENTO PARA CONTRATA\u00c7\u00c3O DE LEILOEIRO OFICIAL &#8211; 001\/2019 &#8211; PRA.DELOG.DPA<\/strong><\/p>\n<p>Credenciamento com o objetivo de contratar servi\u00e7os de prepara\u00e7\u00e3o, organiza\u00e7\u00e3o e condu\u00e7\u00e3o de leil\u00e3o p\u00fablico para aliena\u00e7\u00e3o onerosa de bens m\u00f3veis inserv\u00edveis da Universidade Federal do Paran\u00e1.<\/p>\n<p><a href=\"https:\/\/proad.ufpr.br\/delog\/files\/2016\/09\/CREDENCIAMENTO-N.\u00ba-001.2019-\u2013-PRA.DELOG_.DPA_.pdf\">CREDENCIAMENTO N.\u00ba 001.2019 \u2013 PRA.DELOG.DPA<\/a><\/p>\n<p><strong>NOTA DE ESCLARECIMENTO<\/strong><\/p>\n<p><a href=\"https:\/\/proad.ufpr.br\/delog\/files\/2016\/09\/Nota-de-Esclarecimento.docx\">Nota de Esclarecimento<\/a><\/p>\n<p><strong>LEILOEIROS CREDENCIADOS &#8211; Edital 001\/2019 &#8211; PRA.DELOG.DPA<\/strong><\/p>\n<p>De acordo com o Item 7 do Edital n\u00ba 001\/2019 de credenciamento de Leiloeiros oficiais, lista-se abaixo o nome dos credenciados habilitados para realiza\u00e7\u00e3o dos Leil\u00f5es da UFPR, respeitando a ordem de credenciamento previsto no item 7.2.1 do referido Edital.<\/p>\n<p style=\"font-weight: 400\">1 Rocha Leil\u00f5es \u2013 Magno Rocha \u2013 Leiloeiro Oficial\u00a0\u00a0\u00a0\u00a0 Matr\u00edcula na Junta Comercial n\u00ba 08\/020-L<br \/>2 Milani Leil\u00f5es \u2013 Clever Elmes Milani \u2013 Leiloeiro Oficial\u00a0\u00a0\u00a0 Matr\u00edcula na Junta Comercial\u00a0 n\u00ba 16\/283-L<\/p>\n<p><strong>EDITAL DE CREDENCIAMENTO PARA CONTRATA\u00c7\u00c3O DE LEILOEIROS OFICIAIS &#8211;\u00a0 001\/2022 &#8211; PRA\/CLOG\/UPAT<\/strong><\/p>\n<p><strong>AVISO DE SUPSENS\u00c3O DO EDITAL N\u00ba 001\/2022<\/strong><\/p>\n<p>A Coordenadoria de Log\u00edstica e a Unidade de Patrim\u00f4nio informam que foi suspenso o credenciamento de Leiloeiros Oficiais que seria realizado dia 25\/02\/2022. Tal suspens\u00e3o se deu\u00a0 face a impugna\u00e7\u00e3o do Edital n\u00ba 001\/2022. Nova data e o Edital atualizado ser\u00e3o posteriormente divulgados neste site.<\/p>\n<p><strong>Impugna\u00e7\u00f5es:<\/strong><\/p>\n<p><a href=\"https:\/\/proad.ufpr.br\/delog\/files\/2023\/07\/impugnacao-1.pdf\" target=\"_blank\" rel=\"noopener\">Impugna\u00e7\u00e3o 1<\/a><\/p>\n<p><a href=\"https:\/\/proad.ufpr.br\/delog\/files\/2023\/07\/Impugnacao-2-.pdf\" target=\"_blank\" rel=\"noopener\">Impugna\u00e7\u00e3o 2<\/a><\/p>\n<p><a href=\"https:\/\/proad.ufpr.br\/delog\/files\/2023\/07\/Resposta-a-Impugnacao.pdf\" target=\"_blank\" rel=\"noopener\">Resposta \u00e0 Impugna\u00e7\u00e3o<\/a><\/p>\n<p><a href=\"https:\/\/proad.ufpr.br\/delog\/files\/2023\/07\/Edital-credenciamento-atualizado.pdf\" target=\"_blank\" rel=\"noopener\">Edital credenciamento 001\/2022<\/a><\/p>\n<p><strong>LEILOEIROS HABILITADOS<\/strong>\u00a0&#8211; <strong>Edital 001\/2022<\/strong> &#8211; <strong>PRA\/CLOG\/UPAT<\/strong><\/p>\n<p>Em conformidade ao item 7 do Edital de Credenciamento de Leiloeiro Oficial n\u00ba 001\/2022, lista-se abaixo o nome, por ordem alfab\u00e9tica, dos Leiloeiros habilitados no certame. Em 07 de abril de 2022, neste s\u00edtio, ser\u00e1 divulgada a data para realiza\u00e7\u00e3o de Sess\u00e3o P\u00fablica para o sorteio dos Leiloeiros que, pela ordem de classifica\u00e7\u00e3o, estar\u00e3o credenciados e aptos a realizar os Leil\u00f5es de bens m\u00f3veis inserv\u00edveis da Universidade Federal do Paran\u00e1.\u00a0<\/p>\n<p><strong>Leiloeiros habilitados at\u00e9 29\/03\/2022 por ordem alfab\u00e9tica:<\/strong><\/p>\n<p>1.Adriano Melniski<\/p>\n<p>2.Antonio Magno Jacob da Rocha<\/p>\n<p>3.Deyse Scheerer Pientnozka Kultz<\/p>\n<p>4.Diego Wolf de Oliveira<\/p>\n<p>5.Eduardo Schmitz<\/p>\n<p>6.Elton Luiz Simon<\/p>\n<p>7.Helcio Kronberg<\/p>\n<p>8.Jaqueline Speran\u00e7a<\/p>\n<p>9.Joacir Monzon Pouey<\/p>\n<p>10.Jorge Marco Aur\u00e9lio Biavati<\/p>\n<p>11.Josecelli Kildare Fraga Gomes<\/p>\n<p>12.Lucas Eduardo Dalcanale<\/p>\n<p>13.Luiz Barbosa de Lima Junior<\/p>\n<p>14.Luiz Egidio Cruz Medeiros<\/p>\n<p>15.Marcos Ant\u00f4nio T\u00falio<\/p>\n<p>16.Paulo Roberto Nakakogue<\/p>\n<p>17.Paulo Setsuo Nakakogue<\/p>\n<p>18.Pedro Lerner Kronberg<\/p>\n<p>19.Ricardo Ferreira Gomes<\/p>\n<p>20.Rudival Almeida Gomes Junior<\/p>\n<p>21.Sidney Belalrmino Ferreira Junior<\/p>\n<p>22. Werno Klockner Junior<\/p>\n<p><strong>Leiloeiros Habilitados ap\u00f3s 29\/03\/2022 (n\u00e3o participaram do sorteio) :<\/strong><\/p>\n<p>Leticia Ribas Klein\u00a0<\/p>\n<p>Galv\u00e3o Adenyr Lopes Junior<\/p>\n<p><strong>SESS\u00c3O P\u00daBLICA DE SORTEIO DOS LEILOEIROS CREDENCIADOS &#8211; EDITAL N\u00ba 001\/2022 &#8211; PRA\/CLOG\/UPAT<\/strong><\/p>\n<p>A Coordenadoria de Log\u00edstica e a Unidade de Patrim\u00f4nio da Pr\u00f3 Reitoria de Administra\u00e7\u00e3o, em conson\u00e2ncia ao item 12 do Edital de Credenciamento de Leiloeiros Oficiais n\u00ba 001\/2022,\u00a0 divulga a data da Sess\u00e3o P\u00fablica de sorteio para estabelecer a ordem de classifica\u00e7\u00e3o dos Leiloeiros Oficias que encaminharam at\u00e9 29\/03\/2022 a documenta\u00e7\u00e3o exigida no Edital de Credenciamento e foram habilitados a realizar Leil\u00f5es de bens m\u00f3veis da Universidade Federal do Paran\u00e1.<\/p>\n<p><strong>A Sess\u00e3o P\u00fablica de sorteio para classifica\u00e7\u00e3o dos Leiloeiros ocorrer\u00e1 no dia\u00a0 14\/04\/2022, \u00e0s 9:30h no seguinte endere\u00e7o: Rua Francisco H. dos Santos, s\/n. Jardim das Am\u00e9ricas. Centro Polit\u00e9cnico &#8211; Unidade de Patrim\u00f4nio.\u00a0<\/strong><\/p>\n<p>Os Leiloeiros Oficiais habilitados que n\u00e3o puderem comparecer a esta Sess\u00e3o P\u00fablica, poder\u00e3o acompanhar a reuni\u00e3o de modo on-line, pelo aplicativo TEAMS. Posteriormente enviaremos o convite para participa\u00e7\u00e3o desta reuni\u00e3o por meio do e-mail informado nos documentos de habilita\u00e7\u00e3o encaminhados.\u00a0\u00a0<\/p>\n<p>Comiss\u00e3o Especial de Credenciamento &#8211;\u00a0 credencialeiloeiros@ufpr.br.\u00a0<\/p>\n<p><strong>Leiloeiros Credenciados por ordem de classifica\u00e7\u00e3o &#8211; Edital de Credenciamento 001\/2022 &#8211; PRA\/CLOG\/UPAT<\/strong><\/p>\n<p>1\u00ba Adriano Melniski<\/p>\n<p>2\u00ba Jorge Marco Aur\u00e9lio Biavati<\/p>\n<p>3\u00ba Werno Klockner Junior<\/p>\n<p>4\u00ba Luiz Barbosa de Lima Junior<\/p>\n<p>5\u00ba Helcio Kronberg<\/p>\n<p>6\u00ba Joacir Monzon Pouey<\/p>\n<p>7\u00ba Ricardo Ferreira Gomes<\/p>\n<p>8\u00ba Sidney Belalrmino Ferreira Junior<\/p>\n<p>9\u00ba Elton Luiz Simon<\/p>\n<p>10\u00ba Paulo Roberto Nakakogue<\/p>\n<p>11\u00ba Eduardo Schmitz<\/p>\n<p>12\u00ba Diego Wolf de Oliveira<\/p>\n<p>13\u00ba Antonio Magno Jacob da Rocha<\/p>\n<p>14\u00ba Luiz Egidio Cruz Medeiros<\/p>\n<p>15\u00ba Marcos Ant\u00f4nio T\u00falio<\/p>\n<p>16\u00ba Josecelli Kildare Fraga Gomes<\/p>\n<p>17\u00ba Paulo Setsuo Nakakogue<\/p>\n<p>18\u00ba Jaqueline Speran\u00e7a<\/p>\n<p>19\u00ba Deyse Scheerer Pientnozka Kultz<\/p>\n<p>20\u00ba Lucas Eduardo Dalcanale<\/p>\n<p>21\u00ba Pedro Lerner Kronberg<\/p>\n<p>22\u00ba Rudival Almeida Gomes Junior<\/p>\n<p>23\u00ba Leticia Ribas Klein\u00a0<\/p>\n<p>24\u00ba Galv\u00e3o Adenyr Lopes Junior<\/p>\n<p>A Unidade de Patrim\u00f4nio divulga o Edital 01\/2026 &#8211; do Leil\u00e3o de bens inserv\u00edveis da UFPR.<\/p>\n<p><a href=\"https:\/\/proad.ufpr.br\/delog\/files\/2026\/04\/Edital_Pregao_Eletronico_Leilao_01.2026_Revisado_.pdf\">Edital_Pregao_Eletronico_Leilao_01.2026<\/a><\/p>\n<p><a href=\"https:\/\/proad.ufpr.br\/delog\/files\/2026\/04\/Publicacao_D.O.U__Leilao_01_2026.pdf\">Publicacao_D.O.U__Leilao_01_2026<\/a><\/p>\n<p><strong>PROCEDIMENTO OPERACIONAL PADR\u00c3O<\/strong><\/p>\n<p>Procedimento operacional padr\u00e3o para Aliena\u00e7\u00e3o de Bens por Leil\u00e3o.<\/p>\n<p><a href=\"https:\/\/proad.ufpr.br\/delog\/files\/2016\/09\/POP-LEIL\u00c3O.pdf\">POP LEIL\u00c3O<\/a><\/p>\n\n\n<p><\/p>\n","protected":false},"excerpt":{"rendered":"<p>\u00c9 a modalidade de aliena\u00e7\u00e3o destinada a promover a venda de diversos bens em estado inserv\u00edvel ou sucata. Os procedimentos para promover o leil\u00e3o s\u00e3o realizados conforme o que determina a Lei 8.666\/93, inicia-se com a emiss\u00e3o de portaria nomeando a Comiss\u00e3o de Aliena\u00e7\u00e3o. Essa comiss\u00e3o tem por finalidade promover a avalia\u00e7\u00e3o dos bens para [&hellip;]<\/p>\n","protected":false},"author":1759,"featured_media":0,"parent":34,"menu_order":0,"comment_status":"closed","ping_status":"closed","template":"","meta":{"footnotes":""},"class_list":["post-94","page","type-page","status-publish","hentry"],"_links":{"self":[{"href":"https:\/\/proad.ufpr.br\/delog\/wp-json\/wp\/v2\/pages\/94","targetHints":{"allow":["GET"]}}],"collection":[{"href":"https:\/\/proad.ufpr.br\/delog\/wp-json\/wp\/v2\/pages"}],"about":[{"href":"https:\/\/proad.ufpr.br\/delog\/wp-json\/wp\/v2\/types\/page"}],"author":[{"embeddable":true,"href":"https:\/\/proad.ufpr.br\/delog\/wp-json\/wp\/v2\/users\/1759"}],"replies":[{"embeddable":true,"href":"https:\/\/proad.ufpr.br\/delog\/wp-json\/wp\/v2\/comments?post=94"}],"version-history":[{"count":80,"href":"https:\/\/proad.ufpr.br\/delog\/wp-json\/wp\/v2\/pages\/94\/revisions"}],"predecessor-version":[{"id":3822,"href":"https:\/\/proad.ufpr.br\/delog\/wp-json\/wp\/v2\/pages\/94\/revisions\/3822"}],"up":[{"embeddable":true,"href":"https:\/\/proad.ufpr.br\/delog\/wp-json\/wp\/v2\/pages\/34"}],"wp:attachment":[{"href":"https:\/\/proad.ufpr.br\/delog\/wp-json\/wp\/v2\/media?parent=94"}],"curies":[{"name":"wp","href":"https:\/\/api.w.org\/{rel}","templated":true}]}}