{"id":88,"date":"2016-09-02T17:48:48","date_gmt":"2016-09-02T17:48:48","guid":{"rendered":"https:\/\/proad.ufpr.br\/dsg2\/?page_id=88"},"modified":"2020-05-06T15:27:15","modified_gmt":"2020-05-06T18:27:15","slug":"perguntas-frequentes","status":"publish","type":"page","link":"https:\/\/proad.ufpr.br\/delog\/unidades\/unidade-de-patrimonio\/perguntas-frequentes\/","title":{"rendered":"PERGUNTAS FREQUENTES?"},"content":{"rendered":"<ol>\n<li><strong> Desejo aposentar-me, como fa\u00e7o para retirar a certid\u00e3o negativa?<\/strong><\/li>\n<\/ol>\n<p>A UPAT fornece a possibilidade ao (a) servidor (a) optar por retirar sua certid\u00e3o negativa por interm\u00e9dio de e-mail ou pessoalmente na unidade. Para solicita\u00e7\u00e3o via e-mail e retirada pessoalmente na UPAT , o (a) servidor (a) dever\u00e1 consultar sua carga patrimonial (<a href=\"https:\/\/intranet.ufpr.br\/intranet\/intranet\/dados!patrimoniais.action?p=5812\">carga patrimonial individual<\/a>) e verificar se n\u00e3o h\u00e1 bens em sua carga patrimonial. Caso houver pend\u00eancias, o (a) servidor (a) ter\u00e1 de entrar em contato com a Subcomiss\u00e3o do Setor a fim de transferir os bens para outro (a) servidor (a) que ficar\u00e1 respons\u00e1vel pelo bem. Cada certid\u00e3o possui a validade de 30 (trinta) dias ap\u00f3s a data da emiss\u00e3o.<\/p>\n<p><strong>1.2 Optei por retirar via e-mail. Qual \u00e9 o e-mail e enquanto ao prazo de envio?<\/strong><\/p>\n<p>O (a) servidor (a) que optar por retirar por e-mail dever\u00e1 enviar a solicita\u00e7\u00e3o para patrimonio@ufpr.br pelo seu e-mail PESSOAL (obs: pode ocorrer de solicita\u00e7\u00f5es com o e-mail yahoo, hotmail e gmail haja inconformidade com sistema e n\u00e3o seja lido pela UPAT), portanto, \u00e9 de suma import\u00e2ncia que seja solicitado pelo e-mail da institui\u00e7\u00e3o, @ufpr. O prazo de resposta para entrega da certid\u00e3o negativa \u00e9 de 72h \u00fateis<\/p>\n<p>\u25baA UPAT envia a certid\u00e3o somente para e-mail do solicitante, n\u00e3o para terceiros.<br \/>\n\u25baNa solicita\u00e7\u00e3o, necessitaremos do nome completo, a matr\u00edcula SIAD e o motivo da solicita\u00e7\u00e3o da certid\u00e3o negativa.<\/p>\n<p><strong>1.3. Optei por retirar pessoalmente. Quais s\u00e3o os documentos necess\u00e1rios e qual o hor\u00e1rio de atendimento da UPAT ?<\/strong><\/p>\n<p>Para retirada pessoalmente o (a) servidor (a) dever\u00e1 conter o crach\u00e1 da institui\u00e7\u00e3o informando o seu nome completo e a matr\u00edcula do SIAD. A certid\u00e3o negativa ser\u00e1 entregue instantaneamente, sendo entregue uma via ao (a) solicitante e uma via permanecendo na UPAT para arquivamento. O hor\u00e1rio para retirada de certid\u00e3o negativa inicia-se \u00e0s 9 horas at\u00e9 12 horas e das 13 horas at\u00e9 16 horas.<\/p>\n<p>\u25ba A certid\u00e3o negativa ser\u00e1 entregue somente ao (a) solicitante e n\u00e3o para terceiros.<\/p>\n<p>\u25ba N\u00e3o \u00e9 necess\u00e1rio enviar e-mail para certid\u00e3o patrim\u00f4nio caso seja feito a retirada pessoalmente.<\/p>\n<p><strong>1.4 Tirei a certid\u00e3o em uma determinada data, mas o prazo da certid\u00e3o acabou. O que fazer?<\/strong><\/p>\n<p>A p\u00f3s a validade de 30 (trinta) dias desde a data certid\u00e3o negativa encerrar, o (a) servidor (a) poder\u00e1 solicitar novamente a certid\u00e3o, seja pessoalmente ou por e-mail. Ser\u00e1 necess\u00e1rio informar que j\u00e1 havia retirado a certid\u00e3o anteriormente e necessita que seja feita outra via.<\/p>\n<p><strong>2. Fiz as presta\u00e7\u00f5es de contas junto ao CNPq e ap\u00f3s um per\u00edodo recebi o Termo de Dep\u00f3sito. Como fa\u00e7o para receber o n\u00famero de tombo dos bens?<\/strong><\/p>\n<p>O CNPq enviar\u00e1 ao pesquisador (ou \u00e0 UPAT) o TD com as rela\u00e7\u00f5es dos bens. Na sequencia o pesquisador abrir\u00e1 o processo no SEI, colocar\u00e1 em anexo o TD assinado, a Nota Fiscal (NF) dos bens e encaminhar\u00e1 ao CLOG\/UPAT \/PBM. Em seguida, ser\u00e1 gerado o Termo de Responsabilidade (sendo essencial a inclus\u00e3o da NF para este fim) que ser\u00e1 anexado ao processo; este Termo dever\u00e1 ser impresso assinado, datado e carimbado; incluir em PDF o TD E O TR no processo; encaminhar \u00e0 UPAT os Termos Responsabilidade e Dep\u00f3sito, originais para homologa\u00e7\u00e3o e arquivamento junto \u00e0 UPAT .<\/p>\n<p><strong>2.1 O Termo de Dep\u00f3sito n\u00e3o possui 5 anos. Como vou fazer a transfer\u00eancia?<\/strong><\/p>\n<p>Nessa situa\u00e7\u00e3o, o pesquisador dever\u00e1 solicitar \u00e0 UPAT um requerimento a fim de que seja alterado o respons\u00e1vel no Termo de Dep\u00f3sito. Ap\u00f3s a altera\u00e7\u00e3o do TD, o CNPq encaminhar\u00e1 com o novo respons\u00e1vel, necessitando a assinatura desse termo. O requerimento ter\u00e1 de ser realizado com a assinatura do pesquisador respons\u00e1vel (solicitante), pesquisador indicado, e o diretor do Setor, sendo consequentemente encaminhado \u00e0 UPAT (via e-mail). Ao t\u00e9rmino desse processo, o bem ficar\u00e1 dispon\u00edvel para transfer\u00eancia.<\/p>\n<p><strong>2.2 Possuo bem (ns) CNPq e necessito realizar a transfer\u00eancia (s) do (s) bem (s) e h\u00e1 trava no sistema. O que fazer?<\/strong><\/p>\n<p>O CNPq realiza a doa\u00e7\u00e3o do bem ao pesquisador a partir que o Termo de Dep\u00f3sito fizer 5 anos, ou seja, caso o bem possua 5 anos desde que fora cadastrado, dever\u00e1 ser informado \u00e0 UPAT para que o bem seja desbloqueado a fim de ser transferido.<\/p>\n<p><strong>2.3<\/strong> <strong>Desejo recolher o bem de CNPq enviado ao dep\u00f3sito. Como proceder?<\/strong><\/p>\n<p>O solicitante dever\u00e1 abrir um of\u00edcio (se for bem de inform\u00e1tica, com laudo), informando o n\u00famero de tombo, a descri\u00e7\u00e3o e o motivo do bem encontrar-se em estado de inserv\u00edvel. Ap\u00f3s a realiza\u00e7\u00e3o do of\u00edcio, enviar \u00e0 UPAT no <a href=\"mailto:patrimonio@ufpr.br\">patrimonio@ufpr.br<\/a>, esse ser\u00e1 encaminhado ao CNPq para verificar a possibilidade do bem ser baixado no sistema. Assim que liberado pelo CNPq, a UPAT ir\u00e1 informar ao solicitante se o bem poder\u00e1 ser recolhido.<\/p>\n<p><strong>3. Enquanto a reposi\u00e7\u00e3o de etiquetas&#8230;<\/strong><\/p>\n<p>No caso de perda, desgaste e rasura, as novas etiquetas ser\u00e3o confeccionadas mediante solicita\u00e7\u00e3o por e-mail no <a href=\"mailto:patrimonio@ufpr.br\">patrimonio@ufpr.br<\/a>, pelo presidente ou vice-presidente da subcomiss\u00e3o, sendo entregues via malote. O membro da subcomiss\u00e3o dever\u00e1 solicitar ao presidente ou vice-presidente as etiquetas, neste caso. Para recolher pessoalmente, dever\u00e1 ser solicitado antecipadamente as etiquetas por e-mail, pelo presidente ou vice, e informado a pessoa que vir\u00e1 buscar.<\/p>\n<p><strong><strong>4. Enquanto a sa\u00edda de bens da UFPR&#8230;<\/strong><\/strong><\/p>\n<p>Para bens que sair\u00e3o da Universidade, seja para pesquisas em campo, empr\u00e9stimos \u00e0 alunos, utiliza\u00e7\u00e3o de fora do \u00e2mbito da UFPR etc., \u00e9 necess\u00e1rio que o respons\u00e1vel fa\u00e7a um Termo de Portabilidade dos bens. O Termo de Portabilidade \u00e9 uma autoriza\u00e7\u00e3o do seu superior imediato para que voc\u00ea possa portar o bem. Dever\u00e1 ser assinado pelo respons\u00e1vel, cedente (no caso, assinatura da UPAT ) e respons\u00e1vel pelo bem.<\/p>\n<p><strong><strong>5. Enquanto a transfer\u00eancia\/invent\u00e1rio de bens&#8230;<\/strong><\/strong><\/p>\n<p>As transfer\u00eancias de responsabilidade de bens permanentes s\u00f3 podem ser feitas pelo Sistema SAP\/WEB, sendo somente a Subcomiss\u00e3o de Patrim\u00f4nio tem acesso ao Sistema. A trava de bens no momento das transfer\u00eancias ocorre: quando o bem n\u00e3o pertencem ao local do usu\u00e1rio e quando o bem pertence ao CNPq.<\/p>\n<p>\u25ba O termo ser\u00e1 assinado pelo (a) Diretor (a) do Setor, no caso de o bem passar para outro setor (ex: o setor de Ci\u00eancias Sociais ir\u00e1 transferir bem ao SEPT, assina-se o diretor ou vice), pelo membro da Subcomiss\u00e3o que gerou o Termo e pelo Servidor que passa a ter responsabilidade sobre os bens transferidos;<\/p>\n<p>\u25ba Ap\u00f3s o termo ser assinado (conforme indica\u00e7\u00e3o acima), deve-se enviar uma via a Unidade de Patrim\u00f4nio para homologa\u00e7\u00e3o. Se o termo n\u00e3o for homologado pela Unidade de Patrim\u00f4nio, a transfer\u00eancia n\u00e3o ser\u00e1 efetivada.<\/p>\n<p>\u25ba O Termo de Invent\u00e1rio ocorre com os mesmos procedimentos de Transfer\u00eancia, por\u00e9m, ter\u00e1 um campo que poder\u00e1 alterar de Transfer\u00eancia para Invent\u00e1rio, consequentemente o termo gerado ser\u00e1 de Invent\u00e1rio.<\/p>\n<p><strong><strong>6. Enquanto a entrada de bens \u00e0 UFPR&#8230;<\/strong><\/strong><\/p>\n<p>As entradas de bens \u00e0 UFPR se d\u00e3o por interm\u00e9dio de Compra, Doa\u00e7\u00e3o e Comodato, como: CNPq, FUNPAR, Funda\u00e7\u00e3o Arauc\u00e1ria.<\/p>\n<p>Compras de bens com recurso pr\u00f3prio, processo financeiro. Seguir os ritos da Ordem de Servi\u00e7o\u00a0 Conjunta PRA\/PROPLAN 001\/2017<\/p>\n<p>FUNPAR: Ritos da Ordem de Servi\u00e7o Conjunta PRA\/PROPLAN 002\/2017<\/p>\n<p><strong>7. Procedimento doa\u00e7\u00e3o da UFPR para outros \u00d3rg\u00e3os <\/strong><\/p>\n<p>Seguir os ritos da Ordem de Servi\u00e7o 015\/2019<\/p>\n<p><strong>8. Procedimentos para bens doados para UFPR<\/strong><\/p>\n<p>Seguir ritos da Ordem de Servi\u00e7o 008\/2019<\/p>\n<p><strong>9. Os Termos entregues \u00e0 UPAT devem ser duas vias?<\/strong><\/p>\n<p>N\u00e3o. Pode ser entregue junto com documento listando todos os termos gerados. \u00c9 realizada confer\u00eancia dos termos com o documento, estando tudo certo, d\u00e1-se o recebimento no documento e encaminha-se pelo malote \u00e0 unidade de origem.<\/p>\n<p><strong>10. Como incorporar bem do acervo da UFPR que se encontra baixado, sem tombo ou com etiqueta vermelha?<\/strong><\/p>\n<p>Deve-se abrir processo no SEI com despacho de solicita\u00e7\u00e3o. Realizar 3 or\u00e7amentos em sites de usados, bens com as mesmas caracter\u00edsticas ou similares. Fazer Download no Processo SEI. Indicar respons\u00e1vel pelo bem, nome completo, matr\u00edcula, c\u00f3digo do local do bem. O lan\u00e7amento do valor ser\u00e1 feito pela m\u00e9dia dos valores encontrados.<\/p>\n<p><strong>11. Procedimento para nomea\u00e7\u00e3o de portaria das subcomiss\u00f5es dos setores.<\/strong><\/p>\n<p>Atrav\u00e9s do Processo no SEI. Preencher portaria, (modelo na p\u00e1gina da UPAT ). Encaminhar \u00e0 UPAT para provid\u00eancias.<\/p>\n<p><strong>12. Vou me aposentar, tenho bens em meu nome, como procedo?<\/strong><\/p>\n<p>Realizar a transfer\u00eancia de todo o acervo para outro servidor que ficar\u00e1 respons\u00e1vel. O Termo de transfer\u00eancia dever\u00e1 ser entregue na UPAT para homologa\u00e7\u00e3o. Isto feito, o servidor j\u00e1 poder\u00e1 solicitar a certid\u00e3o negativa.<\/p>\n<p><strong>13. Em caso de roubo de bem sobre responsabilidade do Servidor<\/strong><\/p>\n<p>Seguir ritos da Ordem de Servi\u00e7o 18\/2019-PRA.<\/p>\n<p><strong>14. O bem que estava sob minha responsabilidade sumiu, e agora? O que devo fazer?<\/strong><\/p>\n<p>Atrav\u00e9s de processo no SEI. Comunicar a chefia imediata. Fazer despacho narrando o acontecimento. Informar a Subcomiss\u00e3o de Patrim\u00f4nio que tomar\u00e1 as provid\u00eancias, quanto \u00e0 lavratura de TCA. Todos os documentos dever\u00e3o ser anexados ao processo e assinados. Ap\u00f3s as provid\u00eancias, encaminhar o processo \u00e0 UPAT para an\u00e1lise.<\/p>\n<p><strong>15. Como proceder para ressarcir o er\u00e1rio por bens desaparecidos?<\/strong><\/p>\n<p>Processo no SEI. Comunica\u00e7\u00e3o \u00e0 chefia imediata. Descrever o acontecimento atrav\u00e9s de despacho. O objeto poder\u00e1 ser restitu\u00eddo atrav\u00e9s de reposi\u00e7\u00e3o de bem com as mesmas caracter\u00edsticas ou semelhante, igual ou superior. O servidor poder\u00e1 tamb\u00e9m optar pelo pagamento atrav\u00e9s de GRU.<\/p>\n<p><strong>16. Quero ressarcir atrav\u00e9s de GRU, como procedo?<\/strong><\/p>\n<p>Processo no SEI. Despacho inicial descrevendo o ocorrido. Ci\u00eancia da chefia imediata. Comunica\u00e7\u00e3o \u00e0 Subcomiss\u00e3o de Patrim\u00f4nio da unidade. Fazer 3 or\u00e7amentos. Incluir no processo. Pela m\u00e9dia, solicitar ao or\u00e7ament\u00e1rio do setor emitir a GRU c\u00f3digo de recolhimento 28849-7, incluir no processo. Realizar o pagamento do valor. Incluir o comprovante no processo. Encaminhar o processo \u00e0 UPAT para demais provid\u00eancias.<\/p>\n<p><strong>17. Como realizo a emiss\u00e3o de GRU?<br \/>\n<\/strong><br \/>\nEsta GRU deve ser emitida atrav\u00e9s do link:\u00a0<a href=\"http:\/\/consulta.tesouro.fazenda.gov.br\/gru_novosite\/gru_simples.asp\">http:\/\/consulta.tesouro.fazenda.gov.br\/gru_novosite\/gru_simples.asp<\/a> e preenchida com as seguintes informa\u00e7\u00f5es<\/p>\n<p style=\"font-weight: 400\">* Unidade Gestora (UG): 153079<br \/>\n* Gest\u00e3o: 15232<br \/>\n* Nome da Unidade: UNIVERSIDADE FEDERAL DO PARANA<br \/>\n* C\u00f3digo de recolhimento 28849-7 &#8211; INDENIZ DANOS CAUSADOS PATRIM\u00d4NIO P\u00daBLICO.<\/p>\n<p><img loading=\"lazy\" decoding=\"async\" class=\"alignnone wp-image-1957\" src=\"https:\/\/proad.ufpr.br\/delog\/files\/2016\/09\/image002.jpg\" alt=\"\" width=\"591\" height=\"345\" srcset=\"https:\/\/proad.ufpr.br\/delog\/files\/2016\/09\/image002.jpg 488w, https:\/\/proad.ufpr.br\/delog\/files\/2016\/09\/image002-300x175.jpg 300w\" sizes=\"auto, (max-width: 591px) 100vw, 591px\" \/><\/p>\n<p style=\"font-weight: 400\">* N\u00famero de Refer\u00eancia: n\u00famero do processo<br \/>\n* CNPJ ou CPF do Contribuinte: CPF do respons\u00e1vel do bem ressarcido<br \/>\n* Valor Principal: valor atualizado do bem<\/p>\n<p><span style=\"color: #ff0000\"><strong>Caso o servidor encontre dificuldade para gerar a GRU, dever\u00e1 entrar em contato com o\u00a0 setor or\u00e7ament\u00e1rio da unidade.<\/strong><\/span><\/p>\n<p style=\"font-weight: 400\">Ap\u00f3s emitida a GRU, esta dever\u00e1 ser anexada ao processo,\u00a0 ap\u00f3s o pagamento, o comprovante de quita\u00e7\u00e3o dever\u00e1 ser digitalizado e inclu\u00eddo no processo e encaminhado \u00e0 UPAT para que possamos providenciar a baixa e posterior contabiliza\u00e7\u00e3o.<\/p>\n","protected":false},"excerpt":{"rendered":"<p>Desejo aposentar-me, como fa\u00e7o para retirar a certid\u00e3o negativa? A UPAT fornece a possibilidade ao (a) servidor (a) optar por retirar sua certid\u00e3o negativa por interm\u00e9dio de e-mail ou pessoalmente na unidade. Para solicita\u00e7\u00e3o via e-mail e retirada pessoalmente na UPAT , o (a) servidor (a) dever\u00e1 consultar sua carga patrimonial (carga patrimonial individual) e [&hellip;]<\/p>\n","protected":false},"author":1759,"featured_media":0,"parent":34,"menu_order":0,"comment_status":"closed","ping_status":"closed","template":"","meta":{"footnotes":""},"class_list":["post-88","page","type-page","status-publish","hentry"],"_links":{"self":[{"href":"https:\/\/proad.ufpr.br\/delog\/wp-json\/wp\/v2\/pages\/88","targetHints":{"allow":["GET"]}}],"collection":[{"href":"https:\/\/proad.ufpr.br\/delog\/wp-json\/wp\/v2\/pages"}],"about":[{"href":"https:\/\/proad.ufpr.br\/delog\/wp-json\/wp\/v2\/types\/page"}],"author":[{"embeddable":true,"href":"https:\/\/proad.ufpr.br\/delog\/wp-json\/wp\/v2\/users\/1759"}],"replies":[{"embeddable":true,"href":"https:\/\/proad.ufpr.br\/delog\/wp-json\/wp\/v2\/comments?post=88"}],"version-history":[{"count":28,"href":"https:\/\/proad.ufpr.br\/delog\/wp-json\/wp\/v2\/pages\/88\/revisions"}],"predecessor-version":[{"id":2286,"href":"https:\/\/proad.ufpr.br\/delog\/wp-json\/wp\/v2\/pages\/88\/revisions\/2286"}],"up":[{"embeddable":true,"href":"https:\/\/proad.ufpr.br\/delog\/wp-json\/wp\/v2\/pages\/34"}],"wp:attachment":[{"href":"https:\/\/proad.ufpr.br\/delog\/wp-json\/wp\/v2\/media?parent=88"}],"curies":[{"name":"wp","href":"https:\/\/api.w.org\/{rel}","templated":true}]}}