{"id":7,"date":"2016-08-23T19:24:34","date_gmt":"2016-08-23T19:24:34","guid":{"rendered":"https:\/\/proad.ufpr.br\/dsg2\/?page_id=7"},"modified":"2022-02-09T11:05:44","modified_gmt":"2022-02-09T14:05:44","slug":"unidades","status":"publish","type":"page","link":"https:\/\/proad.ufpr.br\/delog\/unidades\/","title":{"rendered":"Unidades"},"content":{"rendered":"<p><a href=\"https:\/\/proad.ufpr.br\/delog\/daast\/\">Divis\u00e3o de Acompanhamento e Avalia\u00e7\u00e3o de Servi\u00e7os Terceirizados &#8211; DAAST<\/a><\/p>\n<p><a href=\"https:\/\/proad.ufpr.br\/delog\/divisao-de-patrimonio\/\">Unidade de Patrim\u00f4nio &#8211; UPAT<\/a><\/p>\n<p><a href=\"https:\/\/proad.ufpr.br\/delog\/unidade_de_arquivo_uarq\/\">Unidade de Arquivo e Atividades Auxiliares &#8211; UARQ<\/a><\/p>\n<p><a href=\"https:\/\/proad.ufpr.br\/delog\/divisaosuprimentos\/\">Divis\u00e3o de Suprimentos &#8211; DSUPRI<\/a><\/p>\n<p><span style=\"color: #333399\">\u00a0<\/span><\/p>\n","protected":false},"excerpt":{"rendered":"<p>Divis\u00e3o de Acompanhamento e Avalia\u00e7\u00e3o de Servi\u00e7os Terceirizados &#8211; DAAST Unidade de Patrim\u00f4nio &#8211; UPAT Unidade de Arquivo e Atividades Auxiliares &#8211; UARQ Divis\u00e3o de Suprimentos &#8211; DSUPRI \u00a0<\/p>\n","protected":false},"author":1759,"featured_media":0,"parent":0,"menu_order":0,"comment_status":"closed","ping_status":"closed","template":"","meta":{"footnotes":""},"class_list":["post-7","page","type-page","status-publish","hentry"],"_links":{"self":[{"href":"https:\/\/proad.ufpr.br\/delog\/wp-json\/wp\/v2\/pages\/7","targetHints":{"allow":["GET"]}}],"collection":[{"href":"https:\/\/proad.ufpr.br\/delog\/wp-json\/wp\/v2\/pages"}],"about":[{"href":"https:\/\/proad.ufpr.br\/delog\/wp-json\/wp\/v2\/types\/page"}],"author":[{"embeddable":true,"href":"https:\/\/proad.ufpr.br\/delog\/wp-json\/wp\/v2\/users\/1759"}],"replies":[{"embeddable":true,"href":"https:\/\/proad.ufpr.br\/delog\/wp-json\/wp\/v2\/comments?post=7"}],"version-history":[{"count":14,"href":"https:\/\/proad.ufpr.br\/delog\/wp-json\/wp\/v2\/pages\/7\/revisions"}],"predecessor-version":[{"id":3779,"href":"https:\/\/proad.ufpr.br\/delog\/wp-json\/wp\/v2\/pages\/7\/revisions\/3779"}],"wp:attachment":[{"href":"https:\/\/proad.ufpr.br\/delog\/wp-json\/wp\/v2\/media?parent=7"}],"curies":[{"name":"wp","href":"https:\/\/api.w.org\/{rel}","templated":true}]}}