{"id":558,"date":"2016-12-08T09:52:55","date_gmt":"2016-12-08T11:52:55","guid":{"rendered":"https:\/\/proad.ufpr.br\/dsg\/?page_id=558"},"modified":"2026-02-02T13:43:58","modified_gmt":"2026-02-02T16:43:58","slug":"inventario","status":"publish","type":"page","link":"https:\/\/proad.ufpr.br\/delog\/unidades\/unidade-de-patrimonio\/inventario\/","title":{"rendered":"INVENT\u00c1RIO"},"content":{"rendered":"<p>Em cumprimento \u00e0 Resolu\u00e7\u00e3o 20\/21- COPLAD a Comiss\u00e3o de Gest\u00e3o Patrimonial apresenta os relat\u00f3rios anuais de invent\u00e1rio de bens m\u00f3veis realizados pelas Subcomiss\u00f5es de Patrim\u00f4nio Setoriais e consolidados pela Unidade de Patrim\u00f4nio do PRA\/CLOG.<\/p>\n<p><strong>Relat\u00f3rios aprovados:<\/strong><\/p>\n<p>Relat\u00f3rio de Invent\u00e1rio 2015 &#8211; \u00a0<a href=\"https:\/\/proad.ufpr.br\/delog\/files\/2017\/02\/Relatorio-de-Inventario-2015.pdf\" target=\"_blank\" rel=\"noopener\">Clique aqui para visualizar<\/a><\/p>\n<p>Relat\u00f3rio de Invent\u00e1rio 2016 &#8211; <a href=\"https:\/\/proad.ufpr.br\/delog\/files\/2017\/02\/Relatorio-de-Invent\u00e1rio-2016.pdf\" target=\"_blank\" rel=\"noopener\">Clique aqui para visualizar<\/a><\/p>\n<p>Relat\u00f3rio de Invent\u00e1rio 2017 &#8211;\u00a0<a href=\"https:\/\/proad.ufpr.br\/delog\/files\/2016\/12\/RELAT\u00d3RIO-FINAL-DO-INVENT\u00c1RIO-2017-vers\u00e3o-final.pdf\">Clique aqui para visualizar<\/a><\/p>\n<p>Relat\u00f3rio de Invent\u00e1rio 2018 &#8211; <a href=\"https:\/\/proad.ufpr.br\/delog\/files\/2023\/07\/Relatorio-Final-Inventario-2019.pdf\">Clique aqui para visualizar<\/a><\/p>\n<p>Relat\u00f3rio de Invent\u00e1rio 2019 &#8211; <a href=\"https:\/\/proad.ufpr.br\/delog\/files\/2023\/07\/Relatorio-Final-Inventario-2019.pdf\">Clique aqui para visualizar<\/a><\/p>\n<p>Relat\u00f3rio de Invent\u00e1rio 2020 &#8211; <a href=\"https:\/\/proad.ufpr.br\/delog\/files\/2023\/07\/Relatorio-Final-Inventario-2020-a.pdf\" target=\"_blank\" rel=\"noopener\">Clique aqui para visualizar\u00a0<\/a><\/p>\n<p>Relat\u00f3rio de Invent\u00e1rio 2021 &#8211; <a href=\"https:\/\/proad.ufpr.br\/delog\/files\/2023\/07\/RELATORIO-FINAL-DO-INVENTARIO-2021.pdf\">Clique aqui para visualizar<\/a><\/p>\n<p>Relat\u00f3rio de Invent\u00e1rio 2022 &#8211; <a href=\"https:\/\/proad.ufpr.br\/delog\/files\/2023\/07\/RELATORIO-FINAL-DO-INVENTARIO-2022.pdf\" target=\"_blank\" rel=\"noopener\">Clique aqui para visualizar<\/a><\/p>\n<p>Relat\u00f3rio de Invent\u00e1rio 2023 &#8211; <a href=\"https:\/\/proad.ufpr.br\/delog\/files\/2023\/12\/RELATORIO-FINAL-DO-INVENTARIO-2023-comprimido.pdf\" target=\"_blank\" rel=\"noopener\">Clique aqui para visualizar<\/a><\/p>\n<p>Relat\u00f3rio de Invent\u00e1rio 2024 &#8211; <a href=\"https:\/\/proad.ufpr.br\/delog\/files\/2025\/10\/RELATORIO-FINAL-DO-INVENTARIO-2024.pdf\">Clique aqui para visualizar<\/a><\/p>\n<p>Relat\u00f3rio de Invent\u00e1rio 2025 &#8211; <a href=\"https:\/\/proad.ufpr.br\/delog\/files\/2025\/12\/Relatorio_Final_aprovado-COPLAD.pdf\">Clique aqui para visualizar<\/a><\/p>\n<p><a href=\"https:\/\/proad.ufpr.br\/delog\/files\/2026\/02\/Dados-basicos-Imoveis-UFPR.xlsx\">Quadro dos Im\u00f3veis UFPR <\/a><\/p>\n\n\n<p><\/p>\n","protected":false},"excerpt":{"rendered":"<p>Em cumprimento \u00e0 Resolu\u00e7\u00e3o 20\/21- COPLAD a Comiss\u00e3o de Gest\u00e3o Patrimonial apresenta os relat\u00f3rios anuais de invent\u00e1rio de bens m\u00f3veis realizados pelas Subcomiss\u00f5es de Patrim\u00f4nio Setoriais e consolidados pela Unidade de Patrim\u00f4nio do PRA\/CLOG. Relat\u00f3rios aprovados: Relat\u00f3rio de Invent\u00e1rio 2015 &#8211; \u00a0Clique aqui para visualizar Relat\u00f3rio de Invent\u00e1rio 2016 &#8211; Clique aqui para visualizar Relat\u00f3rio [&hellip;]<\/p>\n","protected":false},"author":1235,"featured_media":0,"parent":34,"menu_order":0,"comment_status":"closed","ping_status":"closed","template":"","meta":{"footnotes":""},"class_list":["post-558","page","type-page","status-publish","hentry"],"_links":{"self":[{"href":"https:\/\/proad.ufpr.br\/delog\/wp-json\/wp\/v2\/pages\/558","targetHints":{"allow":["GET"]}}],"collection":[{"href":"https:\/\/proad.ufpr.br\/delog\/wp-json\/wp\/v2\/pages"}],"about":[{"href":"https:\/\/proad.ufpr.br\/delog\/wp-json\/wp\/v2\/types\/page"}],"author":[{"embeddable":true,"href":"https:\/\/proad.ufpr.br\/delog\/wp-json\/wp\/v2\/users\/1235"}],"replies":[{"embeddable":true,"href":"https:\/\/proad.ufpr.br\/delog\/wp-json\/wp\/v2\/comments?post=558"}],"version-history":[{"count":57,"href":"https:\/\/proad.ufpr.br\/delog\/wp-json\/wp\/v2\/pages\/558\/revisions"}],"predecessor-version":[{"id":3810,"href":"https:\/\/proad.ufpr.br\/delog\/wp-json\/wp\/v2\/pages\/558\/revisions\/3810"}],"up":[{"embeddable":true,"href":"https:\/\/proad.ufpr.br\/delog\/wp-json\/wp\/v2\/pages\/34"}],"wp:attachment":[{"href":"https:\/\/proad.ufpr.br\/delog\/wp-json\/wp\/v2\/media?parent=558"}],"curies":[{"name":"wp","href":"https:\/\/api.w.org\/{rel}","templated":true}]}}