{"id":544,"date":"2016-12-08T09:49:32","date_gmt":"2016-12-08T11:49:32","guid":{"rendered":"https:\/\/proad.ufpr.br\/dsg\/?page_id=544"},"modified":"2019-08-27T17:40:33","modified_gmt":"2019-08-27T20:40:33","slug":"orientacoes-aos-fiscais-de-contratos","status":"publish","type":"page","link":"https:\/\/proad.ufpr.br\/delog\/caast\/orientacoes-aos-fiscais-de-contratos\/","title":{"rendered":"Orienta\u00e7\u00f5es aos Fiscais de Contratos"},"content":{"rendered":"<p style=\"text-align: left\">O \u00faltimo manual de refer\u00eancia para fiscaliza\u00e7\u00e3o de contratos, foi publicado no ano de 2015 , portanto anterior a coordena\u00e7\u00e3o de processos dentro do sistema DELOG.<\/p>\n<p>Por\u00e9m, ainda \u00e9 a maior fonte de informa\u00e7\u00f5es para o assunto e deve servir de guia para os fiscais de contrato.<\/p>\n<p>Sum\u00e1rio:<\/p>\n<p>05 Apresenta\u00e7\u00e3o<\/p>\n<p>07\u00a0<em>Defini\u00e7\u00f5es<\/em><\/p>\n<p>15\u00a0<em>Das Compet\u00eancias das \u00c1reas<\/em><\/p>\n<p>21\u00a0<em>Da Fiscaliza\u00e7\u00e3o dos Contratos<\/em><\/p>\n<p>39\u00a0<em>Da Execu\u00e7\u00e3o dos Contratos<\/em><\/p>\n<p>49\u00a0<em>Das Responsabilidades do Gestor e Fiscal<\/em><\/p>\n<p>53\u00a0<em>Das Unidades Administrativas<\/em><\/p>\n<p>59\u00a0<em>Das Disposi\u00e7\u00f5es Finais<\/em><\/p>\n<p>63 Refer\u00eancias Bibliogr\u00e1ficas<\/p>\n<p>67 Anexos*<\/p>\n<p><a href=\"https:\/\/proad.ufpr.br\/delog\/files\/2016\/12\/Manual-de-Fiscaliza\u00e7\u00e3o_PRA-DSG-GECOM.pdf\">Manual de Fiscaliza\u00e7\u00e3o PRA \/ DSG \/ UFPR<\/a><\/p>\n<p>* Importante salientar que nos anexos encontram-se v\u00e1rios modelos de documentos: of\u00edcios, memorandos, notifica\u00e7\u00f5es, formul\u00e1rios, entre outros.<\/p>\n<p>&nbsp;<\/p>\n","protected":false},"excerpt":{"rendered":"<p>O \u00faltimo manual de refer\u00eancia para fiscaliza\u00e7\u00e3o de contratos, foi publicado no ano de 2015 , portanto anterior a coordena\u00e7\u00e3o de processos dentro do sistema DELOG. Por\u00e9m, ainda \u00e9 a maior fonte de informa\u00e7\u00f5es para o assunto e deve servir de guia para os fiscais de contrato. Sum\u00e1rio: 05 Apresenta\u00e7\u00e3o 07\u00a0Defini\u00e7\u00f5es 15\u00a0Das Compet\u00eancias das \u00c1reas [&hellip;]<\/p>\n","protected":false},"author":1759,"featured_media":0,"parent":28,"menu_order":0,"comment_status":"closed","ping_status":"closed","template":"","meta":{"footnotes":""},"class_list":["post-544","page","type-page","status-publish","hentry"],"_links":{"self":[{"href":"https:\/\/proad.ufpr.br\/delog\/wp-json\/wp\/v2\/pages\/544","targetHints":{"allow":["GET"]}}],"collection":[{"href":"https:\/\/proad.ufpr.br\/delog\/wp-json\/wp\/v2\/pages"}],"about":[{"href":"https:\/\/proad.ufpr.br\/delog\/wp-json\/wp\/v2\/types\/page"}],"author":[{"embeddable":true,"href":"https:\/\/proad.ufpr.br\/delog\/wp-json\/wp\/v2\/users\/1759"}],"replies":[{"embeddable":true,"href":"https:\/\/proad.ufpr.br\/delog\/wp-json\/wp\/v2\/comments?post=544"}],"version-history":[{"count":9,"href":"https:\/\/proad.ufpr.br\/delog\/wp-json\/wp\/v2\/pages\/544\/revisions"}],"predecessor-version":[{"id":1972,"href":"https:\/\/proad.ufpr.br\/delog\/wp-json\/wp\/v2\/pages\/544\/revisions\/1972"}],"up":[{"embeddable":true,"href":"https:\/\/proad.ufpr.br\/delog\/wp-json\/wp\/v2\/pages\/28"}],"wp:attachment":[{"href":"https:\/\/proad.ufpr.br\/delog\/wp-json\/wp\/v2\/media?parent=544"}],"curies":[{"name":"wp","href":"https:\/\/api.w.org\/{rel}","templated":true}]}}