{"id":509,"date":"2016-09-28T01:44:49","date_gmt":"2016-09-28T01:44:49","guid":{"rendered":"https:\/\/proad.ufpr.br\/dsg2\/?page_id=509"},"modified":"2022-06-22T09:48:51","modified_gmt":"2022-06-22T12:48:51","slug":"legislacao-e-normas","status":"publish","type":"page","link":"https:\/\/proad.ufpr.br\/delog\/unidades\/unidade-de-patrimonio\/legislacao-e-normas\/","title":{"rendered":"LEGISLA\u00c7\u00c3O E NORMAS"},"content":{"rendered":"<p>Resolu\u00e7\u00e3o N\u00ba 20\/21-COPLAD \u2013 Fixa normas e procedimentos para a Gest\u00e3o Patrimonial da&nbsp;Universidade Federal do Paran\u00e1 \u2013 <a href=\"https:\/\/drive.google.com\/file\/d\/1nr7_NK6CLQw1q-98ydZHNATwGw2WceM6\/view?usp=sharing\">COPLAD 20\/2021<\/a><\/p>\n<p>Decreto N\u00ba 9.373, de 11 de maio de 2018 &#8211; A aliena\u00e7\u00e3o, a cess\u00e3o, a transfer\u00eancia, a destina\u00e7\u00e3o e a disposi\u00e7\u00e3o final ambientalmente adequadas de bens m\u00f3veis da UFPR &#8211;&nbsp;<a href=\"http:\/\/www.planalto.gov.br\/ccivil_03\/_ato2015-2018\/2018\/decreto\/D9373.htm\">Decreto n\u00ba 9373<\/a><\/p>\n<p>Ordem de Servi\u00e7o 015\/2019-PRA &#8211;&nbsp;Normatiza procedimentos para aliena\u00e7\u00e3o de bens m\u00f3veis, por doa\u00e7\u00e3o, a outras institui\u00e7\u00f5es &#8211; <a href=\"https:\/\/proad.ufpr.br\/wp-content\/uploads\/2018\/02\/OS-01-2018-PRA-doa%C3%A7%C3%A3o-de-bens-a-outras-institui%C3%A7%C3%B5es.pdf\">OS 15\/2019-PRA<\/a><\/p>\n<p>Of. Circular 001\/2018 &#8211; DPA &#8211; Altera\u00e7\u00e3o de fluxo&nbsp;relativo as tratativas dos bens do CNPq &#8211;&nbsp;<a href=\"https:\/\/proad.ufpr.br\/delog\/files\/2016\/09\/Of-Circular-DPA.pdf\">Of Circular DPA<\/a><\/p>\n<p>Orienta\u00e7\u00e3o sobre os procedimentos a serem adotados na aquisi\u00e7\u00e3o, registro patrimonial e cont\u00e1bil de &#8220;SOFTWARES&#8221; &#8211;&nbsp;<a href=\"https:\/\/proad.ufpr.br\/delog\/files\/2016\/09\/Memorando-Circular-sobre-softwaress.pdf\">Memorando Circular Softwares<\/a><\/p>\n<p>Procedimentos a serem adotados para registros e transfer\u00eancias de bens m\u00f3veis&nbsp;em rela\u00e7\u00e3o as tratativas do CNPq &#8211;&nbsp;<a href=\"https:\/\/drive.google.com\/file\/d\/12nC70rXIiuwrJVgREGcS9NSheTJCv-Cv\/view?usp=sharing\">POP CNPq<\/a><\/p>\n<p>Ordem de Servi\u00e7o 08\/2019-PRA &#8211;&nbsp;Normatiza procedimentos para recebimento de bens m\u00f3veis, por doa\u00e7\u00e3o,&nbsp; de outras institui\u00e7\u00f5es \u00e0 UFPR &#8211;&nbsp;<a href=\"https:\/\/drive.google.com\/file\/d\/1SCAsCPoKVG-MKFhwgk10dI7RlWej5UlR\/view?usp=sharing\">OS 08\/2019-PRA<\/a><\/p>\n<p>Procedimentos a serem adotados em caso de ocorr\u00eancias de danos, furtos ou roubos de bens m\u00f3veis<br>\npatrimoniais &#8211;&nbsp;<a href=\"https:\/\/proad.ufpr.br\/delog\/files\/2016\/09\/Ordem-de-Servi\u00e7o-018-2019.pdf\">Ordem-de-Servi\u00e7o-018-2019<\/a><\/p>\n\n\n<p>Resolu\u00e7\u00e3o 12\/2022 &#8211;  COPLAD &#8211; <a href=\"https:\/\/ufprbr0-my.sharepoint.com\/personal\/regina_lima_ufpr_br\/_layouts\/15\/onedrive.aspx?id=%2Fpersonal%2Fregina%5Flima%5Fufpr%5Fbr%2FDocuments%2FDPA%2FSEMOVENTES%2FResolu%C3%A7%C3%A3o%2012%5F2022%20%2D%20Semoventes%2Epdf&amp;parent=%2Fpersonal%2Fregina%5Flima%5Fufpr%5Fbr%2FDocuments%2FDPA%2FSEMOVENTES\">Semoventes<\/a><\/p>\n","protected":false},"excerpt":{"rendered":"<p>Resolu\u00e7\u00e3o N\u00ba 20\/21-COPLAD \u2013 Fixa normas e procedimentos para a Gest\u00e3o Patrimonial da&nbsp;Universidade Federal do Paran\u00e1 \u2013 COPLAD 20\/2021 Decreto N\u00ba 9.373, de 11 de maio de 2018 &#8211; A aliena\u00e7\u00e3o, a cess\u00e3o, a transfer\u00eancia, a destina\u00e7\u00e3o e a disposi\u00e7\u00e3o final ambientalmente adequadas de bens m\u00f3veis da UFPR &#8211;&nbsp;Decreto n\u00ba 9373 Ordem de Servi\u00e7o 015\/2019-PRA [&hellip;]<\/p>\n","protected":false},"author":1763,"featured_media":0,"parent":34,"menu_order":0,"comment_status":"closed","ping_status":"closed","template":"","meta":{"footnotes":""},"class_list":["post-509","page","type-page","status-publish","hentry"],"_links":{"self":[{"href":"https:\/\/proad.ufpr.br\/delog\/wp-json\/wp\/v2\/pages\/509","targetHints":{"allow":["GET"]}}],"collection":[{"href":"https:\/\/proad.ufpr.br\/delog\/wp-json\/wp\/v2\/pages"}],"about":[{"href":"https:\/\/proad.ufpr.br\/delog\/wp-json\/wp\/v2\/types\/page"}],"author":[{"embeddable":true,"href":"https:\/\/proad.ufpr.br\/delog\/wp-json\/wp\/v2\/users\/1763"}],"replies":[{"embeddable":true,"href":"https:\/\/proad.ufpr.br\/delog\/wp-json\/wp\/v2\/comments?post=509"}],"version-history":[{"count":24,"href":"https:\/\/proad.ufpr.br\/delog\/wp-json\/wp\/v2\/pages\/509\/revisions"}],"predecessor-version":[{"id":3014,"href":"https:\/\/proad.ufpr.br\/delog\/wp-json\/wp\/v2\/pages\/509\/revisions\/3014"}],"up":[{"embeddable":true,"href":"https:\/\/proad.ufpr.br\/delog\/wp-json\/wp\/v2\/pages\/34"}],"wp:attachment":[{"href":"https:\/\/proad.ufpr.br\/delog\/wp-json\/wp\/v2\/media?parent=509"}],"curies":[{"name":"wp","href":"https:\/\/api.w.org\/{rel}","templated":true}]}}