{"id":354,"date":"2016-09-06T15:52:04","date_gmt":"2016-09-06T15:52:04","guid":{"rendered":"https:\/\/proad.ufpr.br\/dsg2\/?page_id=354"},"modified":"2025-05-30T13:30:36","modified_gmt":"2025-05-30T16:30:36","slug":"deposito","status":"publish","type":"page","link":"https:\/\/proad.ufpr.br\/delog\/unidades\/unidade-de-patrimonio\/deposito\/","title":{"rendered":"DEP\u00d3SITO DO PATRIM\u00d4NIO"},"content":{"rendered":"<h3>\u00a0Equipe:<\/h3>\n<p>Servidor respons\u00e1vel:<\/p>\n<ul>\n<li>Francisco Jos\u00e9 Nascimento Ponte<\/li>\n<\/ul>\n<p>Colaboradores:<\/p>\n<ul>\n<li>Daiane da Silva Gon\u00e7alves<\/li>\n<li>Edson Luiz Oliveira Campos<\/li>\n<li>Osvaldo machado dos Santos<\/li>\n<li>Arnoldo dos Santos Neto<\/li>\n<\/ul>\n<p><strong style=\"font-size: revert;color: initial\">Hor\u00e1rio de funcionamento 8h-11:30h | 13:30h-16:30h<\/strong><\/p>\n<p><strong>Ramal: 3361-3296 \/ e-mail: <a href=\"mailto:deposito@ufpr.br\">deposito@ufpr.br<\/a><\/strong><\/p>\n<p><strong>Localiza\u00e7\u00e3o: <\/strong>O dep\u00f3sito localiza-se ao lado da Unidade de Patrim\u00f4nio, no Campus Centro Polit\u00e9cnico.<\/p>\n<h2>Informa\u00e7\u00f5es Sobre Recolhimento e Funcionamento do Dep\u00f3sito:<\/h2>\n<p><strong>1 \u2013 COMPET\u00caNCIA<\/strong><\/p>\n<p>Compete<strong> exclusivamente ao Dep\u00f3sito<\/strong> efetuar o recolhimento, confer\u00eancia\u00a0 e redistribui\u00e7\u00e3o de bens m\u00f3veis permanentes \u00a0e auxiliar a Comiss\u00e3o de Aliena\u00e7\u00e3o na avalia\u00e7\u00e3o dos bens recolhidos \u00a0com o objetivo de reutiliza\u00e7\u00e3o ou encaminhamento para venda atrav\u00e9s de realiza\u00e7\u00e3o de \u00a0leil\u00e3o publico.<\/p>\n<p><strong>2 -DA SOLICITA\u00c7\u00c3O PARA RECOLHIMENTO DE BENS:<\/strong><\/p>\n<p>Dever\u00e1 ser feita exclusivamente atrav\u00e9s de Processo via Sistema Eletr\u00f4nico de Informa\u00e7\u00e3o &#8211; SEI contendo os seguintes anexos :<\/p>\n<p>a) \u2013 Termo de Recolhimento ou Guia Excel para bens baixados, devidamente assinados. (<strong>Gerado pela Subcomiss\u00e3o de Patrim\u00f4nio, no sistema SAP)<\/strong>.<\/p>\n<p>b) \u2013 Para bens de inform\u00e1tica digitalizar o respectivo laudo de inform\u00e1tica, conforme determina o Ordem de Servi\u00e7o <a href=\"https:\/\/proad.ufpr.br\/delog\/files\/2023\/07\/O.S.-009_2015.pdf\" target=\"_blank\" rel=\"noopener\">OS 009\/2015 \u2013 PRA<\/a>\u00a0.<\/p>\n<p>O solicitante dever\u00e1 informar, por meio de Despacho, o local de recolhimento, nome e telefone de contato do(a) servidor(a) que acompanhar\u00e1 a equipe do Dep\u00f3sito, informar e-mail para contato.<\/p>\n<p>Encaminhar o\u00a0 Processo de solicita\u00e7\u00e3o de recolhimento de bens inserv\u00edveis para Caixa SEI: CLOG\/UPAT<\/p>\n<p><strong>N\u00e3o ser\u00e1 necess\u00e1rio solicitar etiquetas patrimoniais para a Unidade de Patrim\u00f4nio de bens que ser\u00e3o recolhidos ao Dep\u00f3sito do Patrim\u00f4nio e que estejam devidamente registrados no Sistema SAP. Basta afixar neste material uma etiqueta informando, de forma leg\u00edvel, o n\u00famero do patrim\u00f4nio, para que a equipe possa identific\u00e1-lo no Termo no ato do Recolhimento.<\/strong><\/p>\n<p><strong>3 \u2013 DO AGENDAMENTO PARA RECOLHIMENTO DE BENS<\/strong>:<\/p>\n<ul>\n<li>Ap\u00f3s o recebimento do Processo SEI e a verifica\u00e7\u00e3o da correta instru\u00e7\u00e3o processual, a equipe do Dep\u00f3sito informar\u00e1 a data de realiza\u00e7\u00e3o do servi\u00e7o, especificando conforme a solicita\u00e7\u00e3o, quais termos e o quantitativo total de bens que ser\u00e3o recolhidos.<\/li>\n<li>Havendo qualquer diverg\u00eancia nos termos, guias ou laudos, ser\u00e1 orientado quanto \u00e0s corre\u00e7\u00f5es, e somente ap\u00f3s o envio correto \u00e9 que ser\u00e1 agendado o recolhimento. O prazo m\u00e1ximo de espera para corre\u00e7\u00e3o \u00e9 de 10 dias, sendo que ap\u00f3s este prazo a solicita\u00e7\u00e3o ser\u00e1 automaticamente<strong> cancelada<\/strong> e dever\u00e1 haver nova solicita\u00e7\u00e3o para o recolhimento dos bens.<\/li>\n<\/ul>\n<p><strong>4 \u2013 DO TERMO DE RECOLHIMENTO DE BENS:<\/strong><\/p>\n<p>O acesso ao termo se d\u00e1 atrav\u00e9s de login na intranet da UFPR, no link SAP menu Termo\/Cadastrar .<\/p>\n<p><strong>4.1 -Do Preenchimento:<\/strong><\/p>\n<p><strong>1)<\/strong> <strong>Respons\u00e1vel: Dep\u00f3sito do Patrim\u00f4nio (matr\u00edcula: 1427).<\/strong><\/p>\n<p><strong>Local f\u00edsico:\u00a0<\/strong><\/p>\n<p>7915 &#8211; Aliena\u00e7\u00e3o UFPR\u00a0 2025 &#8211; Usar para todos os bens. (Exceto para bem de inform\u00e1tica)<\/p>\n<p>7915.01 &#8211; Aliena\u00e7\u00e3o de Bens de Inform\u00e1tica 2025 &#8211; UFPR<\/p>\n<p>2) Listar os bens a serem recolhidos, sendo obrigat\u00f3rio sua classifica\u00e7\u00e3o de acordo com o atual estado de conserva\u00e7\u00e3o do bem.<\/p>\n<p>3) Obrigatoriamente dever\u00e3o conter assinatura eletr\u00f4nicas do respons\u00e1vel pelo bem; do membro da Subcomiss\u00e3o de Patrim\u00f4nio que emitiu o Termo de Recolhimento; Chefia imediata do Setor\/Unidade\/Pr\u00f3 Reitoria\/Superintend\u00eancias\/Complexo Hospitalar.<\/p>\n<p><strong>5 \u2013 DA UTILIZA\u00c7\u00c3O DA GUIA DE TRANSFER\u00caNCIA DE BENS BAIXADOS:<\/strong><\/p>\n<p>Deve ser utilizada exclusivamente para recolhimento de bens que constem no sistema na situa\u00e7\u00e3o de \u201c<strong>baixados<\/strong>\u201d ou \u201c<strong>n\u00e3o cadastrados<\/strong>\u201d.<\/p>\n<p><a href=\"https:\/\/proad.ufpr.br\/delog\/files\/2013\/04\/C%C3%B3pia-de-guia-recolhimento.xls\" rel=\"\">GUIA EXCEL.<\/a><\/p>\n<p><strong>5.1 \u2013 Do Preenchimento:<\/strong><\/p>\n<p>1) Unidade administrativa cedente: O Departamento solicitante\/Unidade administrativa recebedora: Dep\u00f3sito do Patrim\u00f4nio<\/p>\n<p>2) Esta guia dever\u00e1 ser inclu\u00edda no Processo SEI, conforme orienta\u00e7\u00e3o acima citada.\u00a0<\/p>\n<p><strong>6 \u2013 DOS BENS DE INFORM\u00c1TICA (termo e laudo)<\/strong><\/p>\n<p><strong>\u00a0<\/strong>Dever\u00e3o vir em um termo exclusivo, separado dos demais bens.<\/p>\n<ul>\n<li>De acordo com <a href=\"https:\/\/proad.ufpr.br\/delog\/files\/2023\/07\/O.S.-009_2015.pdf\" target=\"_blank\" rel=\"noopener\">OS 009\/2015 \u2013 PRA<\/a>,\u00a0obrigatoriamente todos os bens descritos dever\u00e3o ser inspecionados e recebem um laudo, objetivando atestar o estado de conserva\u00e7\u00e3o dos bens (declara\u00e7\u00e3o de recolhimento de equipamentos de inform\u00e1tica) cuja emiss\u00e3o deste laudo \u00e9 prerrogativa do t\u00e9cnico respons\u00e1vel, autorizado pela AGTIC .<\/li>\n<\/ul>\n<p><strong>6.1 \u2013 Orienta\u00e7\u00f5es para emiss\u00e3o de laudo t\u00e9cnico:<\/strong><\/p>\n<p><a href=\"https:\/\/www.agtic.ufpr.br\/portal\/csi\/orientacoes-para-emissao-de-laudo-tecnico\/\">https:\/\/www.agtic.ufpr.br\/portal\/csi\/orientacoes-para-emissao-de-laudo-tecnico\/<\/a><\/p>\n<p><strong>6.2 &#8211; <a href=\"https:\/\/proad.ufpr.br\/delog\/files\/2024\/10\/POP-SATIC_UPAT-Encaminhamento-informatica-Inserviveis-atual-04_10_2024.pdf\">POP SATIC_UPAT Encaminhamento inform\u00e1tica Inserv\u00edveis<\/a><\/strong><\/p>\n<ul>\n<li>Haver\u00e1 a confer\u00eancia f\u00edsica e patrimonial\u00a0 dos bens e respectivos n\u00fameros de patrim\u00f4nio listados no Termo de Recolhimento que estar\u00e1 em poder da equipe do dep\u00f3sito no momento do recolhimento.\u00a0<\/li>\n<li>Os bens que n\u00e3o estiverem listados no Termo de Recolhimento n\u00e3o ser\u00e3o retirados pele equipe.<\/li>\n<li>Uma via do Termo de Recolhimento poder\u00e1 ser assinada e devolvida ao solicitante, atestando o recolhimento realizado. Esta 2\u00aa via dever\u00e1 ser impressa pela Unidade solicitante.\u00a0<\/li>\n<li>Caso haja a necessidade de retorno para a finaliza\u00e7\u00e3o do servi\u00e7o, o mesmo ser\u00e1 agendado atrav\u00e9s do e-mail\u00a0<a href=\"mailto:deposito@ufpr.br\">deposito@ufpr.br<\/a>, ou por contato telef\u00f4nico no n\u00b0: 3361-3348.<\/li>\n<li>Organizar os bens que ser\u00e3o recolhidos de forma adequada, agrupando-os em locais espec\u00edficos e \u00fanicos, de f\u00e1cil acesso para retirada dos bens inserv\u00edveis pela equipe do Dep\u00f3sito e vaga para o caminh\u00e3o.<\/li>\n<li>No caso de bens que possuam dimens\u00f5es ou peso que caracterizem dif\u00edcil recolhimento, favor informar no Processo SEI de solicita\u00e7\u00e3o, anexando foto para melhor an\u00e1lise da equipe do Dep\u00f3sito do Patrim\u00f4nio.<\/li>\n<\/ul>\n<p><strong>\u00a0<\/strong><strong>8 \u2013 DA ALTERA\u00c7\u00c3O OU INCLUS\u00c3O DE TERMOS<\/strong><\/p>\n<ul>\n<li>Caso o solicitante precise alterar algum termo, e enviar outro substituto com inclus\u00e3o ou exclus\u00e3o de itens, este s\u00f3 poder\u00e1 ser feito at\u00e9 48 horas antes da data de recolhimento previamente agendada. Ap\u00f3s este prazo ser\u00e1 considerado uma nova solicita\u00e7\u00e3o e ser\u00e1 feito um novo agendamento.<\/li>\n<\/ul>\n<ul>\n<li>O mesmo se aplica para inclus\u00e3o de termos. Neste caso o Dep\u00f3sito responder\u00e1 se h\u00e1 ou n\u00e3o condi\u00e7\u00e3o do mesmo ser recolhido juntamente com os demais. Se n\u00e3o houver possibilidade, um novo agendamento ser\u00e1 feito.<\/li>\n<\/ul>\n<p><strong>9 \u2013 DA TRANSFER\u00caNCIA DE CARGA PATRIMONIAL<\/strong><\/p>\n<ul>\n<li>A transfer\u00eancia da carga Patrimonial para o Dep\u00f3sito se dar\u00e1 pela homologa\u00e7\u00e3o do Termo de Recolhimento no Sistema Patrimonial &#8211; SAP.<\/li>\n<li>Os bens recolhidos pelo Dep\u00f3sito ficar\u00e3o dispon\u00edveis \u00e0s Unidades da UFPR para reutiliza\u00e7\u00e3o sendo que a listagem ser\u00e1 divulgada por este site.\u00a0<\/li>\n<li>A transfer\u00eancia dos bens de interesse se dar\u00e1 no ato da retirada do material do Dep\u00f3sito, por meio de Termo de Transfer\u00eancia que ser\u00e1 emitido pela Unidade de Patrim\u00f4nio.\u00a0<\/li>\n<li>Para transfer\u00eancia de bens m\u00f3veis do dep\u00f3sito para reutiliza\u00e7\u00e3o, ser\u00e1 necess\u00e1rio informar nome completo do(a) servidor(a), matr\u00edcula da UFPR, c\u00f3digo de local para onde o material est\u00e1 sendo transferido.<\/li>\n<li>A assinatura do Termo se dar\u00e1 no momento da retirada do material do dep\u00f3sito.\u00a0<\/li>\n<li>A entrega de bens de interesse para reutiliza\u00e7\u00e3o ser\u00e1 agendada pela equipe do Dep\u00f3sito do Patrim\u00f4nio, e t\u00e3o somente, ap\u00f3s assinatura pelo respons\u00e1vel do Termo de Transfer\u00eancia\/Responsabilidade.\u00a0<\/li>\n<li>Conforme Resolu\u00e7\u00e3o 16\/19 &#8211; COPLAD, Art. 2\u00ba, ap\u00f3s 30 (trinta) dias da publica\u00e7\u00e3o da listagem dos bens inserv\u00edveis neste site, os bens que restarem, n\u00e3o havendo interesse pela reutiliza\u00e7\u00e3o e para\u00a0 possibilitar a continuidade dos pedidos de recolhimento e libera\u00e7\u00e3o de espa\u00e7o, ser\u00e3o inclu\u00eddos em Processo de Leil\u00e3o.<\/li>\n<\/ul>\n<p><strong>10<\/strong><em><strong> \u2013 <\/strong><\/em><strong>AGENTES CONTAMINANTES<br \/><\/strong><\/p>\n<p>No caso espec\u00edfico de recolhimento de bens que por sua pr\u00f3pria caracter\u00edstica de fabrica\u00e7\u00e3o\u00a0 ou de utiliza\u00e7\u00e3o,\u00a0 possua\u00a0 exposi\u00e7\u00e3o direta ou indireta a material nocivo (biol\u00f3gico, qu\u00edmico ou radioativo), incorrendo em risco \u00e0 sa\u00fade e\/ou ao meio ambiente , para o\u00a0 agendamento de recolhimento dever\u00e1 ser obrigatoriamente anexado ao Processo SEI\u00a0 o\u00a0 Formul\u00e1rio com o Parecer T\u00e9cnico de Descontamina\u00e7\u00e3o, encontrado no SEI em: UPAT: Parecer T\u00e9cnico de Descontamina\u00e7\u00e3o.\u00a0<\/p>\n<p>\u00c9\u00a0\u00a0 responsabilidade da Unidade a solicita\u00e7\u00e3o de descontamina\u00e7\u00e3o desses bens\u00a0 e do laudo de descontamina\u00e7\u00e3o emitido\u00a0 pelo\u00a0 T\u00e9cnico respons\u00e1vel, com campo espec\u00edfico no\u00a0 formul\u00e1rio.<\/p>\n<h2><strong>11 &#8211; Importante:<\/strong><\/h2>\n<p><strong>Todo bem permanente independente de seu estado de conserva\u00e7\u00e3o, deve ser destinado ao dep\u00f3sito, sendo vedado o descarte de bens materiais de propriedade da UFPR.<\/strong><\/p>\n<p><strong>Somente t\u00e9cnicos designados pela chefia\u00a0 da AGTIC podem desmontar, retirar pe\u00e7as e classificar os bens de inform\u00e1tica.<\/strong><\/p>\n<p><strong>Bens considerados inserv\u00edveis n\u00e3o devem ficar amontoados nas salas ou \u201cesquecidos\u201d nos corredores, devendo ser solicitado ao Dep\u00f3sito do Patrim\u00f4nio a sua retirada.<\/strong><\/p>\n<p><strong>N\u00e3o ser\u00e1 necess\u00e1rio solicitar etiquetas patrimoniais para a Unidade de Patrim\u00f4nio de bens que ser\u00e3o recolhidos ao Dep\u00f3sito do Patrim\u00f4nio e que\u00a0 estejam devidamente registrado no SAP. Basta afixar neste material uma etiqueta informando, de forma leg\u00edvel, o n\u00famero do patrim\u00f4nio, para que a equipe possa identific\u00e1-lo no Termo no ato do recolhimento. <\/strong>\u00a0<\/p>\n<p><strong>12 &#8211; PLANILHA DE BENS DO DEP\u00d3SITO DO PATRIM\u00d4NIO DISPON\u00cdVEL PARA REUTILIZA\u00c7\u00c3O PELAS UNIDADES DA UFPR:<\/strong><\/p>\n<p>\u00c9 relevante ressaltar que os materiais atualmente registrados na Planilha est\u00e3o classificados como inserv\u00edveis. Dentre esses itens, alguns podem possuir potencial para serem reaproveitados, enquanto outros, devido \u00e0 sua perman\u00eancia prolongada no acervo da UFPR e ao desgaste natural, podem n\u00e3o ser vi\u00e1veis para tal reutiliza\u00e7\u00e3o, ou at\u00e9 mesmo considerados integralmente inadequados. Diante desse cen\u00e1rio, torna-se imperativo coordenar, com o Sr. Francisco, respons\u00e1vel pelo Dep\u00f3sito ou com o Sr. Edson ou Daiane, por meio do endere\u00e7o de e-mail do dep\u00f3sito (<a href=\"mailto:deposito@ufpr.br\">deposito@ufpr.br<\/a>), uma visita ao Dep\u00f3sito em Fazenda Canguiri. Essa visita &#8216;in loco&#8217; permitir\u00e1 a avalia\u00e7\u00e3o de cada item armazenado no local, considerando as suas condi\u00e7\u00f5es f\u00edsicas, bem como a realiza\u00e7\u00e3o de uma an\u00e1lise criteriosa a fim de determinar a efetiva utilidade para a sua reutiliza\u00e7\u00e3o nas depend\u00eancias da institui\u00e7\u00e3o.<\/p>\n<p>\u00c0 medida que os itens forem sendo coletados, procederemos \u00e0 atualiza\u00e7\u00e3o da planilha de bens inserv\u00edveis.<\/p>\n<p>Informamos que foi iniciado procedimento para Leil\u00e3o de bens inserv\u00edveis 01\/2025 e no momento n\u00e3o h\u00e1 bens m\u00f3veis inserv\u00edveis a disposi\u00e7\u00e3o para reutiliza\u00e7\u00e3o. T\u00e3o logo finalize o Leil\u00e3o, iniciaremos novamente os recolhimentos e nova lista ser\u00e1 disponibilizada.\u00a0<\/p>\n\n\n<p><\/p>\n\n\n\n<p><\/p>\n\n\n\n<p><\/p>\n\n\n\n<p><\/p>\n","protected":false},"excerpt":{"rendered":"<p>\u00a0Equipe: Servidor respons\u00e1vel: Francisco Jos\u00e9 Nascimento Ponte Colaboradores: Daiane da Silva Gon\u00e7alves Edson Luiz Oliveira Campos Osvaldo machado dos Santos Arnoldo dos Santos Neto Hor\u00e1rio de funcionamento 8h-11:30h | 13:30h-16:30h Ramal: 3361-3296 \/ e-mail: deposito@ufpr.br Localiza\u00e7\u00e3o: O dep\u00f3sito localiza-se ao lado da Unidade de Patrim\u00f4nio, no Campus Centro Polit\u00e9cnico. Informa\u00e7\u00f5es Sobre Recolhimento e Funcionamento do [&hellip;]<\/p>\n","protected":false},"author":1759,"featured_media":0,"parent":34,"menu_order":0,"comment_status":"closed","ping_status":"closed","template":"","meta":{"footnotes":""},"class_list":["post-354","page","type-page","status-publish","hentry"],"_links":{"self":[{"href":"https:\/\/proad.ufpr.br\/delog\/wp-json\/wp\/v2\/pages\/354","targetHints":{"allow":["GET"]}}],"collection":[{"href":"https:\/\/proad.ufpr.br\/delog\/wp-json\/wp\/v2\/pages"}],"about":[{"href":"https:\/\/proad.ufpr.br\/delog\/wp-json\/wp\/v2\/types\/page"}],"author":[{"embeddable":true,"href":"https:\/\/proad.ufpr.br\/delog\/wp-json\/wp\/v2\/users\/1759"}],"replies":[{"embeddable":true,"href":"https:\/\/proad.ufpr.br\/delog\/wp-json\/wp\/v2\/comments?post=354"}],"version-history":[{"count":126,"href":"https:\/\/proad.ufpr.br\/delog\/wp-json\/wp\/v2\/pages\/354\/revisions"}],"predecessor-version":[{"id":3764,"href":"https:\/\/proad.ufpr.br\/delog\/wp-json\/wp\/v2\/pages\/354\/revisions\/3764"}],"up":[{"embeddable":true,"href":"https:\/\/proad.ufpr.br\/delog\/wp-json\/wp\/v2\/pages\/34"}],"wp:attachment":[{"href":"https:\/\/proad.ufpr.br\/delog\/wp-json\/wp\/v2\/media?parent=354"}],"curies":[{"name":"wp","href":"https:\/\/api.w.org\/{rel}","templated":true}]}}