{"id":30,"date":"2016-08-24T17:25:48","date_gmt":"2016-08-24T20:25:48","guid":{"rendered":"https:\/\/proad.ufpr.br\/dsg2\/?page_id=30"},"modified":"2019-10-14T15:29:34","modified_gmt":"2019-10-14T18:29:34","slug":"divisaosuprimentos","status":"publish","type":"page","link":"https:\/\/proad.ufpr.br\/delog\/divisaosuprimentos\/","title":{"rendered":"Divis\u00e3o de Suprimentos"},"content":{"rendered":"<div class=\"titulo_post\">\n<p>A <a href=\"https:\/\/proad.ufpr.br\/almoxarifado\/\">Divis\u00e3o de Suprimentos- DSUPRI<\/a>, foi criada para implantar boas pr\u00e1ticas na gest\u00e3o de materiais de consumo para a Universidade.<\/p>\n<p>A Divis\u00e3o de Suprimentos, \u00e0 qual est\u00e3o\u00a0subordinados a Se\u00e7\u00e3o de Materiais, o Almoxarifado, o Dep\u00f3sito e a Se\u00e7\u00e3o de Produtos Controlados est\u00e3o localizados no Jardim Bot\u00e2nico, numa \u00e1rea de 1.200 metros quadrados e atende toda a demanda das unidades administrativas e de ensino da Universidade no que se refere a orienta\u00e7\u00f5es sobre gest\u00e3o de almoxarifados e ao abastecimento com bens de uso comum como material de escrit\u00f3rio em geral e material de limpeza. Os pedidos de materiais s\u00e3o atendidos atrav\u00e9s do Sistema SIE. Desenvolve v\u00e1rias atividades como:<\/p>\n<\/div>\n<div>\n<ul>\n<li>Planejamento e abertura de processos licitat\u00f3rios para aquisi\u00e7\u00e3o de bens de consumo de uso comum;<\/li>\n<li>Previs\u00e3o de compras;<\/li>\n<li>Recebimento de material;<\/li>\n<li>Estocagem de material de consumo;<\/li>\n<li>Distribui\u00e7\u00e3o de material conforme cronograma de atendimento as unidades solicitantes, atrav\u00e9s de condu\u00e7\u00e3o pr\u00f3pria;<\/li>\n<li>Entrada e Sa\u00edda de material;<\/li>\n<li>Controle de estoque;<\/li>\n<li>Relat\u00f3rios de Movimenta\u00e7\u00e3o de Material com balancete mensal;<\/li>\n<li>Registro de Processos de v\u00e1rias Unidades para incorpora\u00e7\u00e3o junto DCF;<\/li>\n<li>An\u00e1lise, movimenta\u00e7\u00e3o e impress\u00e3o de Requisi\u00e7\u00f5es de Material junto ao SIE;<\/li>\n<li>Controle de Conta Corrente das Unidades;<\/li>\n<li>Estabelecimento de rotinas de recebimento, distribui\u00e7\u00e3o, controle, invent\u00e1rio e presta\u00e7\u00e3o de contas mensais e anuais de materiais de consumo nas unidades da UFPR;<\/li>\n<li>Divulgar orienta\u00e7\u00f5es sobre gest\u00e3o de materiais de consumo controlados e demais atividades inerentes \u00e0 gest\u00e3o de materiais.<\/li>\n<\/ul>\n<p>&nbsp;<\/p>\n<p><a href=\"https:\/\/proad.ufpr.br\/almoxarifado\/files\/2017\/08\/ebook_manual_gestao_materiais_2016.pdf\">Manual de Gest\u00e3o de Materiais &#8211; PRA \/ DSG \/ UFPR<\/a><\/p>\n<p><strong>Coordenador: Alessandra Genevcius<\/strong><\/p>\n<p>Contato: 3360-4208<\/p>\n<p>Fax: 3262-8282<\/p>\n<p>suprimentos@ufpr.br<\/p>\n<h1><\/h1>\n<\/div>\n","protected":false},"excerpt":{"rendered":"<p>A Divis\u00e3o de Suprimentos- DSUPRI, foi criada para implantar boas pr\u00e1ticas na gest\u00e3o de materiais de consumo para a Universidade. A Divis\u00e3o de Suprimentos, \u00e0 qual est\u00e3o\u00a0subordinados a Se\u00e7\u00e3o de Materiais, o Almoxarifado, o Dep\u00f3sito e a Se\u00e7\u00e3o de Produtos Controlados est\u00e3o localizados no Jardim Bot\u00e2nico, numa \u00e1rea de 1.200 metros quadrados e atende toda [&hellip;]<\/p>\n","protected":false},"author":1759,"featured_media":0,"parent":0,"menu_order":0,"comment_status":"closed","ping_status":"closed","template":"","meta":{"footnotes":""},"class_list":["post-30","page","type-page","status-publish","hentry"],"_links":{"self":[{"href":"https:\/\/proad.ufpr.br\/delog\/wp-json\/wp\/v2\/pages\/30","targetHints":{"allow":["GET"]}}],"collection":[{"href":"https:\/\/proad.ufpr.br\/delog\/wp-json\/wp\/v2\/pages"}],"about":[{"href":"https:\/\/proad.ufpr.br\/delog\/wp-json\/wp\/v2\/types\/page"}],"author":[{"embeddable":true,"href":"https:\/\/proad.ufpr.br\/delog\/wp-json\/wp\/v2\/users\/1759"}],"replies":[{"embeddable":true,"href":"https:\/\/proad.ufpr.br\/delog\/wp-json\/wp\/v2\/comments?post=30"}],"version-history":[{"count":12,"href":"https:\/\/proad.ufpr.br\/delog\/wp-json\/wp\/v2\/pages\/30\/revisions"}],"predecessor-version":[{"id":2043,"href":"https:\/\/proad.ufpr.br\/delog\/wp-json\/wp\/v2\/pages\/30\/revisions\/2043"}],"wp:attachment":[{"href":"https:\/\/proad.ufpr.br\/delog\/wp-json\/wp\/v2\/media?parent=30"}],"curies":[{"name":"wp","href":"https:\/\/api.w.org\/{rel}","templated":true}]}}