{"id":12,"date":"2016-08-24T17:02:06","date_gmt":"2016-08-24T17:02:06","guid":{"rendered":"https:\/\/proad.ufpr.br\/dsg2\/?page_id=12"},"modified":"2022-04-27T11:11:20","modified_gmt":"2022-04-27T14:11:20","slug":"noticias","status":"publish","type":"page","link":"https:\/\/proad.ufpr.br\/delog\/noticias\/","title":{"rendered":"Not\u00edcias"},"content":{"rendered":"\n<p>Indisponibilidade de Ramais &#8211; CAAST<\/p>\n\n\n\n<p>Informamos que a Coordenadoria de Acompanhamento e Avalia\u00e7\u00e3o de Servi\u00e7os Terceirizados &#8211; PRA\/CLOG\/CAAST encontra-se com os ramais temporariamente indispon\u00edveis.  Qualquer contato dever\u00e1 ser feito pelo email caast@ufpr.br ou com a Coordenadoria de Log\u00edstica &#8211; PRA\/CLOG, 3360-5199.<\/p>\n","protected":false},"excerpt":{"rendered":"<p>Indisponibilidade de Ramais &#8211; CAAST Informamos que a Coordenadoria de Acompanhamento e Avalia\u00e7\u00e3o de Servi\u00e7os Terceirizados &#8211; PRA\/CLOG\/CAAST encontra-se com os ramais temporariamente indispon\u00edveis. Qualquer contato dever\u00e1 ser feito pelo email caast@ufpr.br ou com a Coordenadoria de Log\u00edstica &#8211; PRA\/CLOG, 3360-5199.<\/p>\n","protected":false},"author":1759,"featured_media":0,"parent":0,"menu_order":0,"comment_status":"closed","ping_status":"closed","template":"noticias.php","meta":{"footnotes":""},"class_list":["post-12","page","type-page","status-publish","hentry"],"_links":{"self":[{"href":"https:\/\/proad.ufpr.br\/delog\/wp-json\/wp\/v2\/pages\/12","targetHints":{"allow":["GET"]}}],"collection":[{"href":"https:\/\/proad.ufpr.br\/delog\/wp-json\/wp\/v2\/pages"}],"about":[{"href":"https:\/\/proad.ufpr.br\/delog\/wp-json\/wp\/v2\/types\/page"}],"author":[{"embeddable":true,"href":"https:\/\/proad.ufpr.br\/delog\/wp-json\/wp\/v2\/users\/1759"}],"replies":[{"embeddable":true,"href":"https:\/\/proad.ufpr.br\/delog\/wp-json\/wp\/v2\/comments?post=12"}],"version-history":[{"count":2,"href":"https:\/\/proad.ufpr.br\/delog\/wp-json\/wp\/v2\/pages\/12\/revisions"}],"predecessor-version":[{"id":3009,"href":"https:\/\/proad.ufpr.br\/delog\/wp-json\/wp\/v2\/pages\/12\/revisions\/3009"}],"wp:attachment":[{"href":"https:\/\/proad.ufpr.br\/delog\/wp-json\/wp\/v2\/media?parent=12"}],"curies":[{"name":"wp","href":"https:\/\/api.w.org\/{rel}","templated":true}]}}