{"id":100,"date":"2016-09-02T17:53:44","date_gmt":"2016-09-02T17:53:44","guid":{"rendered":"https:\/\/proad.ufpr.br\/dsg2\/?page_id=100"},"modified":"2020-05-06T15:18:46","modified_gmt":"2020-05-06T18:18:46","slug":"transferencia-e-portabilidade-de-bens","status":"publish","type":"page","link":"https:\/\/proad.ufpr.br\/delog\/unidades\/unidade-de-patrimonio\/transferencia-e-portabilidade-de-bens\/","title":{"rendered":"TRANSFER\u00caNCIA E PORTABILIDADE DE BENS"},"content":{"rendered":"<h2><strong>Transfer\u00eancia:<\/strong><\/h2>\n<p>As transfer\u00eancias de responsabilidade de bens permanentes s\u00f3 podem ser feitas pelo Sistema SAP\/WEB:<\/p>\n<ul>\n<li>O Sistema SAP\/WEB est\u00e1 dispon\u00edvel na intranet \u2013\u00a0<a href=\"http:\/\/www.intranet.ufpr.br\/intranet\/\">http:\/\/www.intranet.ufpr.br\/intranet\/<\/a> \u2013<a href=\"https:\/\/proad.ufpr.br\/delog\/files\/2013\/04\/Roteiro-para-transf-de-Bens-pelo-Sistema-SAP.pdf\"> Roteiro para Transfer\u00eancia de Bens pelo SAP<\/a>;<\/li>\n<li>Somente a Subcomiss\u00e3o de Patrim\u00f4nio tem acesso ao Sistema SAP\/WEB;<\/li>\n<li>Deve-se Procurar a Subcomiss\u00e3o de Patrim\u00f4nio do seu Setor e pedir que um dos membros fa\u00e7a o Termo de Transfer\u00eancia, esse termo deve ser assinado pelo(a) Diretor(a) do Setor, pelo membro da Subcomiss\u00e3o que gerou o Termo e pelo Servidor que passa a ter responsabilidade sobre os bens transferidos;<\/li>\n<li>Ap\u00f3s o termo ser assinado (conforme indica\u00e7\u00e3o acima), deve-se enviar uma via a Unidade de Patrim\u00f4nio para homologa\u00e7\u00e3o. CASO O TERMO N\u00c3O SEJA HOMOLOGADO PELA DIVIS\u00c3O DE PATRIM\u00d4NIO A TRANSFER\u00caNCIA N\u00c3O SER\u00c1 EFETIVADA!<\/li>\n<\/ul>\n<p><strong><br \/>\nInvent\u00e1rio \u2013 Resolu\u00e7\u00e3o COPLAD:<\/strong> <a href=\"https:\/\/drive.google.com\/file\/d\/1jv4ZN6nw25uqikl7pz6QpEwiuF4ZYiqg\/view?usp=sharing\">Resolucao n\u00ba 28\/13 COPLAD<\/a><\/p>\n<h2><strong><br \/>\nTermo de Portabilidade:<\/strong><\/h2>\n<p>Para tirar um bem das depend\u00eancias da institui\u00e7\u00e3o deve-se preencher Termo de Portabilidade, que \u00e9 uma autoriza\u00e7\u00e3o do seu superior imediato para que voc\u00ea possa portar o bem.\u00a0O\u00a0<span id=\"DWT219\" class=\"ZmSearchResult\">Termo<\/span>\u00a0<span id=\"DWT221\" class=\"ZmSearchResult\">de<\/span>\u00a0Portabilida<span id=\"DWT223\" class=\"ZmSearchResult\">de<\/span>\u00a0\u00e9 o documento que d\u00e1 respaldo legal ao servidor que est\u00e1 em tr\u00e2nsito com um bem m\u00f3vel\u00a0<span id=\"DWT225\" class=\"ZmSearchResult\">de<\/span>\u00a0car\u00e1<span id=\"OBJ_PREFIX_DWT226_com_zimbra_date\" class=\"Object\">ter<\/span>\u00a0permanente pertencente ao acervo da unida<span id=\"DWT228\" class=\"ZmSearchResult\">de<\/span>\u00a0e da UFPR. Esse documento \u00e9 nato digital e disponibilizado para preenchimento no SEI.<\/p>\n<ul>\n<li>Os\u00a0<span id=\"DWT191\" class=\"ZmSearchResult\">Termo<\/span>s\u00a0<span id=\"DWT193\" class=\"ZmSearchResult\">de<\/span>\u00a0Portabilida<span id=\"DWT195\" class=\"ZmSearchResult\">de<\/span>\u00a0<span id=\"DWT197\" class=\"ZmSearchResult\">de<\/span>ver\u00e3o ser encaminhados via abertura\u00a0<span id=\"DWT199\" class=\"ZmSearchResult\">de<\/span>\u00a0Processo no Sistema SEI, colhidas as assinaturas do Diretor\/Chefe\/Coordenador, o respons\u00e1vel pelo bem e enviado para DPA que assinar\u00e1 dando ci\u00eancia e retornar\u00e1 o processo \u00e0 unida<span id=\"DWT201\" class=\"ZmSearchResult\">de<\/span>\u00a0<span id=\"DWT203\" class=\"ZmSearchResult\">de<\/span>\u00a0origem.<\/li>\n<li>O processo que ser\u00e1 aberto referente ao Termo de Portabilidade, ser\u00e1 \u00fanico por unidade\/setor.<\/li>\n<li>Cada vez que houver uma emiss\u00e3o de T<span id=\"DWT205\" class=\"ZmSearchResult\">ermo<\/span>\u00a0de Portabilidade, dever\u00e1 ser inserido no mesmo processo, novo documento com o novo\u00a0<span id=\"DWT207\" class=\"ZmSearchResult\">termo (u<\/span>m \u00fanico processo para todos os\u00a0<span id=\"DWT209\" class=\"ZmSearchResult\">termo<\/span>s emitidos)<\/li>\n<li>O processo ser\u00e1 anual, encerrando-se no fim do exerc\u00edcio de sua cria\u00e7\u00e3o, para iniciarmos outro em janeiro com um novo processo, e assim, sucessivamente.<\/li>\n<\/ul>\n<p>Para abertura de processo:<\/p>\n<ol>\n<li>Patrim\u00f4nio: Solicita\u00e7\u00e3o Portabilidade\/Transfer\u00eancia de Carga Patrimonial\/Invent\u00e1rio.<\/li>\n<li>Incluir documento.<\/li>\n<li>Escolha o tipo do documento.<\/li>\n<li>DPA: Termo de Portabilidade.<\/li>\n<\/ol>\n","protected":false},"excerpt":{"rendered":"<p>Transfer\u00eancia: As transfer\u00eancias de responsabilidade de bens permanentes s\u00f3 podem ser feitas pelo Sistema SAP\/WEB: O Sistema SAP\/WEB est\u00e1 dispon\u00edvel na intranet \u2013\u00a0http:\/\/www.intranet.ufpr.br\/intranet\/ \u2013 Roteiro para Transfer\u00eancia de Bens pelo SAP; Somente a Subcomiss\u00e3o de Patrim\u00f4nio tem acesso ao Sistema SAP\/WEB; Deve-se Procurar a Subcomiss\u00e3o de Patrim\u00f4nio do seu Setor e pedir que um dos [&hellip;]<\/p>\n","protected":false},"author":1759,"featured_media":0,"parent":34,"menu_order":0,"comment_status":"closed","ping_status":"closed","template":"","meta":{"footnotes":""},"class_list":["post-100","page","type-page","status-publish","hentry"],"_links":{"self":[{"href":"https:\/\/proad.ufpr.br\/delog\/wp-json\/wp\/v2\/pages\/100","targetHints":{"allow":["GET"]}}],"collection":[{"href":"https:\/\/proad.ufpr.br\/delog\/wp-json\/wp\/v2\/pages"}],"about":[{"href":"https:\/\/proad.ufpr.br\/delog\/wp-json\/wp\/v2\/types\/page"}],"author":[{"embeddable":true,"href":"https:\/\/proad.ufpr.br\/delog\/wp-json\/wp\/v2\/users\/1759"}],"replies":[{"embeddable":true,"href":"https:\/\/proad.ufpr.br\/delog\/wp-json\/wp\/v2\/comments?post=100"}],"version-history":[{"count":9,"href":"https:\/\/proad.ufpr.br\/delog\/wp-json\/wp\/v2\/pages\/100\/revisions"}],"predecessor-version":[{"id":2279,"href":"https:\/\/proad.ufpr.br\/delog\/wp-json\/wp\/v2\/pages\/100\/revisions\/2279"}],"up":[{"embeddable":true,"href":"https:\/\/proad.ufpr.br\/delog\/wp-json\/wp\/v2\/pages\/34"}],"wp:attachment":[{"href":"https:\/\/proad.ufpr.br\/delog\/wp-json\/wp\/v2\/media?parent=100"}],"curies":[{"name":"wp","href":"https:\/\/api.w.org\/{rel}","templated":true}]}}