{"id":6,"date":"2011-02-23T09:42:59","date_gmt":"2011-02-23T12:42:59","guid":{"rendered":"https:\/\/proad.ufpr.br\/centran\/"},"modified":"2015-06-19T13:22:50","modified_gmt":"2015-06-19T16:22:50","slug":"solicitacoes-de-veiculos","status":"publish","type":"page","link":"https:\/\/proad.ufpr.br\/centran\/sobre\/solicitacoes-de-veiculos\/","title":{"rendered":"Solicita\u00e7\u00f5es de Ve\u00edculos"},"content":{"rendered":"<p style=\"text-align: justify\">Outras unidades que n\u00e3o possuem servi\u00e7o pr\u00f3prio de transporte podem solicitar servi\u00e7os de transporte que ser\u00e3o atendidos conforme a disponibilidade e respeitando a <a href=\"https:\/\/proad.ufpr.br\/centran\/files\/2011\/02\/resolucao_coplad_28_09.pdf\">Resolu\u00e7\u00e3o COPLAD 28\/2009<\/a>.<\/p>\n<p style=\"text-align: justify\">O acesso ao sistema (<a title=\"Atalho para a Intranet\" href=\"https:\/\/www.intranet.ufpr.br\/intranet\/public\/principal.action\" target=\"_blank\">SICONF<\/a>) de solicita\u00e7\u00f5es \u00e9 <strong>restrito aos servidores da UFPR<\/strong>.<\/p>\n<p style=\"text-align: justify\">A resolu\u00e7\u00e3o prev\u00ea 5 (cinco) principais tipos de solicita\u00e7\u00f5es:<\/p>\n<p style=\"text-align: justify\"><strong>1. Aula Pr\u00e1tica<\/strong><\/p>\n<p style=\"text-align: justify\"><strong>2. Projeto\/Pesquisa<\/strong><\/p>\n<p style=\"text-align: justify\"><strong>3. Sa\u00edda de Servidor<\/strong><\/p>\n<p style=\"text-align: justify\"><strong>4. Evento<\/strong><\/p>\n<p style=\"text-align: justify\"><strong>5. Transporte de Cargas<\/strong><\/p>\n<p style=\"text-align: justify\"><span style=\"color: #000000\"><span style=\"font-family: Arial,sans-serif\"><span style=\"font-size: small\">Desde abril de 2014 o CCE disponibilizou para os servidores da UFPR o Sistema de Controle de Frota (SICONF), desenvolvido com o intuito de gerenciar as solicita\u00e7\u00f5es de ve\u00edculos, que at\u00e9 ent\u00e3o eram feitas por meio de formul\u00e1rio impresso enviado \u00e0 Centran. Com a implanta\u00e7\u00e3o do SICONF, todos os pedidos devem ser efetuados exclusivamente pela internet, o que proporcionar\u00e1 maior agilidade, facilidade e transpar\u00eancia aos usu\u00e1rios.<\/span><\/span><\/span><\/p>\n<p style=\"text-align: justify\"><span style=\"color: #000000\"><span style=\"font-family: Courier New,monospace\"><span style=\"font-size: x-small\"><span style=\"font-family: Arial,sans-serif\"><span style=\"font-size: small\">Na p\u00e1gina inicial do sistema, os usu\u00e1rios encontram dois documentos de leitura recomend\u00e1vel. Um manual sobre como fazer solicita\u00e7\u00f5es de transporte e a Resoluc\u00e3o 28\/09, do Conselho de Planejamento e Administra\u00e7\u00e3o (Coplad), que regulamenta a utiliza\u00e7\u00e3o de ve\u00edculos oficiais.<\/span><\/span><\/span><\/span><\/span><\/p>\n<p style=\"text-align: justify\"><span style=\"color: #000000\"><span style=\"font-family: Courier New,monospace\"><span style=\"font-size: x-small\"><span style=\"font-family: Arial,sans-serif\"><span style=\"font-size: small\">Para ter acesso \u00e0s funcionalidades da Intranet\/UFPR, entre elas o SICONF, o usu\u00e1rio deve utilizar seu login e senha<\/span><\/span><span style=\"font-family: Arial,sans-serif\"><span style=\"font-size: small\">. O link para acesso ao <a title=\"Atalho para a Intranet\" href=\"https:\/\/www.intranet.ufpr.br\/intranet\/public\/principal.action\" target=\"_blank\">SICONF<\/a> aparece abaixo da foto do servidor, na lista de sistemas dispon\u00edveis.<\/span><\/span><\/span><\/span><\/span><\/p>\n<p>&nbsp;<\/p>\n","protected":false},"excerpt":{"rendered":"<p>Outras unidades que n\u00e3o possuem servi\u00e7o pr\u00f3prio de transporte podem solicitar servi\u00e7os de transporte que ser\u00e3o atendidos conforme a disponibilidade e respeitando a Resolu\u00e7\u00e3o COPLAD 28\/2009. O acesso ao sistema (SICONF) de solicita\u00e7\u00f5es \u00e9 restrito aos servidores da UFPR. A resolu\u00e7\u00e3o prev\u00ea 5 (cinco) principais tipos de solicita\u00e7\u00f5es: 1. Aula Pr\u00e1tica 2. Projeto\/Pesquisa 3. Sa\u00edda [&hellip;]<\/p>\n","protected":false},"author":3,"featured_media":0,"parent":2,"menu_order":0,"comment_status":"closed","ping_status":"closed","template":"","meta":{"ngg_post_thumbnail":0,"footnotes":""},"class_list":["post-6","page","type-page","status-publish","hentry"],"_links":{"self":[{"href":"https:\/\/proad.ufpr.br\/centran\/wp-json\/wp\/v2\/pages\/6","targetHints":{"allow":["GET"]}}],"collection":[{"href":"https:\/\/proad.ufpr.br\/centran\/wp-json\/wp\/v2\/pages"}],"about":[{"href":"https:\/\/proad.ufpr.br\/centran\/wp-json\/wp\/v2\/types\/page"}],"author":[{"embeddable":true,"href":"https:\/\/proad.ufpr.br\/centran\/wp-json\/wp\/v2\/users\/3"}],"replies":[{"embeddable":true,"href":"https:\/\/proad.ufpr.br\/centran\/wp-json\/wp\/v2\/comments?post=6"}],"version-history":[{"count":26,"href":"https:\/\/proad.ufpr.br\/centran\/wp-json\/wp\/v2\/pages\/6\/revisions"}],"predecessor-version":[{"id":16,"href":"https:\/\/proad.ufpr.br\/centran\/wp-json\/wp\/v2\/pages\/6\/revisions\/16"}],"up":[{"embeddable":true,"href":"https:\/\/proad.ufpr.br\/centran\/wp-json\/wp\/v2\/pages\/2"}],"wp:attachment":[{"href":"https:\/\/proad.ufpr.br\/centran\/wp-json\/wp\/v2\/media?parent=6"}],"curies":[{"name":"wp","href":"https:\/\/api.w.org\/{rel}","templated":true}]}}