{"id":161,"date":"2011-04-05T11:24:13","date_gmt":"2011-04-05T14:24:13","guid":{"rendered":"https:\/\/proad.ufpr.br\/centran\/"},"modified":"2018-03-09T10:21:37","modified_gmt":"2018-03-09T13:21:37","slug":"horarios-de-saida","status":"publish","type":"page","link":"https:\/\/proad.ufpr.br\/centran\/horarios-de-saida\/","title":{"rendered":"Transporte de Cargas para o interior"},"content":{"rendered":"<h2>Palotina &#8211; Jandaia &#8211; Toledo<\/h2>\n<p>&nbsp;<\/p>\n<p>Carrega quinzenalmente \u00e0s Ter\u00e7as-Feiras com sa\u00eddas as Quartas-Feiras.<\/p>\n<p>Favor ligar para a agendamento da CENTRAN (3350-5762) na Segunda-Feira anterior ao carregamento para confirmar sa\u00edda do ve\u00edculo.<\/p>\n<p>A viagem \u00e9 cancelada caso n\u00e3o haja demanda.<\/p>\n","protected":false},"excerpt":{"rendered":"<p>Palotina &#8211; Jandaia &#8211; Toledo &nbsp; Carrega quinzenalmente \u00e0s Ter\u00e7as-Feiras com sa\u00eddas as Quartas-Feiras. Favor ligar para a agendamento da CENTRAN (3350-5762) na Segunda-Feira anterior ao carregamento para confirmar sa\u00edda do ve\u00edculo. A viagem \u00e9 cancelada caso n\u00e3o haja demanda.<\/p>\n","protected":false},"author":3,"featured_media":0,"parent":0,"menu_order":0,"comment_status":"closed","ping_status":"closed","template":"","meta":{"ngg_post_thumbnail":0,"footnotes":""},"class_list":["post-161","page","type-page","status-publish","hentry"],"_links":{"self":[{"href":"https:\/\/proad.ufpr.br\/centran\/wp-json\/wp\/v2\/pages\/161","targetHints":{"allow":["GET"]}}],"collection":[{"href":"https:\/\/proad.ufpr.br\/centran\/wp-json\/wp\/v2\/pages"}],"about":[{"href":"https:\/\/proad.ufpr.br\/centran\/wp-json\/wp\/v2\/types\/page"}],"author":[{"embeddable":true,"href":"https:\/\/proad.ufpr.br\/centran\/wp-json\/wp\/v2\/users\/3"}],"replies":[{"embeddable":true,"href":"https:\/\/proad.ufpr.br\/centran\/wp-json\/wp\/v2\/comments?post=161"}],"version-history":[{"count":39,"href":"https:\/\/proad.ufpr.br\/centran\/wp-json\/wp\/v2\/pages\/161\/revisions"}],"predecessor-version":[{"id":599,"href":"https:\/\/proad.ufpr.br\/centran\/wp-json\/wp\/v2\/pages\/161\/revisions\/599"}],"wp:attachment":[{"href":"https:\/\/proad.ufpr.br\/centran\/wp-json\/wp\/v2\/media?parent=161"}],"curies":[{"name":"wp","href":"https:\/\/api.w.org\/{rel}","templated":true}]}}