{"id":12,"date":"2011-02-23T09:46:40","date_gmt":"2011-02-23T12:46:40","guid":{"rendered":"https:\/\/proad.ufpr.br\/centran\/"},"modified":"2018-03-09T10:34:50","modified_gmt":"2018-03-09T13:34:50","slug":"abastecimentos","status":"publish","type":"page","link":"https:\/\/proad.ufpr.br\/centran\/sobre\/abastecimentos\/","title":{"rendered":"Abastecimentos"},"content":{"rendered":"<p style=\"text-align: justify\">Servi\u00e7o de abastecimento dos ve\u00edculos da UFPR:<\/p>\n<p style=\"text-align: justify\">Os abastecimentos s\u00e3o externos e efetuados atrav\u00e9s de empresa contratada (Ticket Log) para gest\u00e3o de rede credenciada.<\/p>\n<p style=\"text-align: justify\">Os motoristas autorizados, efetuam os abastecimentos com cart\u00f5es magn\u00e9ticos fornecidos para cada ve\u00edculo. A CENTRAN acompanha e gerencia, em tempo real, quaisquer transa\u00e7\u00f5es mediante sistema informatizado.<\/p>\n","protected":false},"excerpt":{"rendered":"<p>Servi\u00e7o de abastecimento dos ve\u00edculos da UFPR: Os abastecimentos s\u00e3o externos e efetuados atrav\u00e9s de empresa contratada (Ticket Log) para gest\u00e3o de rede credenciada. Os motoristas autorizados, efetuam os abastecimentos com cart\u00f5es magn\u00e9ticos fornecidos para cada ve\u00edculo. A CENTRAN acompanha e gerencia, em tempo real, quaisquer transa\u00e7\u00f5es mediante sistema informatizado.<\/p>\n","protected":false},"author":3,"featured_media":0,"parent":2,"menu_order":0,"comment_status":"closed","ping_status":"closed","template":"","meta":{"ngg_post_thumbnail":0,"footnotes":""},"class_list":["post-12","page","type-page","status-publish","hentry"],"_links":{"self":[{"href":"https:\/\/proad.ufpr.br\/centran\/wp-json\/wp\/v2\/pages\/12","targetHints":{"allow":["GET"]}}],"collection":[{"href":"https:\/\/proad.ufpr.br\/centran\/wp-json\/wp\/v2\/pages"}],"about":[{"href":"https:\/\/proad.ufpr.br\/centran\/wp-json\/wp\/v2\/types\/page"}],"author":[{"embeddable":true,"href":"https:\/\/proad.ufpr.br\/centran\/wp-json\/wp\/v2\/users\/3"}],"replies":[{"embeddable":true,"href":"https:\/\/proad.ufpr.br\/centran\/wp-json\/wp\/v2\/comments?post=12"}],"version-history":[{"count":12,"href":"https:\/\/proad.ufpr.br\/centran\/wp-json\/wp\/v2\/pages\/12\/revisions"}],"predecessor-version":[{"id":601,"href":"https:\/\/proad.ufpr.br\/centran\/wp-json\/wp\/v2\/pages\/12\/revisions\/601"}],"up":[{"embeddable":true,"href":"https:\/\/proad.ufpr.br\/centran\/wp-json\/wp\/v2\/pages\/2"}],"wp:attachment":[{"href":"https:\/\/proad.ufpr.br\/centran\/wp-json\/wp\/v2\/media?parent=12"}],"curies":[{"name":"wp","href":"https:\/\/api.w.org\/{rel}","templated":true}]}}