{"id":9,"date":"2017-08-17T15:27:29","date_gmt":"2017-08-17T18:27:29","guid":{"rendered":"https:\/\/proad.ufpr.br\/almoxarifado\/?page_id=9"},"modified":"2024-04-04T08:33:41","modified_gmt":"2024-04-04T11:33:41","slug":"18002-2","status":"publish","type":"page","link":"https:\/\/proad.ufpr.br\/almoxarifado\/18002-2\/","title":{"rendered":"Apresenta\u00e7\u00e3o"},"content":{"rendered":"<p><strong>Sobre as centrais de recebimento, almoxarifados e dep\u00f3sitos da Universidade Federal do Paran\u00e1 em 2018<\/strong><\/p>\n<p>A\u00a0\u00a0<a href=\"https:\/\/proad.ufpr.br\/almoxarifado\/files\/2017\/08\/Delog-PRA-Coplad-3517.pdf\" target=\"_blank\" rel=\"noopener\">Resolu\u00e7\u00e3o n. 035\/2017 Coplad<\/a>\u00a0alterou a organiza\u00e7\u00e3o administrativa da Pr\u00f3-Reitoria de Administra\u00e7\u00e3o da Universidade Federal do Paran\u00e1 e extinguiu o Departamento de Servi\u00e7os Gerais dando nova configura\u00e7\u00e3o estrat\u00e9gica para as suas unidades administrativas.<br \/>\nEssa medida foi necess\u00e1ria para otimizar processos de contrata\u00e7\u00f5es, dar maior fluidez ao andamento dos processos de aquisi\u00e7\u00f5es em suas diversas etapas desde o planejamento at\u00e9 a fiscaliza\u00e7\u00e3o de sua execu\u00e7\u00e3o. Tamb\u00e9m ajudou na mitiga\u00e7\u00e3o dos riscos inerentes ao processo de compras. Tamb\u00e9m ampliou o escopo de atua\u00e7\u00e3o da gest\u00e3o de suprimentos para todas as unidades or\u00e7ament\u00e1rias da UFPR.<\/p>\n<p><strong>Em 27\/11\/2017 o Departamento de Log\u00edstica (Delog\/PRA) passou a ser composto pelas seguintes unidades:<\/strong><br \/>\n<strong>* Divis\u00e3o de Suprimentos (DSUPRI), que inclu\u00eda as Se\u00e7\u00f5es do Almoxarifado Central, a Se\u00e7\u00e3o de Materiais e a Se\u00e7\u00e3o de Produtos Qu\u00edmicos Controlados.<\/strong><br \/>\n* Divis\u00e3o de Patrim\u00f4nio (DPA).<br \/>\n* Divis\u00e3o Or\u00e7ament\u00e1ria e Controle (DOC).<br \/>\n* Divis\u00e3o de Teleatendimento, Protocolo e Arquivo Geral (DTPAG).<br \/>\n* Divis\u00e3o de Acompanhamento e Avalia\u00e7\u00e3o de Servi\u00e7os Terceirizados (DAAST).<\/p>\n<p><strong>As atribui\u00e7\u00f5es do DSUPRI foram definidas no artigo quinto:<\/strong><br \/>\nI &#8211; planejar a abertura de processos licitat\u00f3rios para aquisi\u00e7\u00e3o de bens de consumo de uso comum para todas as unidades da UFPR (Se\u00e7\u00e3o de Materiais);<br \/>\nII &#8211; receber, armazenar e distribuir materiais de consumo de uso comum \u00e0s demais unidades da universidade (Se\u00e7\u00e3o de Dep\u00f3sito);<br \/>\nIII &#8211; controlar estoque e saldos financeiros por unidade por meio de emiss\u00e3o de relat\u00f3rios mensais anuais (Se\u00e7\u00e3o de Materiais e Se\u00e7\u00e3o de Dep\u00f3sito);<br \/>\nIV &#8211; gerenciar as compras, estoques, recebimentos e distribui\u00e7\u00e3o de bens de consumo de uso comum e de expediente anuais, propondo constante otimiza\u00e7\u00e3o e redu\u00e7\u00e3o de custos de consumo e transporte;<br \/>\nV &#8211; assistir o Departamento de Licita\u00e7\u00f5es e Contrata\u00e7\u00f5es (DELIC) na elabora\u00e7\u00e3o do cronograma de compras anuais;<br \/>\nVI &#8211; aprimorar e padronizar as especifica\u00e7\u00f5es t\u00e9cnicas dos bens de consumo de uso comum adquiridos pela UFPR;<br \/>\nVII &#8211; estabelecer rotinas de recebimento, distribui\u00e7\u00e3o, invent\u00e1rio e presta\u00e7\u00e3o de contas mensais e anuais dos materiais de consumo nas unidades da UFPR;<br \/>\nVIII &#8211; promover a gest\u00e3o de produtos de consumo controlados pela Pol\u00edcia Federal, Ex\u00e9rcito Brasileiro, Anvisa, Pol\u00edcia Civil entre outros, no tocante ao cumprimento das exig\u00eancias legais, delegando responsabilidades e emitindo orienta\u00e7\u00f5es \u00e0s unidades da UFPR;<br \/>\nIX &#8211; realizar outras atividades inerentes, determinadas por seus superiores hier\u00e1rquicos.<\/p>\n<p>Est\u00e3o subordinados \u00e0 Divis\u00e3o de Suprimentos (DSUPRI): a) Se\u00e7\u00e3o de Materiais, b) Dep\u00f3sito do Almoxarifado Central Delog, c) Se\u00e7\u00e3o de Produtos Controlados.<\/p>\n<p style=\"text-align: center\"><a href=\"https:\/\/proad.ufpr.br\/almoxarifado\/files\/2017\/08\/Delog-PRA-Coplad-3517.pdf\"><strong>Acesso \u00e0 Resolu\u00e7\u00e3o n. 035\/2017 Coplad.<\/strong><\/a><\/p>\n<p><strong>No ano de 2020 a Divis\u00e3o de Suprimentos passou a se chamar Unidade de Suprimentos, vinculada \u00e0 Coordenadoria de Log\u00edstica da PRA. Est\u00e1 subordinada \u00e0 Unidade de Suprimentos a Se\u00e7\u00e3o de Almoxarifado. (Almoxarifado Central &#8211; 153661).<\/strong><\/p>\n<p>&nbsp;<\/p>\n<hr \/>\n<p>A Gest\u00e3o de Suprimentos da UFPR \u00e9 realizada pelo Departamento de Log\u00edstica da Pr\u00f3-Reitoria de Administra\u00e7\u00e3o (Delog\/PRA) desde maio de 2017. O cat\u00e1logo de materiais \u00e9 composto por mais de 5.000 itens (<a href=\"https:\/\/pt.wikipedia.org\/wiki\/Stock_Keeping_Unit\" target=\"_blank\" rel=\"noopener\">SKU<\/a>) que podem ser acessados nos editais de preg\u00e3o eletr\u00f4nico, nas Atas de Registro de Pre\u00e7os ou nos Contratos.<\/p>\n<p>Conforme o <a href=\"http:\/\/www.proplan.ufpr.br\/legislacao\/\" target=\"_blank\" rel=\"noopener\">Ato Or\u00e7ament\u00e1rio anual<\/a>, cada unidade or\u00e7ament\u00e1ria da UFPR \u00e9 respons\u00e1vel pelo recebimento, armazenagem e distribui\u00e7\u00e3o de materiais de consumo de forma descentralizada. Cada almoxarifado setorial est\u00e1 obrigado a prestar contas mensais de sua gest\u00e3o de estoques (entradas, transfer\u00eancias, sa\u00eddas).<\/p>\n<p>As compras da UFPR s\u00e3o realizadas por <a href=\"https:\/\/proad.ufpr.br\/licitacoes\/\" target=\"_blank\" rel=\"noopener\">licita\u00e7\u00e3o\u00a0<\/a>com o objetivo de adquirir os insumos necess\u00e1rios \u00e0s atividades de pesquisa, extens\u00e3o, ensino e gest\u00e3o administrativa. Estas aquisi\u00e7\u00f5es s\u00e3o feitas, principalmente por meio do <a href=\"http:\/\/www.planalto.gov.br\/ccivil_03\/_ato2011-2014\/2013\/decreto\/d7892.htm\" target=\"_blank\" rel=\"noopener\">Sistema de Registro de Pre\u00e7os<\/a> no <a href=\"http:\/\/www.comprasgovernamentais.gov.br\/index.php\/comprasnet-siasg\" target=\"_blank\" rel=\"noopener\">Sistema Comprasnet<\/a>, porque n\u00e3o se conhece, com anteced\u00eancia, quando e quanto ser\u00e1 comprado de determinado produto para algum setor da UFPR.<\/p>\n<p>As entregas s\u00e3o descentralizadas em cada unidade, sendo o frete uma das despesas inclusas no pre\u00e7o dos produtos licitados. Cada uma das unidades \u00e9 respons\u00e1vel pelo acompanhamento das entregas e pelo cumprimento das exig\u00eancias dos contratos ou Atas de Registro de Pre\u00e7os.<\/p>\n<p>Cabe aos almoxarifes setoriais o controle das entradas, transfer\u00eancias e sa\u00eddas e a presta\u00e7\u00e3o de contas mensais junto ao Departamento de Contabilidade e Finan\u00e7as da <a href=\"http:\/\/www.proplan.ufpr.br\/\" target=\"_blank\" rel=\"noopener\">Proplan<\/a> e ao Departamento de Log\u00edstica da <a href=\"https:\/\/proad.ufpr.br\/\" target=\"_blank\" rel=\"noopener\">PRA<\/a>. Cada almoxarifado possui uma voca\u00e7\u00e3o pr\u00f3pria em seu cat\u00e1logo de materiais: reagentes, medicamentos, material de constru\u00e7\u00e3o, ra\u00e7\u00e3o, etc. Muitas entregas s\u00e3o feitas diretamente ao setor que utiliza o produto.<\/p>\n<p>Al\u00e9m de fazer as transfer\u00eancias de produtos para os almoxarifados setoriais, a fun\u00e7\u00e3o do Almoxarifado Central \u00e9 gerenciar um cat\u00e1logo com 500 itens de consumo de uso comum pelas diversas unidades or\u00e7ament\u00e1rias da UFPR, quando houver economia de escala e economicidade na gest\u00e3o de estoques. Os demais 4.500 itens s\u00e3o gerenciados diretamente pelos almoxarifados das demais unidades or\u00e7ament\u00e1rias por menor custo de armazenagem e de transporte.<\/p>\n<p>Essa rede de almoxarifados setoriais da UFPR \u00e9 coordenada pelo Departamento de Log\u00edstica (Delog\/PRA), por meio da Gest\u00e3o de Suprimentos, que recebe as informa\u00e7\u00f5es da gest\u00e3o dos estoques de todos os almoxarifados da universidade para identificar e promover melhorias cont\u00ednuas. Assim, cada almoxarifado \u00e9 respons\u00e1vel por enviar mensalmente as informa\u00e7\u00f5es para o Departamento de Contabilidade e Finan\u00e7as, em sintonia com os Relat\u00f3rios de Movimenta\u00e7\u00e3o de Almoxarifados Setoriais (RMA) enviados pelos or\u00e7ament\u00e1rios setoriais.<\/p>\n<p>No ano de 2020 o Departamento de Log\u00edstica passou a se chamar Coordenadoria Log\u00edstica e a Divis\u00e3o de Suprimentos passou a se chamar Unidade de Suprimentos, mantendo o desenvolvimento de todas as fun\u00e7\u00f5es anteriores.<\/p>\n<p>A contabilidade da Universidade Federal do Paran\u00e1, no exerc\u00edcio de 2017, dever\u00e1 se basear na 7\u00aa edi\u00e7\u00e3o do <a href=\"http:\/\/bit.ly\/2uQi6ca\" target=\"_blank\" rel=\"noopener\">Manual de Contabilidade Aplicada ao Setor P\u00fablico (MCASP)<\/a>, em que afirma que os\u00a0estoques devem ser mensurados pelo valor de custo hist\u00f3rico ou pelo valor realiz\u00e1vel l\u00edquido,<br \/>\ndos dois o menor, exceto: \u00a0a) Os estoques adquiridos por meio de transa\u00e7\u00e3o sem contrapresta\u00e7\u00e3o, que devem ser mensurados pelo seu valor justo na data da aquisi\u00e7\u00e3o;\u00a0b) Os bens de almoxarifado, que devem ser mensurados pelo pre\u00e7o m\u00e9dio ponderado das compras, em conformidade com o inciso III do art. 106 da <a href=\"http:\/\/www.planalto.gov.br\/ccivil_03\/leis\/L4320.htm\" target=\"_blank\" rel=\"noopener\">Lei 4.320\/1964<\/a>.<\/p>\n<p><em>Denise Regina Zanatta Costa<\/em><\/p>\n<p><em>Coordenadora da Coordenadoria Log\u00edstica (CLOG\/PRA)<\/em><\/p>\n<hr \/>\n<p style=\"text-align: center\">\n","protected":false},"excerpt":{"rendered":"<p>Sobre as centrais de recebimento, almoxarifados e dep\u00f3sitos da Universidade Federal do Paran\u00e1 em 2018 A\u00a0\u00a0Resolu\u00e7\u00e3o n. 035\/2017 Coplad\u00a0alterou a organiza\u00e7\u00e3o administrativa da Pr\u00f3-Reitoria de Administra\u00e7\u00e3o da Universidade Federal do Paran\u00e1 e extinguiu o Departamento de Servi\u00e7os Gerais dando nova configura\u00e7\u00e3o estrat\u00e9gica para as suas unidades administrativas. Essa medida foi necess\u00e1ria para otimizar processos de [&hellip;]<\/p>\n","protected":false},"author":1759,"featured_media":0,"parent":0,"menu_order":0,"comment_status":"closed","ping_status":"closed","template":"page-catalogo.php","meta":{"footnotes":""},"class_list":["post-9","page","type-page","status-publish","hentry"],"_links":{"self":[{"href":"https:\/\/proad.ufpr.br\/almoxarifado\/wp-json\/wp\/v2\/pages\/9","targetHints":{"allow":["GET"]}}],"collection":[{"href":"https:\/\/proad.ufpr.br\/almoxarifado\/wp-json\/wp\/v2\/pages"}],"about":[{"href":"https:\/\/proad.ufpr.br\/almoxarifado\/wp-json\/wp\/v2\/types\/page"}],"author":[{"embeddable":true,"href":"https:\/\/proad.ufpr.br\/almoxarifado\/wp-json\/wp\/v2\/users\/1759"}],"replies":[{"embeddable":true,"href":"https:\/\/proad.ufpr.br\/almoxarifado\/wp-json\/wp\/v2\/comments?post=9"}],"version-history":[{"count":16,"href":"https:\/\/proad.ufpr.br\/almoxarifado\/wp-json\/wp\/v2\/pages\/9\/revisions"}],"predecessor-version":[{"id":2216,"href":"https:\/\/proad.ufpr.br\/almoxarifado\/wp-json\/wp\/v2\/pages\/9\/revisions\/2216"}],"wp:attachment":[{"href":"https:\/\/proad.ufpr.br\/almoxarifado\/wp-json\/wp\/v2\/media?parent=9"}],"curies":[{"name":"wp","href":"https:\/\/api.w.org\/{rel}","templated":true}]}}