{"id":47,"date":"2017-08-17T15:44:06","date_gmt":"2017-08-17T18:44:06","guid":{"rendered":"https:\/\/proad.ufpr.br\/almoxarifado\/?page_id=47"},"modified":"2025-05-28T10:49:01","modified_gmt":"2025-05-28T13:49:01","slug":"jurisprudencia","status":"publish","type":"page","link":"https:\/\/proad.ufpr.br\/almoxarifado\/jurisprudencia\/","title":{"rendered":"Documentos e Jurisprud\u00eancia"},"content":{"rendered":"<hr \/>\n<p><a href=\"https:\/\/sei.ufpr.br\/sei\/web\/controlador.php?acao=procedimento_trabalhar&amp;id_procedimento=7973346&amp;id_documento=7982960\">Resolu\u00e7\u00e3o n\u00b0 20\/24 &#8211; COPLAD<\/a> que fixa o Regimento da Reitoria da Universidade Federal do Paran\u00e1, em 17 de dezembro de 2024 (SEI 23075.<span data-teams=\"true\">073451\/2024-73).<\/span><\/p>\n<p><a href=\"https:\/\/drive.google.com\/file\/d\/1znPLIB3Pu2fHahVJtdEqg1xuDWe9Wtd-\/view?usp=sharing\">Instru\u00e7\u00e3o Normativa 001\/2025 \u2013 SULOG\u00a0<\/a>\u2013\u00a0Estabelece procedimentos para aquisi\u00e7\u00e3o, armazenamento e controle de Produtos Qu\u00edmicos Controlados\u00a0pelo Ex\u00e9rcito Brasileiro, Pol\u00edcia Federal e Pol\u00edcia Civil do PR, no \u00e2mbito da Universidade Federal do Paran\u00e1.<\/p>\n<p><a href=\"https:\/\/proad.ufpr.br\/almoxarifado\/files\/2017\/08\/OS_conjunta_DCFdelog_0022017_projetos.pdf\" target=\"_blank\" rel=\"noopener\">Ordem de Servi\u00e7o Conjunta <\/a> n. 002\/2017 PRA\/Proplan &#8211; sobre tombamento de bens adquiridos por projetos na UFPR<\/p>\n<p><a href=\"https:\/\/proad.ufpr.br\/almoxarifado\/files\/2017\/08\/Ordem_de_Servico_0092017_PRA.pdf\" target=\"_blank\" rel=\"noopener\">Ordem de Servi\u00e7o<\/a> n. 009\/2017 PRA &#8211; estabelece os procedimentos para aquisi\u00e7\u00e3o de bens por preg\u00e3o eletr\u00f4nico na UFPR.<\/p>\n<p><a href=\"https:\/\/proad.ufpr.br\/almoxarifado\/files\/2017\/08\/Ordem_de_Servico_0082017_PRA.pdf\" target=\"_blank\" rel=\"noopener\">Ordem de Servi\u00e7o<\/a> n. 008\/2017 PRA &#8211; estabelece procedimentos e justificativa para registro de notas de empenho.<\/p>\n<p><a href=\"https:\/\/proad.ufpr.br\/almoxarifado\/files\/2017\/08\/Ordem_de_Servico_0052017_PRA.pdf\" target=\"_blank\" rel=\"noopener\">Ordem de Servi\u00e7o<\/a> n. 005\/2017 PRA &#8211; estabelece procedimentos para gest\u00e3o de materiais nas unidades da UFPR.<\/p>\n<p><a href=\"https:\/\/proad.ufpr.br\/almoxarifado\/files\/2017\/08\/Ordem_de-Servico_0072016_PRA_doacao.pdf\" target=\"_blank\" rel=\"noopener\">Ordem de Servi\u00e7o<\/a> n. 007\/2016 PRA &#8211; Disp\u00f5e sobre recebimento de doa\u00e7\u00f5es de material de consumo no \u00e2mbito da UFPR<\/p>\n<p><a href=\"https:\/\/proad.ufpr.br\/almoxarifado\/files\/2017\/08\/Ordem_de_Servico_0102015_PRA_carona.pdf\" target=\"_blank\" rel=\"noopener\">Ordem de Servi\u00e7o<\/a> n. 010\/2015 PRA &#8211; Procedimentos para aquisi\u00e7\u00f5es por Sistema de Registros de Pre\u00e7os promovidos por outros \u00f3rg\u00e3os da Administra\u00e7\u00e3o Federal (carona).<\/p>\n<p><a href=\"https:\/\/proad.ufpr.br\/almoxarifado\/files\/2017\/08\/Ordem_de_Servico_0052011_PRA_reciclaveis.pdf\" target=\"_blank\" rel=\"noopener\">Ordem de Servi\u00e7o<\/a> n. 005\/2011 PRA &#8211; Disp\u00f5e sobre o recolhimento de material recicl\u00e1vel em programa institucional e destina\u00e7\u00e3o para associa\u00e7\u00f5es de catadores.<\/p>\n<p><a href=\"http:\/\/www.soc.ufpr.br\/portal\/wp-content\/uploads\/2022\/04\/RESOLU%C3%87%C3%83O-N%C2%BA-12-22-COPLAD.pdf\">Resolu\u00e7\u00e3o n. 12\/2022 COPLAD<\/a> &#8211; Estabelece normas e procedimentos para a gest\u00e3o patrimonial dos semoventes pertencentes ao acervo da UFPR.<\/p>\n<hr \/>\n<p><strong>Acesso aos documentos e jurisprud\u00eancia para Gest\u00e3o de Estoques e Suprimentos:<\/strong><\/p>\n<p>O <a href=\"https:\/\/www.gov.br\/fnde\/pt-br\/acesso-a-informacao\/acoes-e-programas\/programas\/pdde\/media-pdde\/ManualdeContabilidadeAplicadaaoSetorPblico.9Edio2022.STN..pdf\"><strong>Manual de Contabilidade Aplicada ao Setor P\u00fablico (MCASP)<\/strong><\/a> visa colaborar com o processo de elabora\u00e7\u00e3o e execu\u00e7\u00e3o do or\u00e7amento, al\u00e9m de contribuir para resgatar o objeto da contabilidade como ci\u00eancia, que \u00e9 o patrim\u00f4nio. Com isso, a contabilidade poder\u00e1 atender a demanda de informa\u00e7\u00f5es requeridas por seus usu\u00e1rios, possibilitando a an\u00e1lise de demonstra\u00e7\u00f5es cont\u00e1beis adequadas aos padr\u00f5es internacionais, sob os enfoques or\u00e7ament\u00e1rio e patrimonial, com base em um Plano de Contas Nacional.\u00a0\u00a0Vide Estoques nas p\u00e1ginas 163 a 167.<\/p>\n<p>Acesso aos anexos e documentos relacionados &#8211; <a href=\"https:\/\/www.gov.br\/fnde\/pt-br\/acesso-a-informacao\/acoes-e-programas\/programas\/pdde\/media-pdde\/ManualdeContabilidadeAplicadaaoSetorPblico.9Edio2022.STN..pdf\">MCASP 9\u00aa Edi\u00e7\u00e3o<\/a>.<\/p>\n<p><a href=\"https:\/\/www.planalto.gov.br\/ccivil_03\/_Ato2023-2026\/2023\/Decreto\/D11462.htm#art40\"><span style=\"color: #000080\">Decreto 11.462\/2023<\/span><\/a>, que regulamenta o Sistema de Registro de Pre\u00e7os (SRP).<\/p>\n<p><span style=\"color: #ff9900\"><a href=\"https:\/\/proad.ufpr.br\/almoxarifado\/files\/2017\/08\/decreto-9203-2017-governanca.pdf\" target=\"_blank\" rel=\"noopener\">Decreto 9203\/2017<strong>,<\/strong><\/a><\/span>\u00a0que disp\u00f5e sobre a pol\u00edtica de governan\u00e7a da administra\u00e7\u00e3o p\u00fablica federal direta, aut\u00e1rquica e fundacional.<\/p>\n<p><em><a href=\"https:\/\/proad.ufpr.br\/almoxarifado\/files\/2017\/08\/Acordao_2345_2016.pdf\" target=\"_blank\" rel=\"noopener\">Ac\u00f3rd\u00e3o 2345\/2016 TCU<\/a><\/em><a href=\"https:\/\/proad.ufpr.br\/almoxarifado\/files\/2017\/08\/Acordao_2345_2016.pdf\" target=\"_blank\" rel=\"noopener\"> Plen\u00e1rio<\/a>, que disp\u00f5e sobre o Planejamento Anual das Aquisi\u00e7\u00f5es da Universidade Federal do Paran\u00e1.<\/p>\n<p><a href=\"http:\/\/www.planalto.gov.br\/ccivil_03\/_ato2019-2022\/2019\/decreto\/D10024.htm\">Decreto 10024\/2019<\/a>, que\u00a0Regulamenta a licita\u00e7\u00e3o, na modalidade preg\u00e3o, na forma eletr\u00f4nica, para a aquisi\u00e7\u00e3o de bens e a contrata\u00e7\u00e3o de servi\u00e7os comuns, inclu\u00eddos os servi\u00e7os comuns de engenharia, e disp\u00f5e sobre o uso da dispensa eletr\u00f4nica, no \u00e2mbito da administra\u00e7\u00e3o p\u00fablica federal.<\/p>\n<p><a href=\"https:\/\/www.planalto.gov.br\/ccivil_03\/_ato2015-2018\/2018\/decreto\/d9373.htm\">Decreto 9373\/2018<\/a>, que disp\u00f5e sobre a aliena\u00e7\u00e3o, a cess\u00e3o, a transfer\u00eancia, a destina\u00e7\u00e3o e a disposi\u00e7\u00e3o final ambientalmente adequadas de bens m\u00f3veis no \u00e2mbito da administra\u00e7\u00e3o p\u00fablica federal direta, aut\u00e1rquica e fundacional.<\/p>\n<p><a href=\"https:\/\/www.planalto.gov.br\/ccivil_03\/_Ato2019-2022\/2022\/Decreto\/D10936.htm#art91\"><span style=\"color: #000080\">Decreto 10.936\/2022<\/span><\/a>, que regulamenta a Lei 12305\/210 que institui a Pol\u00edtica Nacional de Res\u00edduos S\u00f3lidos, cria o Comit\u00ea Interministerial da Pol\u00edtica Nacional de Res\u00edduos S\u00f3lidos e o Comit\u00ea orientador para implanta\u00e7\u00e3o do Sistema de Log\u00edstica Reversa, e d\u00e1 outras provid\u00eancias.<\/p>\n<p><a href=\"http:\/\/www.comprasnet.gov.br\/legislacao\/in\/in205_88.htm\">Instru\u00e7\u00e3o Normativa 205\/1988<\/a> sobre gest\u00e3o de materiais no Governo Federal.<\/p>\n<hr \/>\n<p><strong><a href=\"https:\/\/proad.ufpr.br\/almoxarifado\/files\/2017\/11\/mc2017.pdf\" target=\"_blank\" rel=\"noopener\">Acesso<\/a> ao Manual de Compras UFPR 2017<\/strong><\/p>\n<p><strong><a href=\"https:\/\/proad.ufpr.br\/almoxarifado\/files\/2017\/08\/ebook_manual_gestao_materiais_2016.pdf\">Acesso<\/a> ao Manual de Gest\u00e3o de Materiais UFPR 2016<\/strong><\/p>\n","protected":false},"excerpt":{"rendered":"<p>Resolu\u00e7\u00e3o n\u00b0 20\/24 &#8211; COPLAD que fixa o Regimento da Reitoria da Universidade Federal do Paran\u00e1, em 17 de dezembro de 2024 (SEI 23075.073451\/2024-73). Instru\u00e7\u00e3o Normativa 001\/2025 \u2013 SULOG\u00a0\u2013\u00a0Estabelece procedimentos para aquisi\u00e7\u00e3o, armazenamento e controle de Produtos Qu\u00edmicos Controlados\u00a0pelo Ex\u00e9rcito Brasileiro, Pol\u00edcia Federal e Pol\u00edcia Civil do PR, no \u00e2mbito da Universidade Federal do Paran\u00e1. [&hellip;]<\/p>\n","protected":false},"author":1759,"featured_media":0,"parent":0,"menu_order":0,"comment_status":"closed","ping_status":"closed","template":"page-catalogo.php","meta":{"footnotes":""},"class_list":["post-47","page","type-page","status-publish","hentry"],"_links":{"self":[{"href":"https:\/\/proad.ufpr.br\/almoxarifado\/wp-json\/wp\/v2\/pages\/47","targetHints":{"allow":["GET"]}}],"collection":[{"href":"https:\/\/proad.ufpr.br\/almoxarifado\/wp-json\/wp\/v2\/pages"}],"about":[{"href":"https:\/\/proad.ufpr.br\/almoxarifado\/wp-json\/wp\/v2\/types\/page"}],"author":[{"embeddable":true,"href":"https:\/\/proad.ufpr.br\/almoxarifado\/wp-json\/wp\/v2\/users\/1759"}],"replies":[{"embeddable":true,"href":"https:\/\/proad.ufpr.br\/almoxarifado\/wp-json\/wp\/v2\/comments?post=47"}],"version-history":[{"count":64,"href":"https:\/\/proad.ufpr.br\/almoxarifado\/wp-json\/wp\/v2\/pages\/47\/revisions"}],"predecessor-version":[{"id":2756,"href":"https:\/\/proad.ufpr.br\/almoxarifado\/wp-json\/wp\/v2\/pages\/47\/revisions\/2756"}],"wp:attachment":[{"href":"https:\/\/proad.ufpr.br\/almoxarifado\/wp-json\/wp\/v2\/media?parent=47"}],"curies":[{"name":"wp","href":"https:\/\/api.w.org\/{rel}","templated":true}]}}