{"id":15,"date":"2017-08-17T15:28:12","date_gmt":"2017-08-17T18:28:12","guid":{"rendered":"https:\/\/proad.ufpr.br\/almoxarifado\/?page_id=15"},"modified":"2025-04-16T14:45:23","modified_gmt":"2025-04-16T17:45:23","slug":"contato","status":"publish","type":"page","link":"https:\/\/proad.ufpr.br\/almoxarifado\/contato\/","title":{"rendered":"Contato"},"content":{"rendered":"<p><strong>Unidade de Suprimentos (USUP\/COGES\/SULOG):<\/strong><\/p>\n<p>Rua Cora\u00e7\u00e3o de Maria, 92, Jardim Bot\u00e2nico, Curitiba &#8211; Paran\u00e1 &#8211; CEP 80.210-132<\/p>\n<p><span style=\"float: none;background-color: transparent;color: #333333;cursor: text;font-family: Georgia,'Times New Roman','Bitstream Charter',Times,serif;font-size: 16px;font-style: normal;font-variant: normal;font-weight: 400;letter-spacing: normal;line-height: 24px;text-align: left;text-decoration: none;text-indent: 0px\">Tel. (41) 3360-4335\/3360-4208 &#8211; Ramais 4335 e 4208<\/span><\/p>\n<p>E-mail: suprimentos@ufpr.br<\/p>\n<p>Hor\u00e1rio de Funcionamento da Unidade: das 8h \u00e0s 12h e das 13h \u00e0s 17h<\/p>\n<p>Hor\u00e1rio de Atendimento no Teletrabalho: das 8h \u00e0s 12h e das 13h \u00e0s 17h.<\/p>\n<p><strong>Sistema Eletr\u00f4nico de Informa\u00e7\u00f5es (SEI):<\/strong><\/p>\n<p>UFPR\/R\/SULOG\/COGES\/USUP &#8211; Unidade de Suprimentos<\/p>\n<p>UFPR\/R\/SULOG\/COGES\/USUP\/ALMOX &#8211; Almoxarifado Central<\/p>\n","protected":false},"excerpt":{"rendered":"<p>Unidade de Suprimentos (USUP\/COGES\/SULOG): Rua Cora\u00e7\u00e3o de Maria, 92, Jardim Bot\u00e2nico, Curitiba &#8211; Paran\u00e1 &#8211; CEP 80.210-132 Tel. (41) 3360-4335\/3360-4208 &#8211; Ramais 4335 e 4208 E-mail: suprimentos@ufpr.br Hor\u00e1rio de Funcionamento da Unidade: das 8h \u00e0s 12h e das 13h \u00e0s 17h Hor\u00e1rio de Atendimento no Teletrabalho: das 8h \u00e0s 12h e das 13h \u00e0s 17h. [&hellip;]<\/p>\n","protected":false},"author":1759,"featured_media":0,"parent":0,"menu_order":0,"comment_status":"closed","ping_status":"closed","template":"page-catalogo.php","meta":{"footnotes":""},"class_list":["post-15","page","type-page","status-publish","hentry"],"_links":{"self":[{"href":"https:\/\/proad.ufpr.br\/almoxarifado\/wp-json\/wp\/v2\/pages\/15","targetHints":{"allow":["GET"]}}],"collection":[{"href":"https:\/\/proad.ufpr.br\/almoxarifado\/wp-json\/wp\/v2\/pages"}],"about":[{"href":"https:\/\/proad.ufpr.br\/almoxarifado\/wp-json\/wp\/v2\/types\/page"}],"author":[{"embeddable":true,"href":"https:\/\/proad.ufpr.br\/almoxarifado\/wp-json\/wp\/v2\/users\/1759"}],"replies":[{"embeddable":true,"href":"https:\/\/proad.ufpr.br\/almoxarifado\/wp-json\/wp\/v2\/comments?post=15"}],"version-history":[{"count":22,"href":"https:\/\/proad.ufpr.br\/almoxarifado\/wp-json\/wp\/v2\/pages\/15\/revisions"}],"predecessor-version":[{"id":2678,"href":"https:\/\/proad.ufpr.br\/almoxarifado\/wp-json\/wp\/v2\/pages\/15\/revisions\/2678"}],"wp:attachment":[{"href":"https:\/\/proad.ufpr.br\/almoxarifado\/wp-json\/wp\/v2\/media?parent=15"}],"curies":[{"name":"wp","href":"https:\/\/api.w.org\/{rel}","templated":true}]}}